{"id":135972,"date":"2023-09-05T15:38:25","date_gmt":"2023-09-05T15:38:25","guid":{"rendered":"https:\/\/lighthouselocarno.ch\/prodotto\/grand-tapis-avec-broderie-petal\/"},"modified":"2025-05-23T12:54:46","modified_gmt":"2025-05-23T12:54:46","slug":"tapis-grand-avec-recette-petalo","status":"publish","type":"product","link":"https:\/\/lighthouselocarno.ch\/fr\/produit\/tapis-grand-avec-recette-petalo\/","title":{"rendered":"Tapis de salle de bain 60 x 90 avec broderie &lsquo;Petalo"},"content":{"rendered":"<p>Tapis rectangulaire en \u00e9ponge avec bordure en lin m\u00e9lang\u00e9.<br \/>\nBroderie \u00abp\u00e9tale\u00bb cousue sur tous les c\u00f4t\u00e9s.<br \/>\nDimensions : 60 x 90 cm.<br \/>\nTapis fabriqu\u00e9 en Italie \u00e0 partir de coton de haute qualit\u00e9 et rendu doux au toucher gr\u00e2ce \u00e0 des traitements sp\u00e9ciaux qui rehaussent l&rsquo;aspect naturel.<br \/>\nEn outre, l&rsquo;utilisation de teintures naturelles et hypoallerg\u00e9niques conf\u00e8re \u00e0 la fibre naturelle \u00e9clat et verve.<br \/>\nLa durabilit\u00e9 et la facilit\u00e9 d&rsquo;entretien ajoutent un plus \u00e0 votre choix.<br \/>\nId\u00e9al pour embellir votre salle de bains : seul ou associ\u00e9 \u00e0 des serviettes coordonn\u00e9es, pour cr\u00e9er des combinaisons originales \u00e0 chaque fois.<br \/>\nVeuillez consulter la section \u00abEntretien du produit\u00bb pour conna\u00eetre les instructions de lavage.  <\/p>\n","protected":false},"excerpt":{"rendered":"<p>Tapis rectangulaire en \u00e9ponge avec bordure en lin m\u00e9lang\u00e9.<br \/>\nBroderie \u00abp\u00e9tale\u00bb cousue sur tous les c\u00f4t\u00e9s.<br \/>\nDimensions : 60 x 90 cm.<br \/>\nTapis fabriqu\u00e9 en Italie \u00e0 partir de coton de haute qualit\u00e9 et rendu doux au toucher gr\u00e2ce \u00e0 des traitements sp\u00e9ciaux qui rehaussent l&rsquo;aspect naturel.<br \/>\nEn outre, l&rsquo;utilisation de teintures naturelles et hypoallerg\u00e9niques conf\u00e8re \u00e0 la fibre naturelle \u00e9clat et verve.<br \/>\nLa durabilit\u00e9 et la facilit\u00e9 d&rsquo;entretien ajoutent un plus \u00e0 votre choix.<br \/>\nId\u00e9al pour embellir votre salle de bains : seul ou associ\u00e9 \u00e0 des serviettes coordonn\u00e9es, pour cr\u00e9er des combinaisons originales \u00e0 chaque fois.<br \/>\nVeuillez consulter la section \u00abEntretien du produit\u00bb pour conna\u00eetre les instructions de lavage.  <\/p>\n","protected":false},"featured_media":135278,"template":"","meta":{"_seopress_robots_primary_cat":"none","_seopress_titles_title":"","_seopress_titles_desc":"","_seopress_robots_index":""},"product_brand":[8562],"product_cat":[3747,3883,6135],"product_tag":[6193,5983,8316,7508,4823,7971,8327,6137,7952,8318,8315,8317,6965,8328],"class_list":{"0":"post-135972","1":"product","2":"type-product","3":"status-publish","4":"has-post-thumbnail","6":"product_brand-arte-pura","7":"product_cat-decoration-interieure","8":"product_cat-salle-de-bains","9":"product_cat-tapis-de-salle-de-bains","10":"product_tag-accessoires-de-salle-de-bains-fr","11":"product_tag-chambre-a-coucher","12":"product_tag-duschmatte-fr","13":"product_tag-la-chambre-dhiver","14":"product_tag-salle-de-bains","15":"product_tag-tapis-fr-3","16":"product_tag-tapis-fr-4","17":"product_tag-tapis","18":"product_tag-tapis-fr","19":"product_tag-tapis-de-douche-fr-3","20":"product_tag-tapis-de-douche-fr","21":"product_tag-tapis-de-douche-fr-2","22":"product_tag-tapis-de-salle-de-bains-fr","23":"product_tag-teppich-fr","24":"pa_colore-blanc-019","25":"pa_taglia-60x90-cm-fr","26":"pa_tema-blanc","28":"first","29":"instock","30":"shipping-taxable","31":"purchasable","32":"product-type-variable"},"jetpack_sharing_enabled":true,"_links":{"self":[{"href":"https:\/\/lighthouselocarno.ch\/fr\/wp-json\/wp\/v2\/product\/135972","targetHints":{"allow":["GET"]}}],"collection":[{"href":"https:\/\/lighthouselocarno.ch\/fr\/wp-json\/wp\/v2\/product"}],"about":[{"href":"https:\/\/lighthouselocarno.ch\/fr\/wp-json\/wp\/v2\/types\/product"}],"wp:featuredmedia":[{"embeddable":true,"href":"https:\/\/lighthouselocarno.ch\/fr\/wp-json\/wp\/v2\/media\/135278"}],"wp:attachment":[{"href":"https:\/\/lighthouselocarno.ch\/fr\/wp-json\/wp\/v2\/media?parent=135972"}],"wp:term":[{"taxonomy":"product_brand","embeddable":true,"href":"https:\/\/lighthouselocarno.ch\/fr\/wp-json\/wp\/v2\/product_brand?post=135972"},{"taxonomy":"product_cat","embeddable":true,"href":"https:\/\/lighthouselocarno.ch\/fr\/wp-json\/wp\/v2\/product_cat?post=135972"},{"taxonomy":"product_tag","embeddable":true,"href":"https:\/\/lighthouselocarno.ch\/fr\/wp-json\/wp\/v2\/product_tag?post=135972"}],"curies":[{"name":"wp","href":"https:\/\/api.w.org\/{rel}","templated":true}]}}