{"id":135980,"date":"2023-09-05T15:39:26","date_gmt":"2023-09-05T15:39:26","guid":{"rendered":"https:\/\/lighthouselocarno.ch\/prodotto\/petit-tapis-avec-dentelle-farnese\/"},"modified":"2025-05-23T12:52:24","modified_gmt":"2025-05-23T12:52:24","slug":"tapis-petit-avec-lace-farnese","status":"publish","type":"product","link":"https:\/\/lighthouselocarno.ch\/fr\/produit\/tapis-petit-avec-lace-farnese\/","title":{"rendered":"Tapis de douche 45 x 60 avec dentelle Farnese"},"content":{"rendered":"<p>Petit tapis en \u00e9ponge avec bordure en lin. D\u00e9cor\u00e9 de dentelles \u00abFarnese\u00bb sur tous les c\u00f4t\u00e9s. Mesures 45X60.<\/p>\n<p>Moquette fabriqu\u00e9e en Italie \u00e0 partir de coton de haute qualit\u00e9 et rendue douce au toucher par des traitements sp\u00e9ciaux qui renforcent l&rsquo;aspect naturel.<br \/>\nEn outre, l&rsquo;utilisation de teintures naturelles et hypoallerg\u00e9niques conf\u00e8re \u00e0 la fibre naturelle \u00e9clat et vivacit\u00e9.<br \/>\nLa durabilit\u00e9 et la facilit\u00e9 d&rsquo;entretien ajoutent un plus \u00e0 votre choix.<br \/>\nId\u00e9al pour embellir votre salle de bains : seul ou associ\u00e9 \u00e0 des serviettes coordonn\u00e9es, pour cr\u00e9er des combinaisons originales \u00e0 chaque fois.<br \/>\nVeuillez consulter la section \u00abEntretien du produit\u00bb pour conna\u00eetre les instructions de lavage.    <\/p>\n","protected":false},"excerpt":{"rendered":"<p>Petit tapis en \u00e9ponge avec bordure en lin. D\u00e9cor\u00e9 de dentelles \u00abFarnese\u00bb sur tous les c\u00f4t\u00e9s. Mesures 45X60.<\/p>\n<p>Moquette fabriqu\u00e9e en Italie \u00e0 partir de coton de haute qualit\u00e9 et rendue douce au toucher par des traitements sp\u00e9ciaux qui renforcent l&rsquo;aspect naturel.<br \/>\nEn outre, l&rsquo;utilisation de teintures naturelles et hypoallerg\u00e9niques conf\u00e8re \u00e0 la fibre naturelle \u00e9clat et vivacit\u00e9.<br \/>\nLa durabilit\u00e9 et la facilit\u00e9 d&rsquo;entretien ajoutent un plus \u00e0 votre choix.<br \/>\nId\u00e9al pour embellir votre salle de bains : seul ou associ\u00e9 \u00e0 des serviettes coordonn\u00e9es, pour cr\u00e9er des combinaisons originales \u00e0 chaque fois.<br \/>\nVeuillez consulter la section \u00abEntretien du produit\u00bb pour conna\u00eetre les instructions de lavage.    <\/p>\n","protected":false},"featured_media":135325,"template":"","meta":{"_seopress_robots_primary_cat":"none","_seopress_titles_title":"","_seopress_titles_desc":"","_seopress_robots_index":""},"product_brand":[8562],"product_cat":[3747,3883,6135],"product_tag":[5848,5983,6220,5844,4823,6137],"class_list":{"0":"post-135980","1":"product","2":"type-product","3":"status-publish","4":"has-post-thumbnail","6":"product_brand-arte-pura","7":"product_cat-decoration-interieure","8":"product_cat-salle-de-bains","9":"product_cat-tapis-de-salle-de-bains","10":"product_tag-blanc","11":"product_tag-chambre-a-coucher","12":"product_tag-pizzo-farnese-fr","13":"product_tag-pure-fr","14":"product_tag-salle-de-bains","15":"product_tag-tapis","16":"pa_colore-blanc-019","17":"pa_colore-mineral-old-410-fr","18":"pa_taglia-45x60-cm-fr","19":"pa_tema-blanc","20":"pa_tema-pure-fr","22":"first","23":"instock","24":"shipping-taxable","25":"purchasable","26":"product-type-variable"},"jetpack_sharing_enabled":true,"_links":{"self":[{"href":"https:\/\/lighthouselocarno.ch\/fr\/wp-json\/wp\/v2\/product\/135980","targetHints":{"allow":["GET"]}}],"collection":[{"href":"https:\/\/lighthouselocarno.ch\/fr\/wp-json\/wp\/v2\/product"}],"about":[{"href":"https:\/\/lighthouselocarno.ch\/fr\/wp-json\/wp\/v2\/types\/product"}],"wp:featuredmedia":[{"embeddable":true,"href":"https:\/\/lighthouselocarno.ch\/fr\/wp-json\/wp\/v2\/media\/135325"}],"wp:attachment":[{"href":"https:\/\/lighthouselocarno.ch\/fr\/wp-json\/wp\/v2\/media?parent=135980"}],"wp:term":[{"taxonomy":"product_brand","embeddable":true,"href":"https:\/\/lighthouselocarno.ch\/fr\/wp-json\/wp\/v2\/product_brand?post=135980"},{"taxonomy":"product_cat","embeddable":true,"href":"https:\/\/lighthouselocarno.ch\/fr\/wp-json\/wp\/v2\/product_cat?post=135980"},{"taxonomy":"product_tag","embeddable":true,"href":"https:\/\/lighthouselocarno.ch\/fr\/wp-json\/wp\/v2\/product_tag?post=135980"}],"curies":[{"name":"wp","href":"https:\/\/api.w.org\/{rel}","templated":true}]}}