{"id":136009,"date":"2023-12-05T15:41:58","date_gmt":"2023-12-05T15:41:58","guid":{"rendered":"https:\/\/lighthouselocarno.ch\/prodotto\/taie-doreiller-en-lin-avec-dentelle-harmony-80x80cm\/"},"modified":"2025-05-23T12:52:24","modified_gmt":"2025-05-23T12:52:24","slug":"federa-en-laine-avec-harmonie-de-lacee-80x80cm","status":"publish","type":"product","link":"https:\/\/lighthouselocarno.ch\/fr\/produit\/federa-en-laine-avec-harmonie-de-lacee-80x80cm\/","title":{"rendered":"Taie d&rsquo;oreiller en lin avec dentelle \u00abHarmony\u00bb 80x80cm"},"content":{"rendered":"<p><strong>Am\u00e9liorez votre sommeil avec la taie d&rsquo;oreiller en lin \u00e9pais \u00abHarmony - Made in Italy\u00bb.<br \/>\n<\/strong><\/p>\n<p>Plongez dans le <strong>luxe<\/strong> d&rsquo;une taie d&rsquo;oreiller fabriqu\u00e9e \u00e0 la main en Italie \u00e0 partir d&rsquo;un <strong>lin<\/strong> exceptionnel de <strong>haute qualit\u00e9 (100 %)<\/strong>. Le tissu, rendu doux au toucher gr\u00e2ce \u00e0 des traitements sp\u00e9ciaux qui renforcent l&rsquo;aspect naturel, offre une sensation de confort in\u00e9gal\u00e9e.<\/p>\n<p>Con\u00e7ue pour un maximum de bien-\u00eatre, cette<strong> taie d&rsquo;oreiller est hypoallerg\u00e9nique et antibact\u00e9rienne<\/strong>, ce qui en fait le compl\u00e9ment id\u00e9al de votre lit. Les<strong> teintures naturelles et non allerg\u00e8nes<\/strong> utilis\u00e9es pr\u00e9servent non seulement l&rsquo;\u00e9clat naturel de la fibre, mais contribuent \u00e9galement \u00e0 un environnement de sommeil sain.<\/p>\n<p>La durabilit\u00e9 et la facilit\u00e9 d&rsquo;entretien ajoutent une valeur durable \u00e0 votre choix. <strong>Utilis\u00e9e seule ou associ\u00e9e \u00e0 un <a href=\"https:\/\/lighthouselocarno.ch\/fr\/produit\/housse-de-couette-138x200cm-avec-lace-harmonie\/\">couvre-lit<\/a> et \u00e0 un<a href=\"https:\/\/lighthouselocarno.ch\/fr\/produit\/drap-de-mariage-en-lin-leger-avec-coins\/\"> drap<\/a>, cette taie d&rsquo;oreiller offre des possibilit\u00e9s illimit\u00e9es de cr\u00e9er des combinaisons originales et d&#8217;embellir votre literie.<\/strong><\/p>\n<p><em>Choisissez la perfection du lin pour une nuit de sommeil extraordinaire.<\/em><\/p>\n","protected":false},"excerpt":{"rendered":"<p><span data-sheets-value=\"{\"1\":2,\"2\":\"Federa turchese in lino pesante con bottoni. Misure 60x60 cm. \"}\" data-sheets-userformat=\"{\"2\":971,\"3\":{\"1\":0},\"4\":[null,2,65280],\"6\":{\"1\":[{\"1\":2,\"2\":0,\"5\":[null,2,0]},{\"1\":0,\"2\":0,\"3\":3},{\"1\":1,\"2\":0,\"4\":2}]},\"9\":1,\"10\":1,\"11\":3,\"12\":0}\"><strong>Taie d&rsquo;oreiller en lin \u00e9pais<\/strong> avec dentelle &lsquo;Harmony&rsquo;. Dimensions 80&#215;80 cm.<\/span><\/p>\n<p><strong>Taie d&rsquo;oreiller fabriqu\u00e9e en Italie, compos\u00e9e \u00e0 100 % de lin de haute qualit\u00e9 et rendue douce au toucher par des traitements sp\u00e9ciaux qui renforcent l&rsquo;aspect naturel.<\/strong><br \/>\nCe tissu est id\u00e9al pour le lit car il est hypoallerg\u00e9nique et antibact\u00e9rien. De plus, l&rsquo;utilisation de teintures naturelles et non allerg\u00e8nes conf\u00e8re \u00e0 la fibre naturelle de l&rsquo;\u00e9clat et de la vivacit\u00e9.<br \/>\nLa longue dur\u00e9e de vie et la facilit\u00e9 d&rsquo;entretien ajoutent \u00e0 votre choix.<br \/>\nId\u00e9al pour embellir votre literie : seul ou associ\u00e9 \u00e0 un couvre-lit et un drap, pour cr\u00e9er \u00e0 chaque fois des combinaisons originales.<\/p>\n","protected":false},"featured_media":135439,"template":"","meta":{"_seopress_robots_primary_cat":"none","_seopress_titles_title":"","_seopress_titles_desc":"","_seopress_robots_index":""},"product_brand":[8562],"product_cat":[7129,3747,4040,5970,5969],"product_tag":[5983,6000,5972,5993,5986],"class_list":{"0":"post-136009","1":"product","2":"type-product","3":"status-publish","4":"has-post-thumbnail","6":"product_brand-arte-pura","7":"product_cat-coussins-deco","8":"product_cat-decoration-interieure","9":"product_cat-decorations-fr","10":"product_cat-housses-de-coussin","11":"product_cat-le-lit","12":"product_tag-chambre-a-coucher","13":"product_tag-harmony-lace","14":"product_tag-linge-de-lit","15":"product_tag-lit-fr","16":"product_tag-taies-doreiller-fr","17":"pa_colore-poudre-ancienne-043","18":"pa_taglia-80x80-cm-fr","19":"pa_tema-romantique","21":"first","22":"instock","23":"shipping-taxable","24":"purchasable","25":"product-type-variable"},"jetpack_sharing_enabled":true,"_links":{"self":[{"href":"https:\/\/lighthouselocarno.ch\/fr\/wp-json\/wp\/v2\/product\/136009","targetHints":{"allow":["GET"]}}],"collection":[{"href":"https:\/\/lighthouselocarno.ch\/fr\/wp-json\/wp\/v2\/product"}],"about":[{"href":"https:\/\/lighthouselocarno.ch\/fr\/wp-json\/wp\/v2\/types\/product"}],"wp:featuredmedia":[{"embeddable":true,"href":"https:\/\/lighthouselocarno.ch\/fr\/wp-json\/wp\/v2\/media\/135439"}],"wp:attachment":[{"href":"https:\/\/lighthouselocarno.ch\/fr\/wp-json\/wp\/v2\/media?parent=136009"}],"wp:term":[{"taxonomy":"product_brand","embeddable":true,"href":"https:\/\/lighthouselocarno.ch\/fr\/wp-json\/wp\/v2\/product_brand?post=136009"},{"taxonomy":"product_cat","embeddable":true,"href":"https:\/\/lighthouselocarno.ch\/fr\/wp-json\/wp\/v2\/product_cat?post=136009"},{"taxonomy":"product_tag","embeddable":true,"href":"https:\/\/lighthouselocarno.ch\/fr\/wp-json\/wp\/v2\/product_tag?post=136009"}],"curies":[{"name":"wp","href":"https:\/\/api.w.org\/{rel}","templated":true}]}}