{"id":136081,"date":"2023-09-05T15:44:44","date_gmt":"2023-09-05T15:44:44","guid":{"rendered":"https:\/\/lighthouselocarno.ch\/prodotto\/housse-de-couette-138x200cm-lin-clair-avec-noeuds\/"},"modified":"2023-09-20T08:27:51","modified_gmt":"2023-09-20T08:27:51","slug":"housse-de-couette-138x200cm-linge-leger-avec-boucles","status":"publish","type":"product","link":"https:\/\/lighthouselocarno.ch\/fr\/produit\/housse-de-couette-138x200cm-linge-leger-avec-boucles\/","title":{"rendered":"Housse de couette 138x200cm, lin clair avec noeuds"},"content":{"rendered":"<h4><strong>Entretien des produits<\/strong><\/h4>\n<p>Lavable en machine \u00e0 30-40 degr\u00e9s avec un savon doux. Ne pas ajouter d&rsquo;adoucisseur. Ne pas blanchir.<br \/>\nTous les v\u00eatements Arte Pura sont teints \u00e0 la main avec des pigments min\u00e9raux naturels.<br \/>\nIl est possible qu&rsquo;ils perdent un peu de leur couleur lors des premiers lavages, ce qui donne une teinte vintage propre \u00e0 cette marque.<br \/>\nLorsque vous lavez des v\u00eatements aux couleurs anciennes, je vous recommande vivement d&rsquo;ajouter 1 kg de sel de mer dans la machine \u00e0 laver pendant les 3 \u00e0 4 premiers lavages afin de bien fixer les couleurs.<\/p>\n<p>Produit durable fabriqu\u00e9 dans le respect de l&rsquo;environnement et des personnes. Mat\u00e9riaux naturels. Produits uniques faits \u00e0 la main. Fabriqu\u00e9 enti\u00e8rement en Italie.<\/p>\n","protected":false},"excerpt":{"rendered":"<div class=\"woocommerce-product-details__short-description\">\n<p><strong>Housse de couette simple en lin l\u00e9ger avec n\u0153uds.<\/strong>  Dimensions 138x200cm.<\/p>\n<p>Enveloppe de couette fabriqu\u00e9e en Italie \u00e0 partir de <strong>100 % de lin de haute qualit\u00e9<\/strong> et rendue douce au toucher par des traitements sp\u00e9ciaux qui renforcent l&rsquo;aspect naturel.<\/p>\n<p>Ce <strong>tissu est id\u00e9al pour le lit car il est hypoallerg\u00e9nique et antibact\u00e9rien<\/strong>. De plus, l&rsquo;utilisation de teintures naturelles et non allerg\u00e8nes conf\u00e8re \u00e0 la fibre naturelle de l&rsquo;\u00e9clat et de la vivacit\u00e9.<br \/>\nLa longue dur\u00e9e de vie et la facilit\u00e9 d&rsquo;entretien ajoutent \u00e0 votre choix.<br \/>\nId\u00e9al pour embellir votre literie : seul ou associ\u00e9 \u00e0 des taies d&rsquo;oreiller <a href=\"https:\/\/lighthouselocarno.ch\/prodotto\/federa-in-lino-leggero-con-fiocchi-80x80\/\"><br \/>\n  <strong>taies d&rsquo;oreiller color\u00e9es<\/strong><br \/>\n<\/a> e <a href=\"https:\/\/lighthouselocarno.ch\/prodotto\/lenzuolo-singolo-in-lino-leggero-con-angoli\/\"><br \/>\n  <strong>draps<\/strong><br \/>\n<\/a>pour cr\u00e9er des combinaisons originales \u00e0 chaque fois.<br \/>\nVeuillez vous r\u00e9f\u00e9rer \u00e0 la section \u00abEntretien du produit\u00bb pour toutes les instructions de lavage.<\/p>\n<\/div>\n","protected":false},"featured_media":135549,"template":"","meta":{"_seopress_robots_primary_cat":"none","_seopress_titles_title":"","_seopress_titles_desc":"","_seopress_robots_index":""},"product_brand":[],"product_cat":[3747,6381,5969],"product_tag":[5848,5983,6382,5972,3972,5993],"class_list":{"0":"post-136081","1":"product","2":"type-product","3":"status-publish","4":"has-post-thumbnail","6":"product_cat-decoration-interieure","7":"product_cat-housses-de-duvet","8":"product_cat-le-lit","9":"product_tag-blanc","10":"product_tag-chambre-a-coucher","11":"product_tag-enveloppe-de-couette","12":"product_tag-linge-de-lit","13":"product_tag-lino-fr","14":"product_tag-lit-fr","15":"pa_colore-blanc-019","16":"pa_taglia-138x200cm-fr","17":"pa_tema-blanc","19":"first","20":"instock","21":"shipping-taxable","22":"purchasable","23":"product-type-variable","24":"has-default-attributes"},"jetpack_sharing_enabled":true,"_links":{"self":[{"href":"https:\/\/lighthouselocarno.ch\/fr\/wp-json\/wp\/v2\/product\/136081","targetHints":{"allow":["GET"]}}],"collection":[{"href":"https:\/\/lighthouselocarno.ch\/fr\/wp-json\/wp\/v2\/product"}],"about":[{"href":"https:\/\/lighthouselocarno.ch\/fr\/wp-json\/wp\/v2\/types\/product"}],"wp:featuredmedia":[{"embeddable":true,"href":"https:\/\/lighthouselocarno.ch\/fr\/wp-json\/wp\/v2\/media\/135549"}],"wp:attachment":[{"href":"https:\/\/lighthouselocarno.ch\/fr\/wp-json\/wp\/v2\/media?parent=136081"}],"wp:term":[{"taxonomy":"product_brand","embeddable":true,"href":"https:\/\/lighthouselocarno.ch\/fr\/wp-json\/wp\/v2\/product_brand?post=136081"},{"taxonomy":"product_cat","embeddable":true,"href":"https:\/\/lighthouselocarno.ch\/fr\/wp-json\/wp\/v2\/product_cat?post=136081"},{"taxonomy":"product_tag","embeddable":true,"href":"https:\/\/lighthouselocarno.ch\/fr\/wp-json\/wp\/v2\/product_tag?post=136081"}],"curies":[{"name":"wp","href":"https:\/\/api.w.org\/{rel}","templated":true}]}}