{"id":136084,"date":"2023-09-05T15:51:15","date_gmt":"2023-09-05T15:51:15","guid":{"rendered":"https:\/\/lighthouselocarno.ch\/prodotto\/rabat-en-lin-lourd-285x500cm\/"},"modified":"2025-05-23T12:52:24","modified_gmt":"2025-05-23T12:52:24","slug":"falda-in-lino-pesante-285x500cm","status":"publish","type":"product","link":"https:\/\/lighthouselocarno.ch\/fr\/produit\/falda-in-lino-pesante-285x500cm\/","title":{"rendered":"Rabat en lin lourd 285x500cm"},"content":{"rendered":"<div class=\"cursor-pointer flex items-center justify-between gap-x-4\">\n<h4 class=\"text-sm xs:text-lg font-semibold leading-none\">Entretien des produits<\/h4>\n<p>Ce produit \u00e9tant fabriqu\u00e9 \u00e0 partir de mat\u00e9riaux naturels, il se caract\u00e9rise par des nuances de couleur et des variations d&rsquo;aspect d&rsquo;un v\u00eatement \u00e0 l&rsquo;autre, voire au fil du temps. Laver s\u00e9par\u00e9ment avec de l&rsquo;eau et du savon doux \u00e0 une temp\u00e9rature maximale de 40\u00b0 C, ne pas blanchir et ne pas faire tremper. Ne pas presser le v\u00eatement \u00e0 la main. Pour un meilleur entretien du produit, nous recommandons de le repasser \u00e0 basse temp\u00e9rature, afin de ne pas aplatir la beaut\u00e9 de la fibre naturelle, et de ne pas l&rsquo;exposer \u00e0 la lumi\u00e8re directe du soleil pour pr\u00e9server la solidit\u00e9 des couleurs.<\/p>\n<\/div>\n<p>Produit durable fabriqu\u00e9 dans le respect de l&rsquo;environnement et des personnes. Mat\u00e9riaux naturels. Produits uniques faits \u00e0 la main. Fabriqu\u00e9 enti\u00e8rement en Italie.<\/p>\n","protected":false},"excerpt":{"rendered":"<p><strong>Rabat en lin \u00e9pais.<\/strong>  Dimensions 285x500cm. Rabat id\u00e9al pour r\u00e9aliser ses <strong>propres cr\u00e9ations<\/strong>.<\/p>\n<p>Un bord fabriqu\u00e9 en Italie, compos\u00e9 \u00e0 100 % de lin de haute qualit\u00e9 et rendu doux au toucher gr\u00e2ce \u00e0 des traitements sp\u00e9ciaux qui renforcent l&rsquo;aspect naturel.<br \/>\nCe tissu est id\u00e9al parce qu&rsquo;il est hypoallerg\u00e9nique et antibact\u00e9rien, en plus de l&rsquo;utilisation de <strong>teintures naturelles et non allerg\u00e8nes<\/strong> qui donnent \u00e0 la fibre naturelle de l&rsquo;\u00e9clat et de la vivacit\u00e9.<br \/>\nLa longue dur\u00e9e de vie et la facilit\u00e9 d&rsquo;entretien ajoutent \u00e0 votre choix.<br \/>\nEmbellissez vos pi\u00e8ces en ajoutant une touche d&rsquo;originalit\u00e9 \u00e0 votre d\u00e9cor.<br \/>\nVeuillez vous r\u00e9f\u00e9rer \u00e0 la section \u00abEntretien du produit\u00bb pour toutes les instructions de lavage.<\/p>\n","protected":false},"featured_media":135716,"template":"","meta":{"_seopress_robots_primary_cat":"none","_seopress_titles_title":"","_seopress_titles_desc":"","_seopress_robots_index":""},"product_brand":[8562],"product_cat":[6122,3747,7691],"product_tag":[5848,5983,7549,4823,6078,7516,7641],"class_list":{"0":"post-136084","1":"product","2":"type-product","3":"status-publish","4":"has-post-thumbnail","6":"product_brand-arte-pura","7":"product_cat-accessoires","8":"product_cat-decoration-interieure","9":"product_cat-tissus","10":"product_tag-blanc","11":"product_tag-chambre-a-coucher","12":"product_tag-retour","13":"product_tag-salle-de-bains","14":"product_tag-salon","15":"product_tag-sans-dentelle","16":"product_tag-strate","17":"pa_colore-blanc-019","18":"pa_colore-retro-900-fr","19":"pa_taglia-285x500cm-fr","20":"pa_tema-blanc","22":"first","23":"instock","24":"shipping-taxable","25":"purchasable","26":"product-type-variable","27":"has-default-attributes"},"jetpack_sharing_enabled":true,"_links":{"self":[{"href":"https:\/\/lighthouselocarno.ch\/fr\/wp-json\/wp\/v2\/product\/136084","targetHints":{"allow":["GET"]}}],"collection":[{"href":"https:\/\/lighthouselocarno.ch\/fr\/wp-json\/wp\/v2\/product"}],"about":[{"href":"https:\/\/lighthouselocarno.ch\/fr\/wp-json\/wp\/v2\/types\/product"}],"wp:featuredmedia":[{"embeddable":true,"href":"https:\/\/lighthouselocarno.ch\/fr\/wp-json\/wp\/v2\/media\/135716"}],"wp:attachment":[{"href":"https:\/\/lighthouselocarno.ch\/fr\/wp-json\/wp\/v2\/media?parent=136084"}],"wp:term":[{"taxonomy":"product_brand","embeddable":true,"href":"https:\/\/lighthouselocarno.ch\/fr\/wp-json\/wp\/v2\/product_brand?post=136084"},{"taxonomy":"product_cat","embeddable":true,"href":"https:\/\/lighthouselocarno.ch\/fr\/wp-json\/wp\/v2\/product_cat?post=136084"},{"taxonomy":"product_tag","embeddable":true,"href":"https:\/\/lighthouselocarno.ch\/fr\/wp-json\/wp\/v2\/product_tag?post=136084"}],"curies":[{"name":"wp","href":"https:\/\/api.w.org\/{rel}","templated":true}]}}