{"id":136142,"date":"2023-09-05T15:43:59","date_gmt":"2023-09-05T15:43:59","guid":{"rendered":"https:\/\/lighthouselocarno.ch\/prodotto\/housse-de-chaise-en-lin-brode-avec-organza-et-broche-decorative\/"},"modified":"2025-05-23T12:52:24","modified_gmt":"2025-05-23T12:52:24","slug":"housse-de-chaise-en-lin-brode-avec-organza-et-epingle-decorative","status":"publish","type":"product","link":"https:\/\/lighthouselocarno.ch\/fr\/produit\/housse-de-chaise-en-lin-brode-avec-organza-et-epingle-decorative\/","title":{"rendered":"Housse de chaise en lin brod\u00e9 avec organza et broche d\u00e9corative"},"content":{"rendered":"<p>Housse de chaise en lin l\u00e9ger, brod\u00e9e d&rsquo;organza et d&rsquo;une broche d\u00e9corative. Insertion rectangulaire du logo Arte Pura.<\/p>\n<p>Housse de chaise fabriqu\u00e9e en Italie, compos\u00e9e \u00e0 100 % de lin de haute qualit\u00e9 et rendue douce au toucher par des traitements sp\u00e9ciaux qui en renforcent l&rsquo;aspect naturel.<br \/>\nCe tissu est id\u00e9al parce qu&rsquo;il est hypoallerg\u00e9nique et antibact\u00e9rien, en plus de l&rsquo;utilisation de teintures naturelles et non allerg\u00e8nes qui donnent \u00e0 la fibre naturelle de l&rsquo;\u00e9clat et de la vivacit\u00e9.<br \/>\nLa longue dur\u00e9e de vie et la facilit\u00e9 d&rsquo;entretien ajoutent \u00e0 votre choix.<br \/>\nVeuillez vous r\u00e9f\u00e9rer \u00e0 la section \u00abEntretien du produit\u00bb pour toutes les instructions de lavage.<\/p>\n","protected":false},"excerpt":{"rendered":"<p>Housse de chaise en lin l\u00e9ger, brod\u00e9e d&rsquo;organza et d&rsquo;une broche d\u00e9corative. Insertion rectangulaire du logo Arte Pura.<\/p>\n<p>Housse de chaise fabriqu\u00e9e en Italie, compos\u00e9e \u00e0 100 % de lin de haute qualit\u00e9 et rendue douce au toucher par des traitements sp\u00e9ciaux qui en renforcent l&rsquo;aspect naturel.<br \/>\nCe tissu est id\u00e9al parce qu&rsquo;il est hypoallerg\u00e9nique et antibact\u00e9rien, en plus de l&rsquo;utilisation de teintures naturelles et non allerg\u00e8nes qui donnent \u00e0 la fibre naturelle de l&rsquo;\u00e9clat et de la vivacit\u00e9.<br \/>\nLa longue dur\u00e9e de vie et la facilit\u00e9 d&rsquo;entretien ajoutent \u00e0 votre choix.<br \/>\nVeuillez vous r\u00e9f\u00e9rer \u00e0 la section \u00abEntretien du produit\u00bb pour toutes les instructions de lavage.<\/p>\n","protected":false},"featured_media":135493,"template":"","meta":{"_seopress_robots_primary_cat":"none","_seopress_titles_title":"","_seopress_titles_desc":"","_seopress_robots_index":""},"product_brand":[8562],"product_cat":[6122,3747,7321],"product_tag":[6062,6132,7653,6474,6439,7447,6003,6078,5845,5838],"class_list":{"0":"post-136142","1":"product","2":"type-product","3":"status-publish","4":"has-post-thumbnail","6":"product_brand-arte-pura","7":"product_cat-accessoires","8":"product_cat-decoration-interieure","9":"product_cat-housse-de-chaise","10":"product_tag-accessoires","11":"product_tag-accessoires-decoratifs","12":"product_tag-fraicheur-naturelle","13":"product_tag-housses-de-chaises","14":"product_tag-jardin","15":"product_tag-organiser-votre-mariage","16":"product_tag-romantique","17":"product_tag-salon","18":"product_tag-tableau-fr","19":"product_tag-un-air-de-fete","20":"pa_colore-retro-900-fr","21":"pa_taglia-u-fr","22":"pa_tema-romantique","24":"first","25":"instock","26":"shipping-taxable","27":"purchasable","28":"product-type-variable"},"jetpack_sharing_enabled":true,"_links":{"self":[{"href":"https:\/\/lighthouselocarno.ch\/fr\/wp-json\/wp\/v2\/product\/136142","targetHints":{"allow":["GET"]}}],"collection":[{"href":"https:\/\/lighthouselocarno.ch\/fr\/wp-json\/wp\/v2\/product"}],"about":[{"href":"https:\/\/lighthouselocarno.ch\/fr\/wp-json\/wp\/v2\/types\/product"}],"wp:featuredmedia":[{"embeddable":true,"href":"https:\/\/lighthouselocarno.ch\/fr\/wp-json\/wp\/v2\/media\/135493"}],"wp:attachment":[{"href":"https:\/\/lighthouselocarno.ch\/fr\/wp-json\/wp\/v2\/media?parent=136142"}],"wp:term":[{"taxonomy":"product_brand","embeddable":true,"href":"https:\/\/lighthouselocarno.ch\/fr\/wp-json\/wp\/v2\/product_brand?post=136142"},{"taxonomy":"product_cat","embeddable":true,"href":"https:\/\/lighthouselocarno.ch\/fr\/wp-json\/wp\/v2\/product_cat?post=136142"},{"taxonomy":"product_tag","embeddable":true,"href":"https:\/\/lighthouselocarno.ch\/fr\/wp-json\/wp\/v2\/product_tag?post=136142"}],"curies":[{"name":"wp","href":"https:\/\/api.w.org\/{rel}","templated":true}]}}