{"id":140279,"date":"2023-12-15T12:14:49","date_gmt":"2023-12-15T12:14:49","guid":{"rendered":"https:\/\/lighthouselocarno.ch\/prodotto\/la-danseuse-de-fees-laila-de-la-magie-pour-votre-sapin-de-noel\/"},"modified":"2023-12-15T12:57:45","modified_gmt":"2023-12-15T12:57:45","slug":"la-danseuse-de-fees-laila-de-la-magie-pour-votre-sapin-de-noel","status":"publish","type":"product","link":"https:\/\/lighthouselocarno.ch\/fr\/produit\/la-danseuse-de-fees-laila-de-la-magie-pour-votre-sapin-de-noel\/","title":{"rendered":"La danseuse de f\u00e9es Laila : de la magie pour votre sapin de No\u00ebl"},"content":{"rendered":"<div class=\"flex flex-grow flex-col max-w-full\">\n<div class=\"min-h-[20px] text-message flex flex-col items-start gap-3 whitespace-pre-wrap break-words [.text-message+&amp;]:mt-5 overflow-x-auto\" data-message-author-role=\"assistant\" data-message-id=\"f2756c84-f445-4c54-8266-0833095776c1\">\n<div class=\"markdown prose w-full break-words dark:prose-invert light\">\n<p><strong>Caract\u00e9ristiques principales :<\/strong><\/p>\n<ul>\n<li>Magie artisanale : chaque <strong>danseuse de f\u00e9e<\/strong> est cr\u00e9\u00e9e avec soin et de mani\u00e8re artisanale pour garantir une pi\u00e8ce unique et sp\u00e9ciale.<\/li>\n<li>D\u00e9tails raffin\u00e9s : Les ailes dor\u00e9es ajoutent une<strong> touche de luxe<\/strong>, tandis que la robe en tissu boucl\u00e9 conf\u00e8re une aura d&rsquo;<strong>\u00e9l\u00e9gance<\/strong>.<\/li>\n<li>Ballerines assorties : Des ballerines assorties \u00e0 la couleur de la robe compl\u00e8tent l&rsquo;harmonie de cette <a href=\"https:\/\/lighthouselocarno.ch\/home-decor\/decorazioni\/appendiabiti\/decorazioni-di-natale\/\"><br \/>\n  <strong>d\u00e9coration de No\u00ebl.<\/strong><br \/>\n<\/a><\/li>\n<li>Taille parfaite : Avec des dimensions de 15 x 5 x 29 cm, la danseuse de f\u00e9es \u00abLaila\u00bb est l&rsquo;<strong>ornement id\u00e9al pour votre arbre de No\u00ebl<\/strong>.<strong><br \/>\n<\/strong><\/li>\n<\/ul>\n<p><strong>Offrez une beaut\u00e9 sophistiqu\u00e9e \u00e0 No\u00ebl avec la danseuse de f\u00e9es &lsquo;Laila&rsquo;<\/strong>. <a href=\"https:\/\/lighthouselocarno.ch\/prodotto\/albero-di-natale-innevato-slim-fit\/\"><br \/>\n  <strong>D\u00e9corez votre arbre<\/strong><br \/>\n<\/a> avec cette cr\u00e9ation artisanale et laissez-vous envahir par la magie des f\u00eates de fin d&rsquo;ann\u00e9e. Achetez maintenant et rendez votre No\u00ebl encore plus sp\u00e9cial !<\/p>\n<\/div><\/div>\n<\/p><\/div>\n<div class=\"mt-1 flex justify-start gap-3 empty:hidden\">\n<div class=\"text-gray-400 flex self-end lg:self-center justify-center lg:justify-start mt-0 gap-1 visible\"><\/div>\n<\/p><\/div>\n","protected":false},"excerpt":{"rendered":"<p>Danseuse de f\u00e9es &lsquo;Laila&rsquo; : de la magie artisanale pour votre arbre de No\u00ebl ! Ailes d&rsquo;or, robe boucl\u00e9e et ballerines assorties.<\/p>\n<div class=\"flex flex-grow flex-col max-w-full\">\n<div class=\"min-h-[20px] text-message flex flex-col items-start gap-3 whitespace-pre-wrap break-words [.text-message+&amp;]:mt-5 overflow-x-auto\" data-message-author-role=\"assistant\" data-message-id=\"f2756c84-f445-4c54-8266-0833095776c1\">\n<div class=\"markdown prose w-full break-words dark:prose-invert light\">\n<p>Ajoutez une touche de magie et de gr\u00e2ce \u00e0 votre <strong>arbre de No\u00ebl<\/strong> avec la danseuse de f\u00e9es &lsquo;Laila&rsquo;. Cette charmante <strong>d\u00e9coration de No\u00ebl<\/strong><strong>artisanale<\/strong> capture l&rsquo;essence des festivit\u00e9s avec des ailes dor\u00e9es, une robe en tissu boucl\u00e9 et des chaussons de ballet assortis \u00e0 la couleur de la robe.<\/p>\n<\/div>\n<\/div>\n<\/div>\n<div class=\"mt-1 flex justify-start gap-3 empty:hidden\">\n<div class=\"text-gray-400 flex self-end lg:self-center justify-center lg:justify-start mt-0 gap-1 visible\"><\/div>\n<\/div>\n","protected":false},"featured_media":139860,"template":"","meta":{"_seopress_robots_primary_cat":"none","_seopress_titles_title":"","_seopress_titles_desc":"","_seopress_robots_index":""},"product_brand":[],"product_cat":[5935,4040,4137],"product_tag":[5134,5183,4143,5187,4683],"class_list":{"0":"post-140279","1":"product","2":"type-product","3":"status-publish","4":"has-post-thumbnail","6":"product_cat-actualites","7":"product_cat-decorations-fr","8":"product_cat-decorations-de-noel","9":"product_tag-arbre-de-noel","10":"product_tag-decoration-de-noel-fr-3","11":"product_tag-decoration-de-noel-fr","12":"product_tag-decorations-de-larbre-de-noel","13":"product_tag-decorations-de-noel-fr","15":"first","16":"instock","17":"shipping-taxable","18":"purchasable","19":"product-type-variable"},"jetpack_sharing_enabled":true,"_links":{"self":[{"href":"https:\/\/lighthouselocarno.ch\/fr\/wp-json\/wp\/v2\/product\/140279","targetHints":{"allow":["GET"]}}],"collection":[{"href":"https:\/\/lighthouselocarno.ch\/fr\/wp-json\/wp\/v2\/product"}],"about":[{"href":"https:\/\/lighthouselocarno.ch\/fr\/wp-json\/wp\/v2\/types\/product"}],"wp:featuredmedia":[{"embeddable":true,"href":"https:\/\/lighthouselocarno.ch\/fr\/wp-json\/wp\/v2\/media\/139860"}],"wp:attachment":[{"href":"https:\/\/lighthouselocarno.ch\/fr\/wp-json\/wp\/v2\/media?parent=140279"}],"wp:term":[{"taxonomy":"product_brand","embeddable":true,"href":"https:\/\/lighthouselocarno.ch\/fr\/wp-json\/wp\/v2\/product_brand?post=140279"},{"taxonomy":"product_cat","embeddable":true,"href":"https:\/\/lighthouselocarno.ch\/fr\/wp-json\/wp\/v2\/product_cat?post=140279"},{"taxonomy":"product_tag","embeddable":true,"href":"https:\/\/lighthouselocarno.ch\/fr\/wp-json\/wp\/v2\/product_tag?post=140279"}],"curies":[{"name":"wp","href":"https:\/\/api.w.org\/{rel}","templated":true}]}}