{"id":140290,"date":"2023-12-15T13:05:19","date_gmt":"2023-12-15T13:05:19","guid":{"rendered":"https:\/\/lighthouselocarno.ch\/prodotto\/elegant-fairy-dancer-magie-et-raffinement-dans-chaque-mouvement\/"},"modified":"2023-12-15T13:05:19","modified_gmt":"2023-12-15T13:05:19","slug":"elegant-fairy-dancer-magie-et-raffinement-dans-chaque-mouvement","status":"publish","type":"product","link":"https:\/\/lighthouselocarno.ch\/fr\/produit\/elegant-fairy-dancer-magie-et-raffinement-dans-chaque-mouvement\/","title":{"rendered":"Elegant Fairy Dancer : Magie et raffinement dans chaque mouvement"},"content":{"rendered":"<div class=\"flex flex-grow flex-col max-w-full\">\n<div class=\"min-h-[20px] text-message flex flex-col items-start gap-3 whitespace-pre-wrap break-words [.text-message+&amp;]:mt-5 overflow-x-auto\" data-message-author-role=\"assistant\" data-message-id=\"5126064d-239f-499a-99e9-68601ff3aee3\">\n<div class=\"markdown prose w-full break-words dark:prose-invert light\">\n<p><strong>Caract\u00e9ristiques principales :<\/strong><\/p>\n<ul>\n<li>L&rsquo;\u00e9l\u00e9gance en mouvement : la f\u00e9e danseuse attire l&rsquo;attention \u00e0 chaque mouvement, apportant une touche d&rsquo;\u00e9l\u00e9gance \u00e0 votre arbre de No\u00ebl. <a href=\"https:\/\/lighthouselocarno.ch\/prodotto\/albero-di-natale-innevato-slim-fit\/\"><br \/>\n  <strong>arbre de No\u00ebl.<\/strong><br \/>\n<\/a><\/li>\n<li>Robes pr\u00e9cieuses : confectionn\u00e9es avec soin, les robes en bouclette rose et en velours bleu clair donnent une impression de<strong>luxe et de style<\/strong>.<\/li>\n<li>D\u00e9tails raffin\u00e9s : des ailes dor\u00e9es et des boucles d&rsquo;oreilles en perles blanches ajoutent des d\u00e9tails raffin\u00e9s, faisant de cette f\u00e9e <strong>une \u0153uvre d&rsquo;art de No\u00ebl<\/strong>.<\/li>\n<li>Longueur parfaite : Avec une longueur de 30 cm, l&rsquo;Elegant Fairy Dancer est un ajout impressionnant \u00e0 votre d\u00e9coration de No\u00ebl. <a href=\"https:\/\/lighthouselocarno.ch\/home-decor\/decorazioni\/appendiabiti\/decorazioni-di-natale\/\"><br \/>\n  <strong>d\u00e9coration de No\u00ebl.<\/strong><br \/>\n<\/a><\/li>\n<\/ul>\n<p>Choisissez l&rsquo;\u00e9l\u00e9gance intemporelle avec la Fairy Ballerina Elegante. Achetez maintenant et plongez dans l&rsquo;atmosph\u00e8re magique des f\u00eates de fin d&rsquo;ann\u00e9e avec une touche de <strong>style de No\u00ebl raffin\u00e9<\/strong>.<\/p>\n<\/div><\/div>\n<\/p><\/div>\n<div class=\"mt-1 flex justify-start gap-3 empty:hidden\">\n<div class=\"text-gray-400 flex self-end lg:self-center justify-center lg:justify-start mt-0 gap-1 visible\"><\/div>\n<\/p><\/div>\n","protected":false},"excerpt":{"rendered":"<p>Elegant Fairy Dancer : Magie et raffinement dans chaque mouvement ! Robes en bouclettes roses, velours bleu clair et d\u00e9tails pr\u00e9cieux.<\/p>\n<p>L&rsquo;<strong>Elegant Fairy Dancer<\/strong> apporte de l&rsquo;enchantement \u00e0 votre espace de No\u00ebl. Avec ses 30 cm de long, cette cr\u00e9ation exclusive est la combinaison parfaite de la gr\u00e2ce et de la <strong>magie de No\u00ebl<\/strong>. Elle porte un pr\u00e9cieux tissu boucl\u00e9 rose et du velours bleu clair, tandis que des ailes dor\u00e9es et des boucles d&rsquo;oreilles en perles blanches ajoutent une touche de sophistication.<\/p>\n","protected":false},"featured_media":139868,"template":"","meta":{"_seopress_robots_primary_cat":"none","_seopress_titles_title":"","_seopress_titles_desc":"","_seopress_robots_index":""},"product_brand":[],"product_cat":[4040,4137],"product_tag":[5327,7861,4143,4178,6774,7849,7860,5212,5247,7782],"class_list":{"0":"post-140290","1":"product","2":"type-product","3":"status-publish","4":"has-post-thumbnail","6":"product_cat-decorations-fr","7":"product_cat-decorations-de-noel","8":"product_tag-decoration-fr-2","9":"product_tag-decoration-de-noel-fr-6","10":"product_tag-decoration-de-noel-fr","11":"product_tag-decoration-de-noel-fr-2","12":"product_tag-decoration-pour-les-fetes-de-fin-dannee","13":"product_tag-decorations-de-noel-fr-3","14":"product_tag-fee","15":"product_tag-idee-de-cadeau","16":"product_tag-idee-de-cadeau-de-noel","17":"product_tag-noel-fr-2","19":"first","20":"instock","21":"shipping-taxable","22":"purchasable","23":"product-type-variable"},"jetpack_sharing_enabled":true,"_links":{"self":[{"href":"https:\/\/lighthouselocarno.ch\/fr\/wp-json\/wp\/v2\/product\/140290","targetHints":{"allow":["GET"]}}],"collection":[{"href":"https:\/\/lighthouselocarno.ch\/fr\/wp-json\/wp\/v2\/product"}],"about":[{"href":"https:\/\/lighthouselocarno.ch\/fr\/wp-json\/wp\/v2\/types\/product"}],"wp:featuredmedia":[{"embeddable":true,"href":"https:\/\/lighthouselocarno.ch\/fr\/wp-json\/wp\/v2\/media\/139868"}],"wp:attachment":[{"href":"https:\/\/lighthouselocarno.ch\/fr\/wp-json\/wp\/v2\/media?parent=140290"}],"wp:term":[{"taxonomy":"product_brand","embeddable":true,"href":"https:\/\/lighthouselocarno.ch\/fr\/wp-json\/wp\/v2\/product_brand?post=140290"},{"taxonomy":"product_cat","embeddable":true,"href":"https:\/\/lighthouselocarno.ch\/fr\/wp-json\/wp\/v2\/product_cat?post=140290"},{"taxonomy":"product_tag","embeddable":true,"href":"https:\/\/lighthouselocarno.ch\/fr\/wp-json\/wp\/v2\/product_tag?post=140290"}],"curies":[{"name":"wp","href":"https:\/\/api.w.org\/{rel}","templated":true}]}}