{"id":140297,"date":"2023-12-15T13:12:40","date_gmt":"2023-12-15T13:12:40","guid":{"rendered":"https:\/\/lighthouselocarno.ch\/prodotto\/calendrier-de-lavent-illumine\/"},"modified":"2023-12-15T14:24:13","modified_gmt":"2023-12-15T14:24:13","slug":"calendrier-de-lavent-illumine","status":"publish","type":"product","link":"https:\/\/lighthouselocarno.ch\/fr\/produit\/calendrier-de-lavent-illumine\/","title":{"rendered":"Calendrier de l&rsquo;Avent en bois illumin\u00e9"},"content":{"rendered":"<div class=\"flex flex-grow flex-col max-w-full\">\n<div class=\"min-h-[20px] text-message flex flex-col items-start gap-3 whitespace-pre-wrap break-words [.text-message+&amp;]:mt-5 overflow-x-auto\" data-message-author-role=\"assistant\" data-message-id=\"0e9c7e36-d9b7-4725-ac4e-f074ece50926\">\n<div class=\"markdown prose w-full break-words dark:prose-invert light\">\n<p>Caract\u00e9ristiques principales :<\/p>\n<ul>\n<li>Illumin\u00e9 et confortable : gr\u00e2ce \u00e0 une illumination douce, le calendrier cr\u00e9e une atmosph\u00e8re chaleureuse et confortable, parfaite pour les <strong>f\u00eates de fin d&rsquo;ann\u00e9e<\/strong>.<\/li>\n<li>24 tiroirs : Chaque tiroir, de taille diff\u00e9rente, est un <strong>petit coffre \u00e0 surprises<\/strong> qui rend chaque jour sp\u00e9cial.<\/li>\n<li>Design en bois : Fabriqu\u00e9 avec soin et minutie en bois de haute qualit\u00e9, ce calendrier ajoute <strong>une touche de tradition et de style \u00e0 votre int\u00e9rieur<\/strong>.<\/li>\n<li>Taille parfaite : Avec une taille de 36 x 9 x 40 cm, notre <strong>calendrier<\/strong> est l&rsquo;ajout id\u00e9al \u00e0 n&rsquo;importe quel coin de votre maison.<\/li>\n<\/ul>\n<p>Faites entrer la <strong>magie de l&rsquo;Avent<\/strong> dans votre maison avec le <a href=\"https:\/\/lighthouselocarno.ch\/fr\/calendrier-de-lavent-et-decorations-de-noel-la-magie-de-noelarrive-a-la-maison\/\"><br \/>\n  <strong>Calendrier de l&rsquo;Avent<\/strong><br \/>\n<\/a> Calendrier de l&rsquo;Avent en bois illumin\u00e9. Achetez maintenant et pr\u00e9parez-vous \u00e0 compter les jours jusqu&rsquo;\u00e0 <strong>No\u00ebl avec style<\/strong> et des surprises quotidiennes.<\/p>\n<\/div><\/div>\n<\/p><\/div>\n<div class=\"mt-1 flex justify-start gap-3 empty:hidden\">\n<div class=\"text-gray-400 flex self-end lg:self-center justify-center lg:justify-start mt-0 gap-1 visible\"><\/div>\n<\/p><\/div>\n","protected":false},"excerpt":{"rendered":"<p><strong>Calendrier de l&rsquo;Avent en bois illumin\u00e9 :<\/strong> magie et surprises pour chaque jour ! 24 tiroirs de diff\u00e9rentes tailles.<\/p>\n<p>Vivez l&rsquo;excitation de l&rsquo;Avent avec le magnifique <strong>calendrier de l&rsquo;Avent<\/strong> en bois <strong>illumin\u00e9<\/strong>. Avec 24 tiroirs de tailles diff\u00e9rentes, ce calendrier ajoute non seulement une touche de magie \u00e0 vos <strong>festivit\u00e9s<\/strong>, mais offre aussi la joie de d\u00e9couvrir une surprise chaque jour.<\/p>\n","protected":false},"featured_media":138463,"template":"","meta":{"_seopress_robots_primary_cat":"none","_seopress_titles_title":"","_seopress_titles_desc":"","_seopress_robots_index":""},"product_brand":[],"product_cat":[3747,4040,4137],"product_tag":[6132,6774,7782,7866,4700],"class_list":{"0":"post-140297","1":"product","2":"type-product","3":"status-publish","4":"has-post-thumbnail","6":"product_cat-decoration-interieure","7":"product_cat-decorations-fr","8":"product_cat-decorations-de-noel","9":"product_tag-accessoires-decoratifs","10":"product_tag-decoration-pour-les-fetes-de-fin-dannee","11":"product_tag-noel-fr-2","12":"product_tag-noel-fr-3","13":"product_tag-noel","15":"first","16":"instock","17":"shipping-taxable","18":"purchasable","19":"product-type-simple"},"jetpack_sharing_enabled":true,"_links":{"self":[{"href":"https:\/\/lighthouselocarno.ch\/fr\/wp-json\/wp\/v2\/product\/140297","targetHints":{"allow":["GET"]}}],"collection":[{"href":"https:\/\/lighthouselocarno.ch\/fr\/wp-json\/wp\/v2\/product"}],"about":[{"href":"https:\/\/lighthouselocarno.ch\/fr\/wp-json\/wp\/v2\/types\/product"}],"wp:featuredmedia":[{"embeddable":true,"href":"https:\/\/lighthouselocarno.ch\/fr\/wp-json\/wp\/v2\/media\/138463"}],"wp:attachment":[{"href":"https:\/\/lighthouselocarno.ch\/fr\/wp-json\/wp\/v2\/media?parent=140297"}],"wp:term":[{"taxonomy":"product_brand","embeddable":true,"href":"https:\/\/lighthouselocarno.ch\/fr\/wp-json\/wp\/v2\/product_brand?post=140297"},{"taxonomy":"product_cat","embeddable":true,"href":"https:\/\/lighthouselocarno.ch\/fr\/wp-json\/wp\/v2\/product_cat?post=140297"},{"taxonomy":"product_tag","embeddable":true,"href":"https:\/\/lighthouselocarno.ch\/fr\/wp-json\/wp\/v2\/product_tag?post=140297"}],"curies":[{"name":"wp","href":"https:\/\/api.w.org\/{rel}","templated":true}]}}