{"id":140424,"date":"2023-12-19T14:53:19","date_gmt":"2023-12-19T14:53:19","guid":{"rendered":"https:\/\/lighthouselocarno.ch\/prodotto\/vase-en-or\/"},"modified":"2025-10-09T06:59:48","modified_gmt":"2025-10-09T06:59:48","slug":"vase-en-or","status":"publish","type":"product","link":"https:\/\/lighthouselocarno.ch\/fr\/produit\/vase-en-or\/","title":{"rendered":"Vase en or"},"content":{"rendered":"<div class=\"flex flex-grow flex-col max-w-full\">\n<div class=\"min-h-[20px] text-message flex flex-col items-start gap-3 whitespace-pre-wrap break-words [.text-message+&amp;]:mt-5 overflow-x-auto\" data-message-author-role=\"assistant\" data-message-id=\"62c413ed-c85b-40aa-9af6-63bb3326666f\">\n<div class=\"markdown prose w-full break-words dark:prose-invert light\">\n<p><em><strong>Caract\u00e9ristiques principales :<\/strong><\/em><\/p>\n<ol>\n<li><strong>Design raffin\u00e9 :<\/strong> le vase pr\u00e9sente un design exclusif avec des d\u00e9tails complexes qui attirent le regard et ajoutent une touche de classe \u00e0 son environnement.<\/li>\n<li><strong>Couleurs chaudes et agr\u00e9ables :<\/strong> La couleur brun antique dor\u00e9 donne au vase une touche chaleureuse et sophistiqu\u00e9e, ce qui lui permet de s&rsquo;adapter \u00e0 tous les d\u00e9cors et \u00e0 tous les styles.<\/li>\n<li><strong>Mat\u00e9riaux de qualit\u00e9 :<\/strong> Fabriqu\u00e9 en verre de haute qualit\u00e9, ce vase garantit une durabilit\u00e9 et une beaut\u00e9 intemporelle.<\/li>\n<li><strong>Taille parfaite :<\/strong> Avec ses dimensions de 15,5 x 15,5 x 72 cm, ce vase est suffisamment grand pour attirer l&rsquo;attention, tout en \u00e9tant suffisamment polyvalent pour trouver facilement sa place dans n&rsquo;importe quelle pi\u00e8ce.<\/li>\n<\/ol>\n<p><em><strong>O\u00f9 le placer :<\/strong><\/em><\/p>\n<ul>\n<li><strong>Salon \u00e9l\u00e9gant :<\/strong> Ajoutez une touche de luxe \u00e0 la table basse ou \u00e0 l&rsquo;\u00e9tag\u00e8re de votre salon.<\/li>\n<li><strong>Entr\u00e9e Accueillante :<\/strong> Faites une d\u00e9claration de bienvenue en le pla\u00e7ant dans l&rsquo;entr\u00e9e pour impressionner vos invit\u00e9s d\u00e8s leur arriv\u00e9e.<\/li>\n<li><strong>Chambre \u00e0 coucher chic :<\/strong> rehaussez l&rsquo;atmosph\u00e8re de votre chambre \u00e0 coucher en le pla\u00e7ant sur une commode ou une table de chevet.<\/li>\n<\/ul>\n<p><em><strong>Un cadeau inoubliable :<\/strong><\/em><\/p>\n<p>Le <strong>vase d\u00e9coratif en verre<\/strong> est \u00e9galement un cadeau extraordinaire pour les amis et la famille qui appr\u00e9cient les objets de <strong>design uniques<\/strong>. Il enchante tous ceux qui le re\u00e7oivent par l&rsquo;\u00e9l\u00e9gance intemporelle de cette pi\u00e8ce extraordinaire.<\/p>\n<p>&nbsp;<\/p>\n<\/div>\n<\/div>\n<\/div>\n<div class=\"mt-1 flex justify-start gap-3 empty:hidden\">\n<div class=\"text-gray-400 flex self-end lg:self-center justify-center lg:justify-start mt-0 gap-1 visible\"><\/div>\n<\/div>\n","protected":false},"excerpt":{"rendered":"<p>Enrichissez votre espace avec l&rsquo;\u00e9l\u00e9gance intemporelle du <strong>vase d\u00e9coratif en verre<\/strong>, une fusion parfaite de sophistication et de style. Avec son design complexe et sa couleur brun-or antique, ce vase deviendra le point de mire id\u00e9al pour votre int\u00e9rieur.<\/p>\n","protected":false},"featured_media":138659,"template":"","meta":{"_seopress_robots_primary_cat":"none","_seopress_titles_title":"","_seopress_titles_desc":"Enrichissez votre espace avec l'\u00e9l\u00e9gance intemporelle du vase d\u00e9coratif en verre, une fusion parfaite de raffinement et de style. Avec son design complexe et sa couleur brun-or antique, ce vase deviendra le point de mire id\u00e9al pour votre int\u00e9rieur.","_seopress_robots_index":""},"product_brand":[],"product_cat":[3747,4040,4137,3756],"product_tag":[7887,7881,7884,7874,7889,7877],"class_list":{"0":"post-140424","1":"product","2":"type-product","3":"status-publish","4":"has-post-thumbnail","6":"product_cat-decoration-interieure","7":"product_cat-decorations-fr","8":"product_cat-decorations-de-noel","9":"product_cat-vente","10":"product_tag-glasvase-fr","11":"product_tag-vase-fr","12":"product_tag-vase-fr-2","13":"product_tag-vase-en-verre-fr","14":"product_tag-vase-en-verre-fr-3","15":"product_tag-vase-en-verre-fr-2","17":"first","18":"instock","19":"sale","20":"shipping-taxable","21":"purchasable","22":"product-type-simple"},"jetpack_sharing_enabled":true,"_links":{"self":[{"href":"https:\/\/lighthouselocarno.ch\/fr\/wp-json\/wp\/v2\/product\/140424","targetHints":{"allow":["GET"]}}],"collection":[{"href":"https:\/\/lighthouselocarno.ch\/fr\/wp-json\/wp\/v2\/product"}],"about":[{"href":"https:\/\/lighthouselocarno.ch\/fr\/wp-json\/wp\/v2\/types\/product"}],"wp:featuredmedia":[{"embeddable":true,"href":"https:\/\/lighthouselocarno.ch\/fr\/wp-json\/wp\/v2\/media\/138659"}],"wp:attachment":[{"href":"https:\/\/lighthouselocarno.ch\/fr\/wp-json\/wp\/v2\/media?parent=140424"}],"wp:term":[{"taxonomy":"product_brand","embeddable":true,"href":"https:\/\/lighthouselocarno.ch\/fr\/wp-json\/wp\/v2\/product_brand?post=140424"},{"taxonomy":"product_cat","embeddable":true,"href":"https:\/\/lighthouselocarno.ch\/fr\/wp-json\/wp\/v2\/product_cat?post=140424"},{"taxonomy":"product_tag","embeddable":true,"href":"https:\/\/lighthouselocarno.ch\/fr\/wp-json\/wp\/v2\/product_tag?post=140424"}],"curies":[{"name":"wp","href":"https:\/\/api.w.org\/{rel}","templated":true}]}}