{"id":140430,"date":"2023-12-19T17:02:25","date_gmt":"2023-12-19T17:02:25","guid":{"rendered":"https:\/\/lighthouselocarno.ch\/prodotto\/arbre-de-noel-dore-lumieres-led-pour-jardin-dhiver\/"},"modified":"2024-07-16T16:21:37","modified_gmt":"2024-07-16T16:21:37","slug":"arbre-de-noel-dore-lumieres-led-pour-jardin-dhiver","status":"publish","type":"product","link":"https:\/\/lighthouselocarno.ch\/fr\/produit\/arbre-de-noel-dore-lumieres-led-pour-jardin-dhiver\/","title":{"rendered":"Arbre de No\u00ebl dor\u00e9 lumi\u00e8res LED pour jardin d&rsquo;hiver"},"content":{"rendered":"<p>          <em><br \/>\n            <strong>O\u00f9 le placer :<\/strong><br \/>\n          <\/em><\/p>\n<ul>\n<li><strong>Salon moderne :<\/strong> Ajoutez une touche contemporaine au coin de votre salon.<\/li>\n<li><strong>Entr\u00e9e accueillante :<\/strong> faites une premi\u00e8re impression inoubliable en le pla\u00e7ant dans la zone d&rsquo;entr\u00e9e.<\/li>\n<li><strong>Chambre \u00e0 coucher chic :<\/strong> Rendez votre chambre \u00e0 coucher encore plus confortable avec ce sapin de No\u00ebl dor\u00e9.<\/li>\n<\/ul>\n","protected":false},"excerpt":{"rendered":"<p>Arbre de No\u00ebl moderne en or nude avec des micro-lampes LED blanc chaud. Faites entrer la magie des f\u00eates de fin d&rsquo;ann\u00e9e dans votre espace avec notre sapin de No\u00ebl moderne et dor\u00e9, \u00e9clair\u00e9 par des micro LED blanc chaud. Cet arbre nu est une interpr\u00e9tation contemporaine d&rsquo;une tradition classique, parfaite pour ajouter une touche d&rsquo;\u00e9l\u00e9gance \u00e0 votre maison pendant les f\u00eates de fin d&rsquo;ann\u00e9e.<\/p>\n<p>Trois dimensions :<\/p>\n<p>grand 70x70x180cm,<\/p>\n<p>moyen 51x51x99cm,<\/p>\n<p>petit 34x30x59cm.<\/p>\n","protected":false},"featured_media":138527,"template":"","meta":{"_seopress_robots_primary_cat":"none","_seopress_titles_title":"","_seopress_titles_desc":"","_seopress_robots_index":""},"product_brand":[],"product_cat":[3747,4040,4137,7190],"product_tag":[5134,5194,6774,7782,7866,7894,7895],"class_list":{"0":"post-140430","1":"product","2":"type-product","3":"status-publish","4":"has-post-thumbnail","6":"product_cat-decoration-interieure","7":"product_cat-decorations-fr","8":"product_cat-decorations-de-noel","9":"product_cat-lampes","10":"product_tag-arbre-de-noel","11":"product_tag-arbre-de-noel-fr","12":"product_tag-decoration-pour-les-fetes-de-fin-dannee","13":"product_tag-noel-fr-2","14":"product_tag-noel-fr-3","15":"product_tag-sapin-de-noel-fr","16":"product_tag-weihnachtsbaum-fr","18":"first","19":"instock","20":"shipping-taxable","21":"purchasable","22":"product-type-variable"},"jetpack_sharing_enabled":true,"_links":{"self":[{"href":"https:\/\/lighthouselocarno.ch\/fr\/wp-json\/wp\/v2\/product\/140430","targetHints":{"allow":["GET"]}}],"collection":[{"href":"https:\/\/lighthouselocarno.ch\/fr\/wp-json\/wp\/v2\/product"}],"about":[{"href":"https:\/\/lighthouselocarno.ch\/fr\/wp-json\/wp\/v2\/types\/product"}],"wp:featuredmedia":[{"embeddable":true,"href":"https:\/\/lighthouselocarno.ch\/fr\/wp-json\/wp\/v2\/media\/138527"}],"wp:attachment":[{"href":"https:\/\/lighthouselocarno.ch\/fr\/wp-json\/wp\/v2\/media?parent=140430"}],"wp:term":[{"taxonomy":"product_brand","embeddable":true,"href":"https:\/\/lighthouselocarno.ch\/fr\/wp-json\/wp\/v2\/product_brand?post=140430"},{"taxonomy":"product_cat","embeddable":true,"href":"https:\/\/lighthouselocarno.ch\/fr\/wp-json\/wp\/v2\/product_cat?post=140430"},{"taxonomy":"product_tag","embeddable":true,"href":"https:\/\/lighthouselocarno.ch\/fr\/wp-json\/wp\/v2\/product_tag?post=140430"}],"curies":[{"name":"wp","href":"https:\/\/api.w.org\/{rel}","templated":true}]}}