{"id":140441,"date":"2023-12-19T17:44:34","date_gmt":"2023-12-19T17:44:34","guid":{"rendered":"https:\/\/lighthouselocarno.ch\/prodotto\/plateaux-en-bois-de-manguier\/"},"modified":"2024-07-16T13:18:29","modified_gmt":"2024-07-16T13:18:29","slug":"plateaux-en-bois-de-manguier","status":"publish","type":"product","link":"https:\/\/lighthouselocarno.ch\/fr\/produit\/plateaux-en-bois-de-manguier\/","title":{"rendered":"Plateau en bois de manguier"},"content":{"rendered":"<p>          <em><br \/>\n            <strong>Caract\u00e9ristiques principales :<\/strong><br \/>\n          <\/em><\/p>\n<ol>\n<li><strong>Bois de manguier de qualit\u00e9 :<\/strong> Fabriqu\u00e9 en bois de manguier de qualit\u00e9 sup\u00e9rieure, le plateau allie robustesse et beaut\u00e9 naturelle, apportant une touche d&rsquo;\u00e9l\u00e9gance \u00e0 n&rsquo;importe quelle pi\u00e8ce.<\/li>\n<li>Warm Brown <strong>:<\/strong> La couleur marron enveloppante ajoute une touche de chaleur et de sophistication \u00e0 votre espace, cr\u00e9ant une atmosph\u00e8re domestique chaleureuse.<\/li>\n<li><strong>Tailles disponibles :<\/strong>\n<ul>\n<li><strong>Petit (37,5 x 12 x 5 cm) :<\/strong> parfait pour compl\u00e9ter votre table ou pour cr\u00e9er des d\u00e9tails de design dans les petits espaces.<\/li>\n<\/ul>\n<\/li>\n<\/ol>\n<p>          <em><br \/>\n            <strong>La polyvalence dans le style :<\/strong><br \/>\n          <\/em><\/p>\n<ul>\n<li><strong>Service \u00e9l\u00e9gant :<\/strong> utilisez le plateau pour pr\u00e9senter \u00e9l\u00e9gamment vos boissons ou encas pr\u00e9f\u00e9r\u00e9s lors d&rsquo;occasions sp\u00e9ciales.<\/li>\n<li><strong>D\u00e9coration de la maison :<\/strong> Ajoutez un d\u00e9tail de design \u00e0 votre maison en pla\u00e7ant le plateau sur une table basse ou une \u00e9tag\u00e8re avec des \u00e9l\u00e9ments d\u00e9coratifs.<\/li>\n<li><strong>Organisation pratique :<\/strong> Gardez vos affaires bien rang\u00e9es en organisant vos cl\u00e9s, vos bijoux ou vos objets de tous les jours avec style.<\/li>\n<\/ul>\n","protected":false},"excerpt":{"rendered":"<p>          <strong>Plateau en bois de manguier brun : \u00e9l\u00e9gance fonctionnelle pour votre maison Ajoutez une touche de chaleur et de fonctionnalit\u00e9 \u00e0 votre maison avec le plateau en bois de manguier brun. Fabriqu\u00e9 avec comp\u00e9tence et attention aux d\u00e9tails, ce plateau est l&rsquo;accessoire parfait pour organiser avec style. Dimensions : 37,5 x 12 x 5 cm<\/strong><\/p>\n","protected":false},"featured_media":138515,"template":"","meta":{"_seopress_robots_primary_cat":"none","_seopress_titles_title":"","_seopress_titles_desc":"","_seopress_robots_index":""},"product_brand":[],"product_cat":[3747,4040,4137,3757,7229],"product_tag":[5323,7820,5130,7817,7818,7822,7900,5845],"class_list":{"0":"post-140441","1":"product","2":"type-product","3":"status-publish","4":"has-post-thumbnail","6":"product_cat-decoration-interieure","7":"product_cat-decorations-fr","8":"product_cat-decorations-de-noel","9":"product_cat-table-fr","10":"product_cat-plats-et-tasses","11":"product_tag-accessoires-de-table","12":"product_tag-holztablett-fr","13":"product_tag-mise-en-place-fr","14":"product_tag-plateau-fr","15":"product_tag-plateau-en-bois-fr","16":"product_tag-plateau-en-bois-fr-2","17":"product_tag-plateau-en-bois-fr-3","18":"product_tag-tableau-fr","20":"first","21":"instock","22":"shipping-taxable","23":"purchasable","24":"product-type-variable"},"jetpack_sharing_enabled":true,"_links":{"self":[{"href":"https:\/\/lighthouselocarno.ch\/fr\/wp-json\/wp\/v2\/product\/140441","targetHints":{"allow":["GET"]}}],"collection":[{"href":"https:\/\/lighthouselocarno.ch\/fr\/wp-json\/wp\/v2\/product"}],"about":[{"href":"https:\/\/lighthouselocarno.ch\/fr\/wp-json\/wp\/v2\/types\/product"}],"wp:featuredmedia":[{"embeddable":true,"href":"https:\/\/lighthouselocarno.ch\/fr\/wp-json\/wp\/v2\/media\/138515"}],"wp:attachment":[{"href":"https:\/\/lighthouselocarno.ch\/fr\/wp-json\/wp\/v2\/media?parent=140441"}],"wp:term":[{"taxonomy":"product_brand","embeddable":true,"href":"https:\/\/lighthouselocarno.ch\/fr\/wp-json\/wp\/v2\/product_brand?post=140441"},{"taxonomy":"product_cat","embeddable":true,"href":"https:\/\/lighthouselocarno.ch\/fr\/wp-json\/wp\/v2\/product_cat?post=140441"},{"taxonomy":"product_tag","embeddable":true,"href":"https:\/\/lighthouselocarno.ch\/fr\/wp-json\/wp\/v2\/product_tag?post=140441"}],"curies":[{"name":"wp","href":"https:\/\/api.w.org\/{rel}","templated":true}]}}