{"id":140448,"date":"2023-12-19T17:59:13","date_gmt":"2023-12-19T17:59:13","guid":{"rendered":"https:\/\/lighthouselocarno.ch\/prodotto\/vase-antique-en-or\/"},"modified":"2025-12-02T21:06:56","modified_gmt":"2025-12-02T21:06:56","slug":"vase-antique-en-or","status":"publish","type":"product","link":"https:\/\/lighthouselocarno.ch\/fr\/produit\/vase-antique-en-or\/","title":{"rendered":"Vase antique en or"},"content":{"rendered":"<p>Rendez votre espace unique avec le vase d\u00e9coratif en verre brun antique et dor\u00e9. Ajoutez-le \u00e0 votre panier et transformez votre maison en une oasis de style et de sophistication.<\/p>\n","protected":false},"excerpt":{"rendered":"<p><strong>Vase d\u00e9coratif en verre<\/strong> <strong>satin\u00e9 or clair <\/strong>. Enrichissez votre espace avec l&rsquo;\u00e9l\u00e9gance intemporelle de notre vase d\u00e9coratif en verre, une fusion parfaite de sophistication et de style. Avec son design complexe et sa couleur brun-or antique, ce vase deviendra le point de mire id\u00e9al pour votre int\u00e9rieur.<\/p>\n<p>Dimensions : 23x23x23 cm<\/p>\n","protected":false},"featured_media":138503,"template":"","meta":{"_seopress_robots_primary_cat":"none","_seopress_titles_title":"","_seopress_titles_desc":"","_seopress_robots_index":""},"product_brand":[],"product_cat":[6122,7198,3747,4040,4137],"product_tag":[7887,7881,7904,7889,7874],"class_list":{"0":"post-140448","1":"product","2":"type-product","3":"status-publish","4":"has-post-thumbnail","6":"product_cat-accessoires","7":"product_cat-deco","8":"product_cat-decoration-interieure","9":"product_cat-decorations-fr","10":"product_cat-decorations-de-noel","11":"product_tag-glasvase-fr","12":"product_tag-vase-fr","13":"product_tag-vase-en-or","14":"product_tag-vase-en-verre-fr-3","15":"product_tag-vase-en-verre-fr","17":"first","18":"outofstock","19":"shipping-taxable","20":"purchasable","21":"product-type-simple"},"jetpack_sharing_enabled":true,"_links":{"self":[{"href":"https:\/\/lighthouselocarno.ch\/fr\/wp-json\/wp\/v2\/product\/140448","targetHints":{"allow":["GET"]}}],"collection":[{"href":"https:\/\/lighthouselocarno.ch\/fr\/wp-json\/wp\/v2\/product"}],"about":[{"href":"https:\/\/lighthouselocarno.ch\/fr\/wp-json\/wp\/v2\/types\/product"}],"wp:featuredmedia":[{"embeddable":true,"href":"https:\/\/lighthouselocarno.ch\/fr\/wp-json\/wp\/v2\/media\/138503"}],"wp:attachment":[{"href":"https:\/\/lighthouselocarno.ch\/fr\/wp-json\/wp\/v2\/media?parent=140448"}],"wp:term":[{"taxonomy":"product_brand","embeddable":true,"href":"https:\/\/lighthouselocarno.ch\/fr\/wp-json\/wp\/v2\/product_brand?post=140448"},{"taxonomy":"product_cat","embeddable":true,"href":"https:\/\/lighthouselocarno.ch\/fr\/wp-json\/wp\/v2\/product_cat?post=140448"},{"taxonomy":"product_tag","embeddable":true,"href":"https:\/\/lighthouselocarno.ch\/fr\/wp-json\/wp\/v2\/product_tag?post=140448"}],"curies":[{"name":"wp","href":"https:\/\/api.w.org\/{rel}","templated":true}]}}