{"id":140454,"date":"2023-12-13T15:20:49","date_gmt":"2023-12-13T15:20:49","guid":{"rendered":"https:\/\/lighthouselocarno.ch\/prodotto\/tapis-pour-enfants-bear-head\/"},"modified":"2023-12-19T18:15:38","modified_gmt":"2023-12-19T18:15:38","slug":"tapis-pour-enfants-bear-head","status":"publish","type":"product","link":"https:\/\/lighthouselocarno.ch\/fr\/produit\/tapis-pour-enfants-bear-head\/","title":{"rendered":"Tapis d&rsquo;enfant en forme de t\u00eate d&rsquo;ours"},"content":{"rendered":"<p>          <em><br \/>\n            <strong>Caract\u00e9ristiques principales :<\/strong><br \/>\n          <\/em><\/p>\n<ol>\n<li><strong>Fourrure \u00e9cologique de haute qualit\u00e9 :<\/strong> Notre fausse fourrure offre la m\u00eame douceur et la m\u00eame brillance que les fourrures traditionnelles, sans aucun impact n\u00e9gatif sur l&rsquo;environnement. Choisissez la durabilit\u00e9 sans sacrifier le style.<\/li>\n<li><strong>Design r\u00e9aliste :<\/strong> la forme r\u00e9aliste d&rsquo;une t\u00eate d&rsquo;ours donne au tapis un aspect fascinant et stimulant, captant l&rsquo;imagination des enfants.<\/li>\n<li><strong>Taille parfaite pour le jeu :<\/strong> avec ses dimensions g\u00e9n\u00e9reuses, le tapis offre un espace id\u00e9al pour le jeu, les activit\u00e9s cr\u00e9atives et la relaxation.<\/li>\n<\/ol>\n<p>          <em><br \/>\n            <strong>Le luxe sans compromis :<\/strong><br \/>\n          <\/em><\/p>\n<ul>\n<li><strong>Doux au toucher :<\/strong> Con\u00e7u pour un maximum de confort, le tapis est incroyablement doux au toucher, cr\u00e9ant un espace de jeu cocooning.<\/li>\n<li><strong>S\u00fbr et hypoallerg\u00e9nique :<\/strong> la fourrure \u00e9cologique est exempte de substances nocives, ce qui garantit un environnement s\u00fbr et hypoallerg\u00e9nique pour vos enfants.<\/li>\n<\/ul>\n<p>          <em><br \/>\n            <strong>Style et durabilit\u00e9 unis :<\/strong><br \/>\n          <\/em><\/p>\n<ul>\n<li><strong>\u00c9l\u00e9ment<\/strong> d\u00e9coratif tendance <strong>:<\/strong> Outre sa fonction ludique, le tapis est un \u00e9l\u00e9ment d\u00e9coratif tendance qui met en valeur n&rsquo;importe quelle pi\u00e8ce.<\/li>\n<li><strong>Choix \u00e9cologique :<\/strong> optez pour l&rsquo;\u00e9codurabilit\u00e9 sans sacrifier le style, prouvant ainsi que le luxe et la responsabilit\u00e9 environnementale peuvent aller de pair.<\/li>\n<\/ul>\n","protected":false},"excerpt":{"rendered":"<p><strong>Tapis de jeu pour enfants Bear Head : l\u00e0 o\u00f9 le plaisir commence !<\/strong><\/p>\n<p>Introduisez un monde de jeu et d&rsquo;imagination dans la chambre de vos petits avec le tapis de jeu pour enfants en forme de \u00abt\u00eate d&rsquo;ours\u00bb. Ce tapis n&rsquo;est pas seulement un ajout douillet au sol, mais aussi un espace enchant\u00e9 o\u00f9 la cr\u00e9ativit\u00e9 prend vie.<\/p>\n<p><strong>Transformez la chambre de votre enfant en un havre de style et d&rsquo;amusement avec le tapis de jeu Eco Fur &lsquo;Bear Head&rsquo;. Achetez-le d\u00e8s aujourd&rsquo;hui et offrez \u00e0 vos enfants une exp\u00e9rience de jeu extraordinaire !<\/strong><\/p>\n","protected":false},"featured_media":138627,"template":"","meta":{"_seopress_robots_primary_cat":"none","_seopress_titles_title":"","_seopress_titles_desc":"","_seopress_robots_index":""},"product_brand":[],"product_cat":[6122,5935,3747,4137,6134],"product_tag":[7957,7953,7954,7952,7955,7956,7958],"class_list":{"0":"post-140454","1":"product","2":"type-product","3":"status-publish","4":"has-post-thumbnail","6":"product_cat-accessoires","7":"product_cat-actualites","8":"product_cat-decoration-interieure","9":"product_cat-decorations-de-noel","10":"product_cat-tapis","11":"product_tag-barenteppich-fur-kinder-fr","12":"product_tag-ensemble-de-chambre-a-coucher","13":"product_tag-idees-de-cadeaux","14":"product_tag-tapis-fr","15":"product_tag-tapis-en-forme-dours-pour-enfants-fr","16":"product_tag-tapis-en-forme-dours-pour-enfants-fr-2","17":"product_tag-tapis-en-forme-dours-pour-enfants-fr-3","19":"first","20":"instock","21":"shipping-taxable","22":"purchasable","23":"product-type-simple"},"jetpack_sharing_enabled":true,"_links":{"self":[{"href":"https:\/\/lighthouselocarno.ch\/fr\/wp-json\/wp\/v2\/product\/140454","targetHints":{"allow":["GET"]}}],"collection":[{"href":"https:\/\/lighthouselocarno.ch\/fr\/wp-json\/wp\/v2\/product"}],"about":[{"href":"https:\/\/lighthouselocarno.ch\/fr\/wp-json\/wp\/v2\/types\/product"}],"wp:featuredmedia":[{"embeddable":true,"href":"https:\/\/lighthouselocarno.ch\/fr\/wp-json\/wp\/v2\/media\/138627"}],"wp:attachment":[{"href":"https:\/\/lighthouselocarno.ch\/fr\/wp-json\/wp\/v2\/media?parent=140454"}],"wp:term":[{"taxonomy":"product_brand","embeddable":true,"href":"https:\/\/lighthouselocarno.ch\/fr\/wp-json\/wp\/v2\/product_brand?post=140454"},{"taxonomy":"product_cat","embeddable":true,"href":"https:\/\/lighthouselocarno.ch\/fr\/wp-json\/wp\/v2\/product_cat?post=140454"},{"taxonomy":"product_tag","embeddable":true,"href":"https:\/\/lighthouselocarno.ch\/fr\/wp-json\/wp\/v2\/product_tag?post=140454"}],"curies":[{"name":"wp","href":"https:\/\/api.w.org\/{rel}","templated":true}]}}