{"id":140457,"date":"2023-12-19T18:18:07","date_gmt":"2023-12-19T18:18:07","guid":{"rendered":"https:\/\/lighthouselocarno.ch\/prodotto\/tapis-a-tete-dours-pour-enfants\/"},"modified":"2023-12-19T18:18:07","modified_gmt":"2023-12-19T18:18:07","slug":"tapis-a-tete-dours-pour-enfants","status":"publish","type":"product","link":"https:\/\/lighthouselocarno.ch\/fr\/produit\/tapis-a-tete-dours-pour-enfants\/","title":{"rendered":"Tapis \u00e0 t\u00eate d&rsquo;ours pour enfants"},"content":{"rendered":"<p>          <strong>Transformez la chambre de votre enfant en un havre de style et d&rsquo;amusement avec le tapis de jeu Eco Fur &lsquo;Bear Head&rsquo;. Achetez-le d\u00e8s aujourd&rsquo;hui et offrez \u00e0 vos enfants une exp\u00e9rience de jeu extraordinaire !<\/strong><\/p>\n","protected":false},"excerpt":{"rendered":"<p><strong>Tapis de jeu pour enfants \u00abT\u00eate d&rsquo;ours\u00bb d&rsquo;Eco Fur : un plaisir luxueux et durable<\/strong><\/p>\n<p>Ajoutez une touche de luxe durable \u00e0 la chambre de vos enfants avec le tapis de jeu unique \u00abT\u00eate d&rsquo;ours\u00bb en fausse fourrure. En plus d&rsquo;offrir une exp\u00e9rience douce et confortable, ce tapis est une injection de style et d&rsquo;amusement dans l&rsquo;univers des petits.<\/p>\n","protected":false},"featured_media":138599,"template":"","meta":{"_seopress_robots_primary_cat":"none","_seopress_titles_title":"","_seopress_titles_desc":"","_seopress_robots_index":""},"product_brand":[],"product_cat":[6122,5935,6134],"product_tag":[7957,7958,7955,7956],"class_list":{"0":"post-140457","1":"product","2":"type-product","3":"status-publish","4":"has-post-thumbnail","6":"product_cat-accessoires","7":"product_cat-actualites","8":"product_cat-tapis","9":"product_tag-barenteppich-fur-kinder-fr","10":"product_tag-tapis-en-forme-dours-pour-enfants-fr-3","11":"product_tag-tapis-en-forme-dours-pour-enfants-fr","12":"product_tag-tapis-en-forme-dours-pour-enfants-fr-2","14":"first","15":"instock","16":"shipping-taxable","17":"product-type-simple"},"jetpack_sharing_enabled":true,"_links":{"self":[{"href":"https:\/\/lighthouselocarno.ch\/fr\/wp-json\/wp\/v2\/product\/140457","targetHints":{"allow":["GET"]}}],"collection":[{"href":"https:\/\/lighthouselocarno.ch\/fr\/wp-json\/wp\/v2\/product"}],"about":[{"href":"https:\/\/lighthouselocarno.ch\/fr\/wp-json\/wp\/v2\/types\/product"}],"wp:featuredmedia":[{"embeddable":true,"href":"https:\/\/lighthouselocarno.ch\/fr\/wp-json\/wp\/v2\/media\/138599"}],"wp:attachment":[{"href":"https:\/\/lighthouselocarno.ch\/fr\/wp-json\/wp\/v2\/media?parent=140457"}],"wp:term":[{"taxonomy":"product_brand","embeddable":true,"href":"https:\/\/lighthouselocarno.ch\/fr\/wp-json\/wp\/v2\/product_brand?post=140457"},{"taxonomy":"product_cat","embeddable":true,"href":"https:\/\/lighthouselocarno.ch\/fr\/wp-json\/wp\/v2\/product_cat?post=140457"},{"taxonomy":"product_tag","embeddable":true,"href":"https:\/\/lighthouselocarno.ch\/fr\/wp-json\/wp\/v2\/product_tag?post=140457"}],"curies":[{"name":"wp","href":"https:\/\/api.w.org\/{rel}","templated":true}]}}