{"id":140460,"date":"2023-12-19T18:20:28","date_gmt":"2023-12-19T18:20:28","guid":{"rendered":"https:\/\/lighthouselocarno.ch\/prodotto\/tapis-dours-pour-enfants\/"},"modified":"2023-12-19T18:20:28","modified_gmt":"2023-12-19T18:20:28","slug":"tapis-dours-pour-enfants","status":"publish","type":"product","link":"https:\/\/lighthouselocarno.ch\/fr\/produit\/tapis-dours-pour-enfants\/","title":{"rendered":"Tapis d&rsquo;ours pour enfants"},"content":{"rendered":"","protected":false},"excerpt":{"rendered":"<p><strong>Tapis de jeu pour enfants \u00abTeddy Bear\u00bb en fourrure \u00e9cologique : un plaisir luxueux et durable.  <\/strong>Matelas \u00e0 langer pour enfants en forme d&rsquo;ours. Couleur blanche. Lavable \u00e0 30 degr\u00e9s. 100% polyester Dimensions 103 x 82 x 1,5<\/p>\n","protected":false},"featured_media":138615,"template":"","meta":{"_seopress_robots_primary_cat":"none","_seopress_titles_title":"","_seopress_titles_desc":"","_seopress_robots_index":""},"product_brand":[],"product_cat":[6122,5935,6134],"product_tag":[7952,7970,7971],"class_list":{"0":"post-140460","1":"product","2":"type-product","3":"status-publish","4":"has-post-thumbnail","6":"product_cat-accessoires","7":"product_cat-actualites","8":"product_cat-tapis","9":"product_tag-tapis-fr","10":"product_tag-tapis-fr-2","11":"product_tag-tapis-fr-3","13":"first","14":"instock","15":"shipping-taxable","16":"purchasable","17":"product-type-simple"},"jetpack_sharing_enabled":true,"_links":{"self":[{"href":"https:\/\/lighthouselocarno.ch\/fr\/wp-json\/wp\/v2\/product\/140460","targetHints":{"allow":["GET"]}}],"collection":[{"href":"https:\/\/lighthouselocarno.ch\/fr\/wp-json\/wp\/v2\/product"}],"about":[{"href":"https:\/\/lighthouselocarno.ch\/fr\/wp-json\/wp\/v2\/types\/product"}],"wp:featuredmedia":[{"embeddable":true,"href":"https:\/\/lighthouselocarno.ch\/fr\/wp-json\/wp\/v2\/media\/138615"}],"wp:attachment":[{"href":"https:\/\/lighthouselocarno.ch\/fr\/wp-json\/wp\/v2\/media?parent=140460"}],"wp:term":[{"taxonomy":"product_brand","embeddable":true,"href":"https:\/\/lighthouselocarno.ch\/fr\/wp-json\/wp\/v2\/product_brand?post=140460"},{"taxonomy":"product_cat","embeddable":true,"href":"https:\/\/lighthouselocarno.ch\/fr\/wp-json\/wp\/v2\/product_cat?post=140460"},{"taxonomy":"product_tag","embeddable":true,"href":"https:\/\/lighthouselocarno.ch\/fr\/wp-json\/wp\/v2\/product_tag?post=140460"}],"curies":[{"name":"wp","href":"https:\/\/api.w.org\/{rel}","templated":true}]}}