{"id":140595,"date":"2023-12-20T10:08:46","date_gmt":"2023-12-20T10:08:46","guid":{"rendered":"https:\/\/lighthouselocarno.ch\/prodotto\/perle-de-verre-pour-vin-chaud\/"},"modified":"2025-06-06T08:22:02","modified_gmt":"2025-06-06T08:22:02","slug":"perle-de-verre-pour-vin-chaud","status":"publish","type":"product","link":"https:\/\/lighthouselocarno.ch\/fr\/produit\/perle-de-verre-pour-vin-chaud\/","title":{"rendered":"Perle de verre pour vin chaud"},"content":{"rendered":"","protected":false},"excerpt":{"rendered":"<div class=\"flex flex-grow flex-col max-w-full\">\n<div class=\"min-h-[20px] text-message flex flex-col items-start gap-3 whitespace-pre-wrap break-words [.text-message+&amp;]:mt-5 overflow-x-auto\" data-message-author-role=\"assistant\" data-message-id=\"b7b26148-c1f9-413b-83ef-2058ae539690\">\n<div class=\"markdown prose w-full break-words dark:prose-invert light\">\n<p>D\u00e9couvrez la touche magique de l&rsquo;hiver avec la <strong>sph\u00e8re \u00e0 vin chaud en verre tremp\u00e9, un authentique must-have pour r\u00e9chauffer vos moments sp\u00e9ciaux et impressionner vos invit\u00e9s !<\/strong> Id\u00e9ale pour <strong>servir des boissons chaudes avec cr\u00e9ativit\u00e9<\/strong>, cette sph\u00e8re transformera l&rsquo;exp\u00e9rience de vos <strong>soir\u00e9es d&rsquo;hiver<\/strong>.<\/p>\n<p>Fabriqu\u00e9e en <strong>verre tremp\u00e9 de haute qualit\u00e9,<\/strong> la sph\u00e8re ajoute une touche distinctive \u00e0 vos boissons hivernales pr\u00e9f\u00e9r\u00e9es<strong>,<\/strong> apportant une touche de magie et de c\u00e9l\u00e9bration \u00e0 chaque gorg\u00e9e.<\/p>\n<p>Rendez chaque moment unique avec la sph\u00e8re en verre tremp\u00e9 : <strong>le compl\u00e9ment id\u00e9al pour pr\u00e9senter un vin chaud parfum\u00e9 ou un d\u00e9licieux punch \u00e0 la mandarine<\/strong>. Optez pour la beaut\u00e9, la fonctionnalit\u00e9 et l&rsquo;\u00e9l\u00e9gance en un seul produit et transformez vos moments d&rsquo;hiver en exp\u00e9riences inoubliables.<\/p>\n<\/div>\n<\/div>\n<\/div>\n<div class=\"mt-1 flex justify-start gap-3 empty:hidden\">\n<div class=\"text-gray-400 flex self-end lg:self-center justify-center lg:justify-start mt-0 gap-1 visible\"><\/div>\n<\/div>\n","protected":false},"featured_media":138479,"template":"","meta":{"_seopress_robots_primary_cat":"none","_seopress_titles_title":"","_seopress_titles_desc":"","_seopress_robots_index":""},"product_brand":[],"product_cat":[5935,3747,4040,4137,3757,7229],"product_tag":[7978,5183,4178,5212,5247,5130,7979],"class_list":{"0":"post-140595","1":"product","2":"type-product","3":"status-publish","4":"has-post-thumbnail","6":"product_cat-actualites","7":"product_cat-decoration-interieure","8":"product_cat-decorations-fr","9":"product_cat-decorations-de-noel","10":"product_cat-table-fr","11":"product_cat-plats-et-tasses","12":"product_tag-cadeau-de-noel","13":"product_tag-decoration-de-noel-fr-3","14":"product_tag-decoration-de-noel-fr-2","15":"product_tag-idee-de-cadeau","16":"product_tag-idee-de-cadeau-de-noel","17":"product_tag-mise-en-place-fr","18":"product_tag-vin-brule-fr","20":"first","21":"instock","22":"shipping-taxable","23":"purchasable","24":"product-type-simple"},"jetpack_sharing_enabled":true,"_links":{"self":[{"href":"https:\/\/lighthouselocarno.ch\/fr\/wp-json\/wp\/v2\/product\/140595","targetHints":{"allow":["GET"]}}],"collection":[{"href":"https:\/\/lighthouselocarno.ch\/fr\/wp-json\/wp\/v2\/product"}],"about":[{"href":"https:\/\/lighthouselocarno.ch\/fr\/wp-json\/wp\/v2\/types\/product"}],"wp:featuredmedia":[{"embeddable":true,"href":"https:\/\/lighthouselocarno.ch\/fr\/wp-json\/wp\/v2\/media\/138479"}],"wp:attachment":[{"href":"https:\/\/lighthouselocarno.ch\/fr\/wp-json\/wp\/v2\/media?parent=140595"}],"wp:term":[{"taxonomy":"product_brand","embeddable":true,"href":"https:\/\/lighthouselocarno.ch\/fr\/wp-json\/wp\/v2\/product_brand?post=140595"},{"taxonomy":"product_cat","embeddable":true,"href":"https:\/\/lighthouselocarno.ch\/fr\/wp-json\/wp\/v2\/product_cat?post=140595"},{"taxonomy":"product_tag","embeddable":true,"href":"https:\/\/lighthouselocarno.ch\/fr\/wp-json\/wp\/v2\/product_tag?post=140595"}],"curies":[{"name":"wp","href":"https:\/\/api.w.org\/{rel}","templated":true}]}}