{"id":140780,"date":"2024-01-19T14:15:02","date_gmt":"2024-01-19T14:15:02","guid":{"rendered":"https:\/\/lighthouselocarno.ch\/prodotto\/boucles-doreilles-en-acier-dore-avec-cristaux-et-pendentif-en-pierre-de-raisin\/"},"modified":"2024-08-06T09:29:07","modified_gmt":"2024-08-06T09:29:07","slug":"boucles-doreilles-en-acier-dore-avec-cristaux-et-pendentif-en-pierre-de-raisin","status":"publish","type":"product","link":"https:\/\/lighthouselocarno.ch\/fr\/produit\/boucles-doreilles-en-acier-dore-avec-cristaux-et-pendentif-en-pierre-de-raisin\/","title":{"rendered":"Boucles d&rsquo;oreilles en acier plaqu\u00e9 or rose avec cristaux et pendentif en pierre de raisin violet"},"content":{"rendered":"<p>Explorez toute une <strong>collection<\/strong> extraordinaire <strong>de bijoux<\/strong> \u00e0 l&rsquo;\u00e9l\u00e9gance raffin\u00e9e, rehauss\u00e9e de pierres aux couleurs vari\u00e9es pour rehausser la perfection de votre<strong> tenue<\/strong>.<br \/>\nD\u00e9couvrez toutes les combinaisons de bijoux qui ajouteront une <strong>touche de glamour \u00e0 votre style <\/strong>. Choisissez parmi une <strong>s\u00e9lection exclusive<\/strong> de <strong>couleurs et de mod\u00e8les<\/strong> impeccables pour compl\u00e9ter votre <strong>look<\/strong> avec style. <em><strong>Informations compl\u00e9mentaires<\/strong><\/em> <\/p>\n<ul>\n<li>Fabrication artisanale<\/li>\n<li>Bijoux de haute qualit\u00e9<\/li>\n<li>Pi\u00e8ces m\u00e9talliques rev\u00eatues\/plaqu\u00e9es<\/li>\n<li>Anallergique\/Sans nickel<\/li>\n<li>Cristal europ\u00e9en certifi\u00e9.<\/li>\n<li>Acier inoxydable<\/li>\n<\/ul>\n<p><em><strong>Instructions d&rsquo;entretien du produit<\/strong> <\/em> Pour maintenir le produit en parfait \u00e9tat, nous vous recommandons d&rsquo;\u00e9viter tout contact direct avec le maquillage, le parfum et l&rsquo;eau. Conservez vos bijoux dans leur emballage d&rsquo;origine ou dans une pochette en velours pour \u00e9viter les rayures. Un polissage occasionnel \u00e0 l&rsquo;aide d&rsquo;un chiffon doux permet de conserver l&rsquo;\u00e9clat.  &nbsp;<\/p>\n","protected":false},"excerpt":{"rendered":"<h3><strong>Boucles d&rsquo;oreilles &lsquo;Firenze Deluxe&rsquo; en acier inoxydable INOX avec pav\u00e9 de cristal et pendentif en pierre violette Grape\/Uva.<\/strong><\/h3>\n<p><strong>Boucles d&rsquo;oreilles \u00e9l\u00e9gantes et sophistiqu\u00e9es en acier inoxydable inrayable de couleur or rose, pav\u00e9es de cristaux blancs et d&rsquo;une pierre violette en pendentif.<\/strong>  Un bijou exclusif en acier inoxydable poli, anallergique et durable. Ces boucles d&rsquo;oreilles sont une pi\u00e8ce exclusive de joaillerie fine en acier inoxydable avec un rev\u00eatement sp\u00e9cial qui maintient l&rsquo;\u00e9clat du m\u00e9tal au fil du temps. D\u00e9couvrez l&rsquo;\u00e9l\u00e9gance intemporelle de ces <strong>boucles d&rsquo;oreilles cr\u00e9oles<\/strong> exclusives <strong>en acier avec cristaux et pierre de couleur raisin<\/strong>.<br \/>\nCes boucles d&rsquo;oreilles sont fabriqu\u00e9es avec un <strong>savoir-faire artisanal<\/strong> et des <strong>mat\u00e9riaux de haute qualit\u00e9 <\/strong>.<strong>Cr\u00e9ez votre propre parure :<\/strong> associez ces boucles d&rsquo;oreilles aux bagues Firenze Deluxe et aux pendentifs du collier Firenze.<br \/>\nCollection Firenze Deluxe Longueur totale 2,5 cm Sans nickel    &nbsp;<\/p>\n","protected":false},"featured_media":140568,"template":"","meta":{"_seopress_robots_primary_cat":"none","_seopress_titles_title":"Boucles d'oreilles 'Firenze Deluxe' en acier inoxydable avec cristaux et pendentif en pierre Grape\/Uva.","_seopress_titles_desc":"D\u00e9couvrez l'\u00e9l\u00e9gance intemporelle de ces boucles d'oreilles exclusives en acier avec cristaux et pierre de couleur raisin. Ces boucles d'oreilles sont fabriqu\u00e9es avec un savoir-faire artisanal et des mat\u00e9riaux de haute qualit\u00e9, et incarnent un style sophistiqu\u00e9 et raffin\u00e9.","_seopress_robots_index":""},"product_brand":[],"product_cat":[5935,4113,4144],"product_tag":[5062,4121,4145,5542,8024,8025,5549],"class_list":{"0":"post-140780","1":"product","2":"type-product","3":"status-publish","4":"has-post-thumbnail","6":"product_cat-actualites","7":"product_cat-bijoux-fr","8":"product_cat-boucles-doreilles","9":"product_tag-bijoux-fr-2","10":"product_tag-bijoux-fr","11":"product_tag-boucles-doreilles","12":"product_tag-boucles-doreilles-fr","13":"product_tag-boucles-doreilles-creoles","14":"product_tag-haute-joaillerie","15":"product_tag-ohrringe-fr","17":"first","18":"outofstock","19":"shipping-taxable","20":"purchasable","21":"product-type-simple"},"jetpack_sharing_enabled":true,"_links":{"self":[{"href":"https:\/\/lighthouselocarno.ch\/fr\/wp-json\/wp\/v2\/product\/140780","targetHints":{"allow":["GET"]}}],"collection":[{"href":"https:\/\/lighthouselocarno.ch\/fr\/wp-json\/wp\/v2\/product"}],"about":[{"href":"https:\/\/lighthouselocarno.ch\/fr\/wp-json\/wp\/v2\/types\/product"}],"wp:featuredmedia":[{"embeddable":true,"href":"https:\/\/lighthouselocarno.ch\/fr\/wp-json\/wp\/v2\/media\/140568"}],"wp:attachment":[{"href":"https:\/\/lighthouselocarno.ch\/fr\/wp-json\/wp\/v2\/media?parent=140780"}],"wp:term":[{"taxonomy":"product_brand","embeddable":true,"href":"https:\/\/lighthouselocarno.ch\/fr\/wp-json\/wp\/v2\/product_brand?post=140780"},{"taxonomy":"product_cat","embeddable":true,"href":"https:\/\/lighthouselocarno.ch\/fr\/wp-json\/wp\/v2\/product_cat?post=140780"},{"taxonomy":"product_tag","embeddable":true,"href":"https:\/\/lighthouselocarno.ch\/fr\/wp-json\/wp\/v2\/product_tag?post=140780"}],"curies":[{"name":"wp","href":"https:\/\/api.w.org\/{rel}","templated":true}]}}