{"id":140786,"date":"2023-07-16T15:28:25","date_gmt":"2023-07-16T15:28:25","guid":{"rendered":"https:\/\/lighthouselocarno.ch\/prodotto\/bracelet-en-acier-inoxydable-plaque-or-avec-cristaux-et-pendentif\/"},"modified":"2026-01-09T13:42:26","modified_gmt":"2026-01-09T13:42:26","slug":"bracelet-en-acier-inoxydable-plaque-or-avec-cristaux-et-pendentif","status":"publish","type":"product","link":"https:\/\/lighthouselocarno.ch\/fr\/produit\/bracelet-en-acier-inoxydable-plaque-or-avec-cristaux-et-pendentif\/","title":{"rendered":"Bracelet en acier inoxydable plaqu\u00e9 or avec cristaux et pendentif"},"content":{"rendered":"<p>Explorez toute la collection extraordinaire de <strong>bijoux fantaisie<\/strong> qui transmettent une \u00e9l\u00e9gance raffin\u00e9e, enrichie de pierres dans une vari\u00e9t\u00e9 de couleurs pour sublimer votre <strong>tenue.<\/strong> D\u00e9couvrez toutes les combinaisons de bijoux fantaisie qui ajouteront <strong>une touche de glamour \u00e0 votre style.<\/strong> Choisissez parmi la s\u00e9lection exclusive de couleurs et de designs impeccables pour compl\u00e9ter votre <strong>look avec style.<\/strong><\/p>\n<p><b><i>Informations compl\u00e9mentaires<\/i><\/b><\/p>\n<ul>\n<li>Fabrication artisanale<\/li>\n<\/ul>\n<ul>\n<li>Bijoux de haute qualit\u00e9<\/li>\n<\/ul>\n<ul>\n<li>Pi\u00e8ces m\u00e9talliques rev\u00eatues\/plaqu\u00e9es<\/li>\n<\/ul>\n<ul>\n<li>Anallergique\/Sans nickel<\/li>\n<\/ul>\n<ul>\n<li>Cristal europ\u00e9en certifi\u00e9.<\/li>\n<\/ul>\n<ul>\n<li>Acier inoxydable<\/li>\n<\/ul>\n<p><b><i>Instructions d&rsquo;entretien du produit<\/i><\/b><\/p>\n<p>Pour conserver le produit en parfait \u00e9tat, il est recommand\u00e9 d&rsquo;\u00e9viter tout contact direct avec le maquillage, le parfum et l&rsquo;eau. Conservez vos bijoux dans leur emballage d&rsquo;origine ou dans une pochette en velours pour \u00e9viter les rayures. Un polissage occasionnel \u00e0 l&rsquo;aide d&rsquo;un chiffon doux permet de conserver l&rsquo;\u00e9clat.<\/p>\n","protected":false},"excerpt":{"rendered":"<p><strong>Bracelet \u00e9l\u00e9gant et raffin\u00e9 en acier inoxydable de couleur or avec fermoir \u00e0 levier et anneau assorti orn\u00e9 de cristaux.  <\/strong><\/p>\n<p>D\u00e9couvrez l&rsquo;\u00e9l\u00e9gance intemporelle avec notre magnifique <strong>bracelet en acier inoxydable plaqu\u00e9 or r\u00e9sistant aux rayures, orn\u00e9 de cristaux blancs<\/strong> sur le fermoir et d&rsquo;un pendentif unique. Cet accessoire raffin\u00e9 allie design moderne et durabilit\u00e9, offrant une touche de luxe en toute occasion. Une pi\u00e8ce exclusive de <strong>haute joaillerie<\/strong> en acier inoxydable poli, anallergique et durable. Ce bracelet est un bijou exclusif, fabriqu\u00e9 en acier inoxydable avec un rev\u00eatement sp\u00e9cial qui maintient l&rsquo;\u00e9clat du m\u00e9tal poli au fil du temps. Le bracelet pour femme est fabriqu\u00e9 avec des <b>mat\u00e9riaux de haute qualit\u00e9<\/b> et un <b>savoir-faire artisanal soign\u00e9<\/b>.<\/p>\n<p><b>Cr\u00e9ez votre propre parure : <\/b>ce bracelet comporte un \u00e9l\u00e9ment int\u00e9gr\u00e9 qui peut \u00eatre combin\u00e9 avec tous les \u00e9l\u00e9ments de la <strong>collection Interchangeable<\/strong>.<\/p>\n<p>Collection interchangeable<\/p>\n<p>Le bracelet est disponible en deux longueurs : 20 cm et 23 cm.<br \/>\nDiam\u00e8tre de l&rsquo;anneau du fermoir \u00e0 levier : 17 mm<\/p>\n<p>Sans nickel<\/p>\n<p>&nbsp;<\/p>\n","protected":false},"featured_media":140580,"template":"","meta":{"_seopress_robots_primary_cat":"none","_seopress_titles_title":"","_seopress_titles_desc":"","_seopress_robots_index":""},"product_brand":[],"product_cat":[5935,4113,4141],"product_tag":[4121,8032,4142,4149],"class_list":{"0":"post-140786","1":"product","2":"type-product","3":"status-publish","4":"has-post-thumbnail","6":"product_cat-actualites","7":"product_cat-bijoux-fr","8":"product_cat-bracelets-fr","9":"product_tag-bijoux-fr","10":"product_tag-bijoux-fantaisie","11":"product_tag-bracelet-fr","12":"product_tag-bracelet-fr-2","14":"first","15":"outofstock","16":"shipping-taxable","17":"purchasable","18":"product-type-simple"},"jetpack_sharing_enabled":true,"_links":{"self":[{"href":"https:\/\/lighthouselocarno.ch\/fr\/wp-json\/wp\/v2\/product\/140786","targetHints":{"allow":["GET"]}}],"collection":[{"href":"https:\/\/lighthouselocarno.ch\/fr\/wp-json\/wp\/v2\/product"}],"about":[{"href":"https:\/\/lighthouselocarno.ch\/fr\/wp-json\/wp\/v2\/types\/product"}],"wp:featuredmedia":[{"embeddable":true,"href":"https:\/\/lighthouselocarno.ch\/fr\/wp-json\/wp\/v2\/media\/140580"}],"wp:attachment":[{"href":"https:\/\/lighthouselocarno.ch\/fr\/wp-json\/wp\/v2\/media?parent=140786"}],"wp:term":[{"taxonomy":"product_brand","embeddable":true,"href":"https:\/\/lighthouselocarno.ch\/fr\/wp-json\/wp\/v2\/product_brand?post=140786"},{"taxonomy":"product_cat","embeddable":true,"href":"https:\/\/lighthouselocarno.ch\/fr\/wp-json\/wp\/v2\/product_cat?post=140786"},{"taxonomy":"product_tag","embeddable":true,"href":"https:\/\/lighthouselocarno.ch\/fr\/wp-json\/wp\/v2\/product_tag?post=140786"}],"curies":[{"name":"wp","href":"https:\/\/api.w.org\/{rel}","templated":true}]}}