{"id":140910,"date":"2024-01-20T07:46:48","date_gmt":"2024-01-20T07:46:48","guid":{"rendered":"https:\/\/lighthouselocarno.ch\/prodotto\/bague-deternite-en-or-rose-et-acier-inoxydable-avec-cristaux\/"},"modified":"2026-01-09T16:56:51","modified_gmt":"2026-01-09T16:56:51","slug":"bague-deternite-en-or-rose-et-acier-inoxydable-avec-cristaux","status":"publish","type":"product","link":"https:\/\/lighthouselocarno.ch\/fr\/produit\/bague-deternite-en-or-rose-et-acier-inoxydable-avec-cristaux\/","title":{"rendered":"Bague d&rsquo;\u00e9ternit\u00e9 en or rose et acier inoxydable avec cristaux"},"content":{"rendered":"<p>Explorez toute l&rsquo;extraordinaire <strong>collection de<\/strong> <strong>bijoux fantaisie<\/strong> qui transmettent une \u00e9l\u00e9gance raffin\u00e9e, enrichie de pierres dans une vari\u00e9t\u00e9 de couleurs pour sublimer la <strong>perfection de votre tenue.<\/strong> D\u00e9couvrez toutes les combinaisons de <strong>bijoux fantaisie haut de gamme<\/strong> qui ajouteront <strong>une touche de glamour \u00e0 votre style.<\/strong> Choisissez parmi la s\u00e9lection exclusive de couleurs et de designs impeccables pour compl\u00e9ter votre <strong>look avec style.<\/strong><\/p>\n<p><b><i>Informations compl\u00e9mentaires<\/i><\/b><\/p>\n<ul>\n<li aria-level=\"1\">Fabrication artisanale<\/li>\n<\/ul>\n<ul>\n<li aria-level=\"1\">Bijoux de haute qualit\u00e9<\/li>\n<\/ul>\n<ul>\n<li aria-level=\"1\">Pi\u00e8ces m\u00e9talliques rev\u00eatues\/plaqu\u00e9es<\/li>\n<\/ul>\n<ul>\n<li aria-level=\"1\">Anallergique\/Sans nickel<\/li>\n<\/ul>\n<ul>\n<li aria-level=\"1\">Cristal europ\u00e9en certifi\u00e9.<\/li>\n<\/ul>\n<ul>\n<li aria-level=\"1\">Acier inoxydable<\/li>\n<\/ul>\n<p><b><i>Instructions d&rsquo;entretien du produit<\/i><\/b><\/p>\n<p>Pour conserver le produit en parfait \u00e9tat, il est recommand\u00e9 d&rsquo;\u00e9viter tout contact direct avec le maquillage, le parfum et l&rsquo;eau. Conservez vos bijoux dans leur emballage d&rsquo;origine ou dans une pochette en velours pour \u00e9viter les rayures. Un polissage occasionnel \u00e0 l&rsquo;aide d&rsquo;un chiffon doux permet de conserver l&rsquo;\u00e9clat.<\/p>\n","protected":false},"excerpt":{"rendered":"<h3>L&rsquo;\u00e9ternit\u00e9. Belle <strong>bague en acier inrayable, couleur or rose<\/strong>, mod\u00e8le Riviera, avec cristaux blancs.<\/h3>\n<p>La<strong>bague d&rsquo;\u00e9ternit\u00e9 en acier inoxydable, orn\u00e9e de cristaux blancs \u00e9tincelants<\/strong>, est une d\u00e9claration de style qui allie force et \u00e9l\u00e9gance. Fabriqu\u00e9e de mani\u00e8re artisanale et avec le souci du d\u00e9tail, cette bague fait partie de la collection Riviera.<\/p>\n<p>Fabriqu\u00e9e en acier de haute qualit\u00e9 r\u00e9sistant aux rayures et orn\u00e9e de cristaux \u00e9tincelants, la bague Eternity est un choix raffin\u00e9 et durable, parfait pour toutes les occasions. D&rsquo;une largeur de 2 mm, ce <strong>bijou<\/strong> offre une subtile touche de glamour qui attirera tous les regards.<\/p>\n<p>Id\u00e9al comme <strong>porte-bagues<\/strong> pour une touche de classe au quotidien ou comme compl\u00e9ment parfait de la <strong>collection Firenze<\/strong>.<\/p>\n<p>Laissez-vous s\u00e9duire par la beaut\u00e9 intemporelle de la bague \u00e9ternelle et ajoutez une <strong>touche de luxe \u00e0 votre style unique<\/strong>.<\/p>\n","protected":false},"featured_media":140508,"template":"","meta":{"_seopress_robots_primary_cat":"none","_seopress_titles_title":"","_seopress_titles_desc":"","_seopress_robots_index":""},"product_brand":[9674],"product_cat":[5935,4117,4113],"product_tag":[4125,8012,8039,5597,8013],"class_list":{"0":"post-140910","1":"product","2":"type-product","3":"status-publish","4":"has-post-thumbnail","6":"product_brand-qudo","7":"product_cat-actualites","8":"product_cat-bagues","9":"product_cat-bijoux-fr","10":"product_tag-anneau","11":"product_tag-bijoux-fr-3","12":"product_tag-bijoux-faits-a-la-main","13":"product_tag-bijoux-allergiques","14":"product_tag-schmuck-fr","16":"first","17":"outofstock","18":"shipping-taxable","19":"purchasable","20":"product-type-variable","21":"has-default-attributes"},"jetpack_sharing_enabled":true,"_links":{"self":[{"href":"https:\/\/lighthouselocarno.ch\/fr\/wp-json\/wp\/v2\/product\/140910","targetHints":{"allow":["GET"]}}],"collection":[{"href":"https:\/\/lighthouselocarno.ch\/fr\/wp-json\/wp\/v2\/product"}],"about":[{"href":"https:\/\/lighthouselocarno.ch\/fr\/wp-json\/wp\/v2\/types\/product"}],"wp:featuredmedia":[{"embeddable":true,"href":"https:\/\/lighthouselocarno.ch\/fr\/wp-json\/wp\/v2\/media\/140508"}],"wp:attachment":[{"href":"https:\/\/lighthouselocarno.ch\/fr\/wp-json\/wp\/v2\/media?parent=140910"}],"wp:term":[{"taxonomy":"product_brand","embeddable":true,"href":"https:\/\/lighthouselocarno.ch\/fr\/wp-json\/wp\/v2\/product_brand?post=140910"},{"taxonomy":"product_cat","embeddable":true,"href":"https:\/\/lighthouselocarno.ch\/fr\/wp-json\/wp\/v2\/product_cat?post=140910"},{"taxonomy":"product_tag","embeddable":true,"href":"https:\/\/lighthouselocarno.ch\/fr\/wp-json\/wp\/v2\/product_tag?post=140910"}],"curies":[{"name":"wp","href":"https:\/\/api.w.org\/{rel}","templated":true}]}}