{"id":141088,"date":"2024-01-18T11:36:28","date_gmt":"2024-01-18T11:36:28","guid":{"rendered":"https:\/\/lighthouselocarno.ch\/prodotto\/bracelet-rigide-cassine-en-acier-inoxydable-couleur-or-rose\/"},"modified":"2026-01-09T13:41:28","modified_gmt":"2026-01-09T13:41:28","slug":"bracelet-rigide-cassine-en-acier-inoxydable-couleur-or-rose","status":"publish","type":"product","link":"https:\/\/lighthouselocarno.ch\/fr\/produit\/bracelet-rigide-cassine-en-acier-inoxydable-couleur-or-rose\/","title":{"rendered":"Bracelet rigide Cassine en acier inoxydable couleur or rose"},"content":{"rendered":"<p>Explorez l&rsquo;ensemble de l&rsquo;extraordinaire <strong>collection de bijoux<\/strong> qui exsudent l&rsquo;\u00e9l\u00e9gance raffin\u00e9e, enrichie de pierres dans une vari\u00e9t\u00e9 de couleurs pour rehausser la perfection de votre <strong>tenue<\/strong>. D\u00e9couvrez toutes les combinaisons de <strong>bijoux fins fabriqu\u00e9s \u00e0 la main<\/strong> qui ajouteront une touche de <strong>glamour<\/strong> \u00e0 votre <strong>style<\/strong>. Choisissez parmi la s\u00e9lection exclusive de couleurs et de mod\u00e8les impeccables pour compl\u00e9ter votre <strong>look<\/strong> avec style.<\/p>\n<p><strong><i>Informations compl\u00e9mentaires<\/i><\/strong><\/p>\n<ul>\n<li>Fabrication artisanale<\/li>\n<\/ul>\n<ul>\n<li>Bijoux de haute qualit\u00e9<\/li>\n<\/ul>\n<ul>\n<li>Pi\u00e8ces m\u00e9talliques rev\u00eatues\/plaqu\u00e9es<\/li>\n<\/ul>\n<ul>\n<li>Anallergique\/Sans nickel<\/li>\n<\/ul>\n<ul>\n<li>Cristal europ\u00e9en certifi\u00e9.<\/li>\n<\/ul>\n<ul>\n<li>Acier inoxydable<\/li>\n<\/ul>\n<p><strong><i>Instructions d&rsquo;entretien du produit<\/i><\/strong><\/p>\n<p>Pour conserver le produit en parfait \u00e9tat, il est recommand\u00e9 d&rsquo;\u00e9viter tout contact direct avec le maquillage, le parfum et l&rsquo;eau. Conservez vos bijoux dans leur emballage d&rsquo;origine ou dans une pochette en velours pour \u00e9viter les rayures. Un polissage occasionnel \u00e0 l&rsquo;aide d&rsquo;un chiffon doux permet de conserver l&rsquo;\u00e9clat.<\/p>\n","protected":false},"excerpt":{"rendered":"<h3>Bracelet rigide de type esclave, \u00e9l\u00e9gant et raffin\u00e9, en acier inoxydable de couleur or rose <strong>avec anneau orn\u00e9 de cristaux<\/strong>.<\/h3>\n<p>La partie sup\u00e9rieure de ce bracelet est ouverte et se termine par un anneau avec des cristaux blancs pav\u00e9s. La face oppos\u00e9e comporte un \u00e9l\u00e9ment permettant de visser une <strong>Top de la collection<\/strong>. Vous pouvez alors <strong>cr\u00e9er votre bijou personnalis\u00e9<\/strong> en choisissant la pierre dans la couleur qui vous pla\u00eet le plus !<\/p>\n<h3>Le bracelet pour femme est fabriqu\u00e9 avec des <b>mat\u00e9riaux de haute qualit\u00e9<\/b> et un <b>savoir-faire artisanal soign\u00e9<\/b>.<\/h3>\n<p>Cet accessoire raffin\u00e9 allie design moderne et durabilit\u00e9, offrant une <strong>touche de luxe en toute occasion<\/strong>. Un <strong>bijou<\/strong> exclusif en acier inoxydable poli, anallergique et durable. Produit avec un rev\u00eatement sp\u00e9cial qui maintient la brillance du m\u00e9tal poli au fil du temps.<\/p>\n<p><b>Cr\u00e9ez votre propre parure : <\/b>ce bracelet comporte un \u00e9l\u00e9ment int\u00e9gr\u00e9 qui peut \u00eatre combin\u00e9 avec tous les \u00e9l\u00e9ments de la <strong>collection Interchangeable<\/strong>.<\/p>\n<p>Collection interchangeable.<\/p>\n<p>Dimensions du bracelet : 62 mm \u00d7 55 mm<\/p>\n<p>Sans nickel<\/p>\n","protected":false},"featured_media":140540,"template":"","meta":{"_seopress_robots_primary_cat":"none","_seopress_titles_title":"","_seopress_titles_desc":"","_seopress_robots_index":""},"product_brand":[],"product_cat":[5935,4113,4141],"product_tag":[5062,4121,4142,8051,4149,8048],"class_list":{"0":"post-141088","1":"product","2":"type-product","3":"status-publish","4":"has-post-thumbnail","6":"product_cat-actualites","7":"product_cat-bijoux-fr","8":"product_cat-bracelets-fr","9":"product_tag-bijoux-fr-2","10":"product_tag-bijoux-fr","11":"product_tag-bracelet-fr","12":"product_tag-bracelet-fr-4","13":"product_tag-bracelet-fr-2","14":"product_tag-bracelet-desclave","16":"first","17":"instock","18":"shipping-taxable","19":"purchasable","20":"product-type-simple"},"jetpack_sharing_enabled":true,"_links":{"self":[{"href":"https:\/\/lighthouselocarno.ch\/fr\/wp-json\/wp\/v2\/product\/141088","targetHints":{"allow":["GET"]}}],"collection":[{"href":"https:\/\/lighthouselocarno.ch\/fr\/wp-json\/wp\/v2\/product"}],"about":[{"href":"https:\/\/lighthouselocarno.ch\/fr\/wp-json\/wp\/v2\/types\/product"}],"wp:featuredmedia":[{"embeddable":true,"href":"https:\/\/lighthouselocarno.ch\/fr\/wp-json\/wp\/v2\/media\/140540"}],"wp:attachment":[{"href":"https:\/\/lighthouselocarno.ch\/fr\/wp-json\/wp\/v2\/media?parent=141088"}],"wp:term":[{"taxonomy":"product_brand","embeddable":true,"href":"https:\/\/lighthouselocarno.ch\/fr\/wp-json\/wp\/v2\/product_brand?post=141088"},{"taxonomy":"product_cat","embeddable":true,"href":"https:\/\/lighthouselocarno.ch\/fr\/wp-json\/wp\/v2\/product_cat?post=141088"},{"taxonomy":"product_tag","embeddable":true,"href":"https:\/\/lighthouselocarno.ch\/fr\/wp-json\/wp\/v2\/product_tag?post=141088"}],"curies":[{"name":"wp","href":"https:\/\/api.w.org\/{rel}","templated":true}]}}