{"id":141092,"date":"2024-03-19T08:32:45","date_gmt":"2024-03-19T08:32:45","guid":{"rendered":"https:\/\/lighthouselocarno.ch\/prodotto\/cassine-bracelet-rigide-en-or-et-acier-inoxydable\/"},"modified":"2026-01-09T17:06:07","modified_gmt":"2026-01-09T17:06:07","slug":"cassine-bracelet-rigide-en-or-et-acier-inoxydable","status":"publish","type":"product","link":"https:\/\/lighthouselocarno.ch\/fr\/produit\/cassine-bracelet-rigide-en-or-et-acier-inoxydable\/","title":{"rendered":"Cassine bracelet rigide en or et acier inoxydable"},"content":{"rendered":"<p>Explorez l&rsquo;extraordinaire <strong>collection de bijoux<\/strong> qui exhalent une \u00e9l\u00e9gance raffin\u00e9e, rehauss\u00e9e par des pierres aux couleurs vari\u00e9es qui rehaussent la perfection de votre <strong>tenue<\/strong>. D\u00e9couvrez toutes les combinaisons de <strong>bijoux fins fabriqu\u00e9s \u00e0 la main<\/strong> qui ajouteront une <strong>touche de glamour \u00e0 votre style<\/strong>. Choisissez parmi une s\u00e9lection exclusive de couleurs et de motifs impeccables pour compl\u00e9ter votre <strong>look avec style<\/strong>.<\/p>\n<p><strong><i>Informations compl\u00e9mentaires<\/i><\/strong><\/p>\n<ul>\n<li aria-level=\"1\">Fabrication artisanale<\/li>\n<\/ul>\n<ul>\n<li aria-level=\"1\">Bijoux de haute qualit\u00e9<\/li>\n<\/ul>\n<ul>\n<li aria-level=\"1\">Pi\u00e8ces m\u00e9talliques rev\u00eatues\/plaqu\u00e9es<\/li>\n<\/ul>\n<ul>\n<li aria-level=\"1\">Anallergique\/Sans nickel<\/li>\n<\/ul>\n<ul>\n<li aria-level=\"1\">Cristal europ\u00e9en certifi\u00e9.<\/li>\n<\/ul>\n<ul>\n<li aria-level=\"1\">Acier inoxydable<\/li>\n<\/ul>\n<p><strong><i>Instructions d&rsquo;entretien du produit<\/i><\/strong><\/p>\n<p>Pour conserver le produit en parfait \u00e9tat, il est recommand\u00e9 d&rsquo;\u00e9viter tout contact direct avec le maquillage, le parfum et l&rsquo;eau. Conservez vos bijoux dans leur emballage d&rsquo;origine ou dans une pochette en velours pour \u00e9viter les rayures. Un polissage occasionnel \u00e0 l&rsquo;aide d&rsquo;un chiffon doux permet de conserver l&rsquo;\u00e9clat.<\/p>\n","protected":false},"excerpt":{"rendered":"<h3><b>Bracelet rigide de type esclave, \u00e9l\u00e9gant et raffin\u00e9, en acier inoxydable dor\u00e9 avec anneau orn\u00e9 de cristaux.<\/b><\/h3>\n<p>La partie sup\u00e9rieure de ce bracelet est ouverte et se termine par un anneau avec des cristaux blancs pav\u00e9s. La face oppos\u00e9e comporte un \u00e9l\u00e9ment permettant de visser une <b>Top de la collection<\/b>. Vous pouvez alors <b>cr\u00e9er votre bijou personnalis\u00e9<\/b> en choisissant la pierre dans la couleur qui vous pla\u00eet le plus !<\/p>\n<h3><b>Le bracelet pour femme est fabriqu\u00e9 avec des mat\u00e9riaux de haute qualit\u00e9 et un savoir-faire artisanal soign\u00e9.<\/b><\/h3>\n<p>Cet accessoire raffin\u00e9 allie design moderne et durabilit\u00e9, offrant une <b>touche de luxe en toute occasion<\/b>. Un <b>bijou<\/b> exclusif en acier inoxydable poli, anallergique et durable. Produit avec un rev\u00eatement sp\u00e9cial qui maintient la brillance du m\u00e9tal poli au fil du temps.<\/p>\n<p><b>Cr\u00e9ez votre propre parure : <\/b>ce bracelet comporte un \u00e9l\u00e9ment int\u00e9gr\u00e9 qui peut \u00eatre combin\u00e9 avec tous les \u00e9l\u00e9ments de la <b>collection Interchangeable<\/b>.<\/p>\n<p>Collection interchangeable.<\/p>\n<p>Dimensions du bracelet : 62 mm \u00d7 55 mm<\/p>\n<p>Sans nickel<\/p>\n","protected":false},"featured_media":140544,"template":"","meta":{"_seopress_robots_primary_cat":"none","_seopress_titles_title":"","_seopress_titles_desc":"Bracelet rigide de type esclave, \u00e9l\u00e9gant et raffin\u00e9, en acier inoxydable dor\u00e9 avec anneau orn\u00e9 de cristaux. Le bracelet pour femme est fabriqu\u00e9 avec des mat\u00e9riaux de haute qualit\u00e9 et un savoir-faire artisanal soign\u00e9.","_seopress_robots_index":""},"product_brand":[9674],"product_cat":[5935,4113,4141],"product_tag":[8012,8054,4121,4142,8051,8033,8048,8034],"class_list":{"0":"post-141092","1":"product","2":"type-product","3":"status-publish","4":"has-post-thumbnail","6":"product_brand-qudo","7":"product_cat-actualites","8":"product_cat-bijoux-fr","9":"product_cat-bracelets-fr","10":"product_tag-bijoux-fr-3","11":"product_tag-bijoux-fr-4","12":"product_tag-bijoux-fr","13":"product_tag-bracelet-fr","14":"product_tag-bracelet-fr-4","15":"product_tag-bracelet-fr-3","16":"product_tag-bracelet-desclave","17":"product_tag-brassard","19":"first","20":"instock","21":"shipping-taxable","22":"purchasable","23":"product-type-simple"},"jetpack_sharing_enabled":true,"_links":{"self":[{"href":"https:\/\/lighthouselocarno.ch\/fr\/wp-json\/wp\/v2\/product\/141092","targetHints":{"allow":["GET"]}}],"collection":[{"href":"https:\/\/lighthouselocarno.ch\/fr\/wp-json\/wp\/v2\/product"}],"about":[{"href":"https:\/\/lighthouselocarno.ch\/fr\/wp-json\/wp\/v2\/types\/product"}],"wp:featuredmedia":[{"embeddable":true,"href":"https:\/\/lighthouselocarno.ch\/fr\/wp-json\/wp\/v2\/media\/140544"}],"wp:attachment":[{"href":"https:\/\/lighthouselocarno.ch\/fr\/wp-json\/wp\/v2\/media?parent=141092"}],"wp:term":[{"taxonomy":"product_brand","embeddable":true,"href":"https:\/\/lighthouselocarno.ch\/fr\/wp-json\/wp\/v2\/product_brand?post=141092"},{"taxonomy":"product_cat","embeddable":true,"href":"https:\/\/lighthouselocarno.ch\/fr\/wp-json\/wp\/v2\/product_cat?post=141092"},{"taxonomy":"product_tag","embeddable":true,"href":"https:\/\/lighthouselocarno.ch\/fr\/wp-json\/wp\/v2\/product_tag?post=141092"}],"curies":[{"name":"wp","href":"https:\/\/api.w.org\/{rel}","templated":true}]}}