{"id":141237,"date":"2024-01-18T11:00:00","date_gmt":"2024-01-18T11:00:00","guid":{"rendered":"https:\/\/lighthouselocarno.ch\/prodotto\/boucles-doreilles-en-acier-inoxydable-de-couleur-or-rose-avec-cristaux-et-pierre-de-cristal-noir\/"},"modified":"2026-01-09T13:42:57","modified_gmt":"2026-01-09T13:42:57","slug":"boucles-doreilles-en-acier-inoxydable-de-couleur-or-rose-avec-cristaux-et-pierre-de-cristal-noir","status":"publish","type":"product","link":"https:\/\/lighthouselocarno.ch\/fr\/produit\/boucles-doreilles-en-acier-inoxydable-de-couleur-or-rose-avec-cristaux-et-pierre-de-cristal-noir\/","title":{"rendered":"Boucles d&rsquo;oreilles clous en acier inoxydable or rose avec cristaux et pierre cristal bleue"},"content":{"rendered":"<p>Explorez toute l&rsquo;extraordinaire<b> collection de bijoux fantaisie <\/b>qui transmettent une \u00e9l\u00e9gance raffin\u00e9e, enrichie de pierres dans une vari\u00e9t\u00e9 de couleurs pour sublimer la <b>perfection de votre tenue. <\/b>D\u00e9couvrez toutes les combinaisons de <b>bijoux de haute fantaisie artisanale <\/b>qui ajouteront <b>une touche de glamour \u00e0 votre style. <\/b>Choisissez parmi la s\u00e9lection exclusive de couleurs et designs impeccables pour compl\u00e9ter votre<b> look avec style.<\/b><\/p>\n<p><b><i>Informations compl\u00e9mentaires<\/i><\/b><\/p>\n<ul>\n<li>Fabrication artisanale<\/li>\n<\/ul>\n<ul>\n<li>Bijoux de haute qualit\u00e9<\/li>\n<\/ul>\n<ul>\n<li>Pi\u00e8ces m\u00e9talliques rev\u00eatues\/plaqu\u00e9es<\/li>\n<\/ul>\n<ul>\n<li>Anallergique\/Sans nickel<\/li>\n<\/ul>\n<ul>\n<li>Cristal europ\u00e9en certifi\u00e9.<\/li>\n<\/ul>\n<ul>\n<li>Acier inoxydable<\/li>\n<\/ul>\n<p><b><i>Instructions d&rsquo;entretien du produit<\/i><\/b><\/p>\n<p>Pour conserver le produit en parfait \u00e9tat, il est recommand\u00e9 d&rsquo;\u00e9viter tout contact direct avec le maquillage, le parfum et l&rsquo;eau. Conservez vos bijoux dans leur emballage d&rsquo;origine ou dans une pochette en velours pour \u00e9viter les rayures. Un polissage occasionnel \u00e0 l&rsquo;aide d&rsquo;un chiffon doux permet de conserver l&rsquo;\u00e9clat.<\/p>\n<p>&nbsp;<\/p>\n","protected":false},"excerpt":{"rendered":"<h3><b>Boucles d&rsquo;oreilles \u00e9l\u00e9gantes et sophistiqu\u00e9es en acier inoxydable inrayable de couleur or rose avec des cristaux blancs et une pierre en cristal noir.<\/b><\/h3>\n<p>Ces boucles d&rsquo;oreilles sont orn\u00e9es de cristaux blancs et d&rsquo;un <strong>cristal noir \u00e9tincelant<\/strong>. Une pi\u00e8ce exclusive en acier inoxydable poli, hypoallerg\u00e9nique et durable. Ces boucles d&rsquo;oreilles sont une pi\u00e8ce exclusive de <strong>joaillerie fine en acier inoxydable<\/strong> avec un rev\u00eatement sp\u00e9cial qui maintient l&rsquo;\u00e9clat du m\u00e9tal au fil du temps.<\/p>\n<p>D\u00e9couvrez l&rsquo;\u00e9l\u00e9gance intemporelle de ces <b>boucles d&rsquo;oreilles clous exclusives en acier avec cristaux et pierre cristal noire<\/b>. Ces boucles d&rsquo;oreilles sont fabriqu\u00e9es avec un <b>savoir-faire artisanal<\/b> et des <b>mat\u00e9riaux de haute qualit\u00e9<\/b>.<\/p>\n<p><b>Cr\u00e9ez votre propre parure de bijoux :<\/b> les boucles d&rsquo;oreilles sont assorties aux \u00e9l\u00e9ments du collier Tondo, aux pendentifs et aux pendeloques.<\/p>\n<p>Diam\u00e8tre : 10 mm.<\/p>\n<p>Sans nickel<\/p>\n","protected":false},"featured_media":140560,"template":"","meta":{"_seopress_robots_primary_cat":"none","_seopress_titles_title":"","_seopress_titles_desc":"","_seopress_robots_index":""},"product_brand":[],"product_cat":[5935,4113,4144],"product_tag":[4121,8043,5597,5542,4145,5549,8077],"class_list":{"0":"post-141237","1":"product","2":"type-product","3":"status-publish","4":"has-post-thumbnail","6":"product_cat-actualites","7":"product_cat-bijoux-fr","8":"product_cat-boucles-doreilles","9":"product_tag-bijoux-fr","10":"product_tag-bijoux-fantaisie-de-haute-qualite-fabriques-a-la-main","11":"product_tag-bijoux-allergiques","12":"product_tag-boucles-doreilles-fr","13":"product_tag-boucles-doreilles","14":"product_tag-ohrringe-fr","15":"product_tag-sans-nickel","17":"first","18":"instock","19":"shipping-taxable","20":"purchasable","21":"product-type-simple"},"jetpack_sharing_enabled":true,"_links":{"self":[{"href":"https:\/\/lighthouselocarno.ch\/fr\/wp-json\/wp\/v2\/product\/141237","targetHints":{"allow":["GET"]}}],"collection":[{"href":"https:\/\/lighthouselocarno.ch\/fr\/wp-json\/wp\/v2\/product"}],"about":[{"href":"https:\/\/lighthouselocarno.ch\/fr\/wp-json\/wp\/v2\/types\/product"}],"wp:featuredmedia":[{"embeddable":true,"href":"https:\/\/lighthouselocarno.ch\/fr\/wp-json\/wp\/v2\/media\/140560"}],"wp:attachment":[{"href":"https:\/\/lighthouselocarno.ch\/fr\/wp-json\/wp\/v2\/media?parent=141237"}],"wp:term":[{"taxonomy":"product_brand","embeddable":true,"href":"https:\/\/lighthouselocarno.ch\/fr\/wp-json\/wp\/v2\/product_brand?post=141237"},{"taxonomy":"product_cat","embeddable":true,"href":"https:\/\/lighthouselocarno.ch\/fr\/wp-json\/wp\/v2\/product_cat?post=141237"},{"taxonomy":"product_tag","embeddable":true,"href":"https:\/\/lighthouselocarno.ch\/fr\/wp-json\/wp\/v2\/product_tag?post=141237"}],"curies":[{"name":"wp","href":"https:\/\/api.w.org\/{rel}","templated":true}]}}