{"id":141241,"date":"2024-04-04T10:30:44","date_gmt":"2024-04-04T10:30:44","guid":{"rendered":"https:\/\/lighthouselocarno.ch\/prodotto\/bouton-bleu-fonce-or-rose-element-interchangeable\/"},"modified":"2026-01-09T17:07:07","modified_gmt":"2026-01-09T17:07:07","slug":"bouton-bleu-fonce-or-rose-element-interchangeable","status":"publish","type":"product","link":"https:\/\/lighthouselocarno.ch\/fr\/produit\/bouton-bleu-fonce-or-rose-element-interchangeable\/","title":{"rendered":"Bouton bleu fonc\u00e9 - Or rose - \u00e9l\u00e9ment interchangeable"},"content":{"rendered":"<div class=\"flex flex-grow flex-col max-w-full\">\n<div class=\"min-h-[20px] text-message flex flex-col items-start gap-3 whitespace-pre-wrap break-words [.text-message+&amp;]:mt-5 overflow-x-auto\" data-message-author-role=\"assistant\" data-message-id=\"0ffd3438-93d9-4082-bb4b-da6444b79df7\">\n<div class=\"markdown prose w-full break-words dark:prose-invert light\">\n<p><strong>Les Tops Boutons de bijoux QUDO<\/strong> sont fabriqu\u00e9s en <strong>acier inoxydable poli et anti-rayures<\/strong>, certains mod\u00e8les sont enrichis de <strong>cristaux \u00e9tincelants<\/strong> et tous les \u00e9l\u00e9ments sont disponibles en coloris intemporels et dans les <strong>teintes les plus tendance de la saison.<\/strong><\/p>\n<p>Chaque mod\u00e8le se d\u00e9cline dans les tons lumineux de l&rsquo;<strong>acier INOX : or, or rose et argent.<\/strong><\/p>\n<p>D\u00e9couvrez la polyvalence des \u00e9l\u00e9ments, parfaits pour \u00eatre <strong>associ\u00e9s aux <a href=\"https:\/\/lighthouselocarno.ch\/fr\/produit\/bague-interchangeable-en-acier-inoxydable-de-couleur-or-rose-avec-cristaux\/\">bagues<\/a>, <a href=\"https:\/\/lighthouselocarno.ch\/fr\/produit\/bracelet-rigide-cassine-en-acier-inoxydable-couleur-or-rose\/\">bracelets<\/a>, colliers, pendentifs et boucles d&rsquo;oreilles de base.<\/strong> Gr\u00e2ce au syst\u00e8me de fixation innovant, l&rsquo;association devient un jeu d&rsquo;enfant, vous permettant de <strong>personnaliser votre bijou fantaisie<\/strong> en un instant et <strong>de cr\u00e9er un look unique pour chaque occasion.<\/strong><\/p>\n<p>&nbsp;<\/p>\n<\/div>\n<\/div>\n<\/div>\n<div class=\"mt-1 flex justify-start gap-3 empty:hidden\">\n<div class=\"text-gray-400 flex self-end lg:self-center justify-center lg:justify-start mt-0 -ml-1 visible\"><\/div>\n<\/div>\n","protected":false},"excerpt":{"rendered":"<p><strong>Tr\u00e8s \u00e9l\u00e9gante toupie de 10 mm de diam\u00e8tre mont\u00e9e sur acier or rose inrayable, pierre bleu Dark Indigo.<\/strong><\/p>\n<p><strong>Personnalisez votre collection de bijoux QUDO avec les pierres top<\/strong> \u00e0 visser sur vos bagues et bracelets. Cr\u00e9ez chaque jour un <strong>bijou nouveau et sophistiqu\u00e9 en l&rsquo;accordant \u00e0 votre tenue.<\/strong><\/p>\n<p>Explorez les innombrables possibilit\u00e9s de la <strong>collection Interchangeable exclusive et cr\u00e9ez votre bijou fantaisie unique !<\/strong><\/p>\n","protected":false},"featured_media":140492,"template":"","meta":{"_seopress_robots_primary_cat":"none","_seopress_titles_title":"Boutonni\u00e8re Bleu fonc\u00e9 - Or rose - \u00e9l\u00e9ment interchangeable QUDO","_seopress_titles_desc":"","_seopress_robots_index":""},"product_brand":[9674],"product_cat":[5935,4117,4113,4141],"product_tag":[8054,4121,8087,8013,8088],"class_list":{"0":"post-141241","1":"product","2":"type-product","3":"status-publish","4":"has-post-thumbnail","6":"product_brand-qudo","7":"product_cat-actualites","8":"product_cat-bagues","9":"product_cat-bijoux-fr","10":"product_cat-bracelets-fr","11":"product_tag-bijoux-fr-4","12":"product_tag-bijoux-fr","13":"product_tag-haut-a-boutons-bijoux","14":"product_tag-schmuck-fr","15":"product_tag-top-bijoux-fr","17":"first","18":"instock","19":"shipping-taxable","20":"purchasable","21":"product-type-simple"},"jetpack_sharing_enabled":true,"_links":{"self":[{"href":"https:\/\/lighthouselocarno.ch\/fr\/wp-json\/wp\/v2\/product\/141241","targetHints":{"allow":["GET"]}}],"collection":[{"href":"https:\/\/lighthouselocarno.ch\/fr\/wp-json\/wp\/v2\/product"}],"about":[{"href":"https:\/\/lighthouselocarno.ch\/fr\/wp-json\/wp\/v2\/types\/product"}],"wp:featuredmedia":[{"embeddable":true,"href":"https:\/\/lighthouselocarno.ch\/fr\/wp-json\/wp\/v2\/media\/140492"}],"wp:attachment":[{"href":"https:\/\/lighthouselocarno.ch\/fr\/wp-json\/wp\/v2\/media?parent=141241"}],"wp:term":[{"taxonomy":"product_brand","embeddable":true,"href":"https:\/\/lighthouselocarno.ch\/fr\/wp-json\/wp\/v2\/product_brand?post=141241"},{"taxonomy":"product_cat","embeddable":true,"href":"https:\/\/lighthouselocarno.ch\/fr\/wp-json\/wp\/v2\/product_cat?post=141241"},{"taxonomy":"product_tag","embeddable":true,"href":"https:\/\/lighthouselocarno.ch\/fr\/wp-json\/wp\/v2\/product_tag?post=141241"}],"curies":[{"name":"wp","href":"https:\/\/api.w.org\/{rel}","templated":true}]}}