{"id":141248,"date":"2024-01-19T10:17:09","date_gmt":"2024-01-19T10:17:09","guid":{"rendered":"https:\/\/lighthouselocarno.ch\/prodotto\/plateau-seano-en-acier-dore-rose-inrayable-avec-pierre-en-cristal-noir\/"},"modified":"2025-06-06T08:22:07","modified_gmt":"2025-06-06T08:22:07","slug":"plateau-seano-en-acier-dore-rose-inrayable-avec-pierre-en-cristal-noir","status":"publish","type":"product","link":"https:\/\/lighthouselocarno.ch\/fr\/produit\/plateau-seano-en-acier-dore-rose-inrayable-avec-pierre-en-cristal-noir\/","title":{"rendered":"Plateau Seano en acier dor\u00e9 rose inrayable avec pierre en cristal noir"},"content":{"rendered":"<p><b>Les boutons des bijoux QUDO<\/b> sont en <b>acier inoxydable poli et r\u00e9sistant aux rayures<\/b>, certains motifs sont orn\u00e9s de <b>cristaux \u00e9tincelants<\/b> et tous les \u00e9l\u00e9ments sont disponibles dans des couleurs intemporelles et dans les <b>teintes les plus tendance de la saison<\/b>.<\/p>\n<p>Chaque mod\u00e8le est disponible dans des teintes d&rsquo;<b>acier INOX<\/b> brillantes<b>: or, or rose et argent.<\/b><\/p>\n<p>D\u00e9couvrez la polyvalence des \u00e9l\u00e9ments, parfaits pour \u00eatre <b>combin\u00e9s avec des<\/b><a href=\"https:\/\/lighthouselocarno.ch\/fr\/produit\/bague-interchangeable-en-acier-inoxydable-de-couleur-or-rose-avec-cristaux\/\"> <b>anneaux<\/b><\/a><b>,<\/b><a href=\"https:\/\/lighthouselocarno.ch\/fr\/produit\/bracelet-rigide-cassine-en-acier-inoxydable-couleur-or-rose\/\"> <b>bracelets<\/b><\/a><b>des colliers, des pendentifs et des boucles d&rsquo;oreilles basiques.<\/b> Gr\u00e2ce au syst\u00e8me d&rsquo;attache innovant, l&rsquo;assortiment devient un jeu d&rsquo;enfant, vous permettant de <b>personnaliser vos bijoux<\/b> en un instant et de <b>cr\u00e9er un look unique pour toutes les occasions<\/b>.<\/p>\n","protected":false},"excerpt":{"rendered":"<p><b>El\u00e9gante tourelle en cristal de 13 mm de diam\u00e8tre mont\u00e9e sur un acier rose-or inrayable, pierre en cristal noir de jais.<br \/>\n<\/b><\/p>\n<p><b>Personnalisez votre collection de bijoux QUDO avec des pierres top<\/b> \u00e0 visser sur vos bagues et bracelets. Cr\u00e9ez chaque jour un <b>nouveau bijou sophistiqu\u00e9 en l&rsquo;adaptant \u00e0 votre tenue<\/b>.<\/p>\n<p>Explorez les innombrables possibilit\u00e9s de la <b>collection<\/b> exclusive <b>Interchangeable et personnalisez votre bijou\/bijou unique !<\/b><\/p>\n","protected":false},"featured_media":140464,"template":"","meta":{"_seopress_robots_primary_cat":"none","_seopress_titles_title":"","_seopress_titles_desc":"","_seopress_robots_index":""},"product_brand":[],"product_cat":[5935,4117,4113,4141],"product_tag":[8054,5062,8043,5597,8087],"class_list":{"0":"post-141248","1":"product","2":"type-product","3":"status-publish","4":"has-post-thumbnail","6":"product_cat-actualites","7":"product_cat-bagues","8":"product_cat-bijoux-fr","9":"product_cat-bracelets-fr","10":"product_tag-bijoux-fr-4","11":"product_tag-bijoux-fr-2","12":"product_tag-bijoux-fantaisie-de-haute-qualite-fabriques-a-la-main","13":"product_tag-bijoux-allergiques","14":"product_tag-haut-a-boutons-bijoux","16":"first","17":"instock","18":"shipping-taxable","19":"purchasable","20":"product-type-simple"},"jetpack_sharing_enabled":true,"_links":{"self":[{"href":"https:\/\/lighthouselocarno.ch\/fr\/wp-json\/wp\/v2\/product\/141248","targetHints":{"allow":["GET"]}}],"collection":[{"href":"https:\/\/lighthouselocarno.ch\/fr\/wp-json\/wp\/v2\/product"}],"about":[{"href":"https:\/\/lighthouselocarno.ch\/fr\/wp-json\/wp\/v2\/types\/product"}],"wp:featuredmedia":[{"embeddable":true,"href":"https:\/\/lighthouselocarno.ch\/fr\/wp-json\/wp\/v2\/media\/140464"}],"wp:attachment":[{"href":"https:\/\/lighthouselocarno.ch\/fr\/wp-json\/wp\/v2\/media?parent=141248"}],"wp:term":[{"taxonomy":"product_brand","embeddable":true,"href":"https:\/\/lighthouselocarno.ch\/fr\/wp-json\/wp\/v2\/product_brand?post=141248"},{"taxonomy":"product_cat","embeddable":true,"href":"https:\/\/lighthouselocarno.ch\/fr\/wp-json\/wp\/v2\/product_cat?post=141248"},{"taxonomy":"product_tag","embeddable":true,"href":"https:\/\/lighthouselocarno.ch\/fr\/wp-json\/wp\/v2\/product_tag?post=141248"}],"curies":[{"name":"wp","href":"https:\/\/api.w.org\/{rel}","templated":true}]}}