{"id":141251,"date":"2024-01-25T12:40:52","date_gmt":"2024-01-25T12:40:52","guid":{"rendered":"https:\/\/lighthouselocarno.ch\/prodotto\/seano-top-en-acier-or-rose-pierre-en-cristal-vert\/"},"modified":"2026-01-09T13:42:45","modified_gmt":"2026-01-09T13:42:45","slug":"seano-top-en-acier-or-rose-pierre-en-cristal-vert","status":"publish","type":"product","link":"https:\/\/lighthouselocarno.ch\/fr\/produit\/seano-top-en-acier-or-rose-pierre-en-cristal-vert\/","title":{"rendered":"Top Seano acier inoxydable or rose - pierre de cristal verte"},"content":{"rendered":"<p>Les <b>Tops Boutons de bijoux QUDO<\/b> sont fabriqu\u00e9s en <b>acier inoxydable poli et anti-rayures<\/b>, certains mod\u00e8les sont enrichis de <b>cristaux \u00e9tincelants<\/b> et tous les \u00e9l\u00e9ments sont disponibles en coloris intemporels et dans les <b>teintes les plus tendance de la saison.<\/b><\/p>\n<p>Chaque mod\u00e8le se d\u00e9cline dans les tons lumineux de l&rsquo;<b>acier INOX : or, or rose et argent.<\/b><\/p>\n<p>D\u00e9couvrez la polyvalence des \u00e9l\u00e9ments, parfaits pour \u00eatre <b>associ\u00e9s aux<\/b><a href=\"https:\/\/lighthouselocarno.ch\/fr\/produit\/bague-interchangeable-en-acier-inoxydable-de-couleur-or-rose-avec-cristaux\/\"> <b>bagues<\/b><\/a><b>,<\/b><a href=\"https:\/\/lighthouselocarno.ch\/fr\/produit\/bracelet-rigide-cassine-en-acier-inoxydable-couleur-or-rose\/\"> <b>bracelets<\/b><\/a><b>, colliers, pendentifs et boucles d&rsquo;oreilles de base.<\/b> Gr\u00e2ce au syst\u00e8me de fixation innovant, l&rsquo;association devient un jeu d&rsquo;enfant, vous permettant de <b>personnaliser votre bijou fantaisie<\/b> en un instant et de <b>cr\u00e9er un look unique pour chaque occasion.<\/b><\/p>\n","protected":false},"excerpt":{"rendered":"<p><b>El\u00e9gante et polyvalente, la t\u00eate en cristal de 13 mm de diam\u00e8tre est mont\u00e9e sur un acier en or rose inrayable, avec une pierre en cristal vert olive.<br \/>\n<\/b><\/p>\n<p><b>Personnalisez votre collection de bijoux QUDO avec les pierres top<\/b> \u00e0 visser sur vos bagues et bracelets. Cr\u00e9ez chaque jour un <b>bijou nouveau et sophistiqu\u00e9 en l&rsquo;accordant \u00e0 votre tenue.<\/b><\/p>\n<p>Explorez les innombrables possibilit\u00e9s de la <b>collection Interchangeable exclusive et cr\u00e9ez votre bijou fantaisie unique !<\/b><\/p>\n","protected":false},"featured_media":140468,"template":"","meta":{"_seopress_robots_primary_cat":"none","_seopress_titles_title":"","_seopress_titles_desc":"","_seopress_robots_index":""},"product_brand":[],"product_cat":[5935,4117,4113,4141],"product_tag":[8054,5062,4121,8087,8025],"class_list":{"0":"post-141251","1":"product","2":"type-product","3":"status-publish","4":"has-post-thumbnail","6":"product_cat-actualites","7":"product_cat-bagues","8":"product_cat-bijoux-fr","9":"product_cat-bracelets-fr","10":"product_tag-bijoux-fr-4","11":"product_tag-bijoux-fr-2","12":"product_tag-bijoux-fr","13":"product_tag-haut-a-boutons-bijoux","14":"product_tag-haute-joaillerie","16":"first","17":"instock","18":"shipping-taxable","19":"purchasable","20":"product-type-simple"},"jetpack_sharing_enabled":true,"_links":{"self":[{"href":"https:\/\/lighthouselocarno.ch\/fr\/wp-json\/wp\/v2\/product\/141251","targetHints":{"allow":["GET"]}}],"collection":[{"href":"https:\/\/lighthouselocarno.ch\/fr\/wp-json\/wp\/v2\/product"}],"about":[{"href":"https:\/\/lighthouselocarno.ch\/fr\/wp-json\/wp\/v2\/types\/product"}],"wp:featuredmedia":[{"embeddable":true,"href":"https:\/\/lighthouselocarno.ch\/fr\/wp-json\/wp\/v2\/media\/140468"}],"wp:attachment":[{"href":"https:\/\/lighthouselocarno.ch\/fr\/wp-json\/wp\/v2\/media?parent=141251"}],"wp:term":[{"taxonomy":"product_brand","embeddable":true,"href":"https:\/\/lighthouselocarno.ch\/fr\/wp-json\/wp\/v2\/product_brand?post=141251"},{"taxonomy":"product_cat","embeddable":true,"href":"https:\/\/lighthouselocarno.ch\/fr\/wp-json\/wp\/v2\/product_cat?post=141251"},{"taxonomy":"product_tag","embeddable":true,"href":"https:\/\/lighthouselocarno.ch\/fr\/wp-json\/wp\/v2\/product_tag?post=141251"}],"curies":[{"name":"wp","href":"https:\/\/api.w.org\/{rel}","templated":true}]}}