{"id":141254,"date":"2024-01-13T14:00:28","date_gmt":"2024-01-13T14:00:28","guid":{"rendered":"https:\/\/lighthouselocarno.ch\/prodotto\/bague-florence-en-acier-inoxydable-avec-pierre-rose-vintage-rose\/"},"modified":"2026-01-09T17:04:05","modified_gmt":"2026-01-09T17:04:05","slug":"bague-florence-en-acier-inoxydable-avec-pierre-rose-vintage-rose","status":"publish","type":"product","link":"https:\/\/lighthouselocarno.ch\/fr\/produit\/bague-florence-en-acier-inoxydable-avec-pierre-rose-vintage-rose\/","title":{"rendered":"Bague Florence en acier inoxydable avec pierre rose Vintage Ros\u00e9"},"content":{"rendered":"<p>Explorez toute l&rsquo;extraordinaire<b> collection de bijoux fantaisie <\/b>qui transmettent une \u00e9l\u00e9gance raffin\u00e9e, enrichie de pierres dans une vari\u00e9t\u00e9 de couleurs pour sublimer la <b>perfection de votre tenue. <\/b>D\u00e9couvrez toutes les combinaisons de <b>bijoux de haute fantaisie artisanale <\/b>qui ajouteront <b>une touche de glamour \u00e0 votre style. <\/b>Choisissez parmi la s\u00e9lection exclusive de couleurs et designs impeccables pour compl\u00e9ter votre<b> look avec style.<\/b><\/p>\n<p><b><i>Informations compl\u00e9mentaires<\/i><\/b><\/p>\n<ul>\n<li aria-level=\"1\">Fabrication artisanale<\/li>\n<\/ul>\n<ul>\n<li aria-level=\"1\">Bijoux de haute qualit\u00e9<\/li>\n<\/ul>\n<ul>\n<li aria-level=\"1\">Pi\u00e8ces m\u00e9talliques rev\u00eatues\/plaqu\u00e9es<\/li>\n<\/ul>\n<ul>\n<li aria-level=\"1\">Anallergique\/Sans nickel<\/li>\n<\/ul>\n<ul>\n<li aria-level=\"1\">Cristal europ\u00e9en certifi\u00e9.<\/li>\n<\/ul>\n<ul>\n<li aria-level=\"1\">Acier inoxydable<\/li>\n<\/ul>\n<p><b><i>Instructions d&rsquo;entretien du produit<\/i><\/b><\/p>\n<p>Pour conserver le produit en parfait \u00e9tat, il est recommand\u00e9 d&rsquo;\u00e9viter tout contact direct avec le maquillage, le parfum et l&rsquo;eau. Conservez vos bijoux dans leur emballage d&rsquo;origine ou dans une pochette en velours pour \u00e9viter les rayures. Un polissage occasionnel \u00e0 l&rsquo;aide d&rsquo;un chiffon doux permet de conserver l&rsquo;\u00e9clat.<\/p>\n","protected":false},"excerpt":{"rendered":"<h3><b>Bague \u00e9l\u00e9gante et sophistiqu\u00e9e en acier inoxydable, r\u00e9sistante aux rayures, de couleur or rose, avec pierre Vintage Ros\u00e9.<\/b><\/h3>\n<p>D\u00e9couvrez l&rsquo;\u00e9l\u00e9gance intemporelle de cette<b> bague en acier inoxydable, r\u00e9sistante aux rayures, orn\u00e9e de cristaux et d&rsquo;une pierre de couleur rose<\/b>. La bague est sertie d&rsquo;un <b>solitaire en cristal<\/b> aux 49 facettes fascinantes.<\/p>\n<h3><b>La bague pour femme Firenze est fabriqu\u00e9e avec un soin artisanal et des mat\u00e9riaux de haute qualit\u00e9.<\/b><\/h3>\n<p>Cet accessoire raffin\u00e9 allie design moderne et durabilit\u00e9, offrant une <b>touche de luxe en toute occasion<\/b>. Un <b>bijou<\/b> exclusif en acier inoxydable poli, anallergique et durable. Produit avec un rev\u00eatement sp\u00e9cial qui maintient la brillance du m\u00e9tal poli au fil du temps.<\/p>\n<p><b>Cr\u00e9ez votre propre parure de bijoux : <\/b>cette bague est assortie aux <b>boucles d&rsquo;oreilles<\/b> et aux pendentifs du<strong>collier ainsi qu&rsquo;\u00e0 d&rsquo;autres bijoux de la collection Firenze<\/strong>.<\/p>\n<p>Collection Florence<\/p>\n<p>Sans nickel<\/p>\n","protected":false},"featured_media":140524,"template":"","meta":{"_seopress_robots_primary_cat":"none","_seopress_titles_title":"","_seopress_titles_desc":"","_seopress_robots_index":""},"product_brand":[9674],"product_cat":[5935,4117,4113],"product_tag":[8068,4125,8067,4121,8025],"class_list":{"0":"post-141254","1":"product","2":"type-product","3":"status-publish","4":"has-post-thumbnail","6":"product_brand-qudo","7":"product_cat-actualites","8":"product_cat-bagues","9":"product_cat-bijoux-fr","10":"product_tag-anneau-fr","11":"product_tag-anneau","12":"product_tag-bague-fr","13":"product_tag-bijoux-fr","14":"product_tag-haute-joaillerie","16":"first","17":"instock","18":"shipping-taxable","19":"purchasable","20":"product-type-variable","21":"has-default-attributes"},"jetpack_sharing_enabled":true,"_links":{"self":[{"href":"https:\/\/lighthouselocarno.ch\/fr\/wp-json\/wp\/v2\/product\/141254","targetHints":{"allow":["GET"]}}],"collection":[{"href":"https:\/\/lighthouselocarno.ch\/fr\/wp-json\/wp\/v2\/product"}],"about":[{"href":"https:\/\/lighthouselocarno.ch\/fr\/wp-json\/wp\/v2\/types\/product"}],"wp:featuredmedia":[{"embeddable":true,"href":"https:\/\/lighthouselocarno.ch\/fr\/wp-json\/wp\/v2\/media\/140524"}],"wp:attachment":[{"href":"https:\/\/lighthouselocarno.ch\/fr\/wp-json\/wp\/v2\/media?parent=141254"}],"wp:term":[{"taxonomy":"product_brand","embeddable":true,"href":"https:\/\/lighthouselocarno.ch\/fr\/wp-json\/wp\/v2\/product_brand?post=141254"},{"taxonomy":"product_cat","embeddable":true,"href":"https:\/\/lighthouselocarno.ch\/fr\/wp-json\/wp\/v2\/product_cat?post=141254"},{"taxonomy":"product_tag","embeddable":true,"href":"https:\/\/lighthouselocarno.ch\/fr\/wp-json\/wp\/v2\/product_tag?post=141254"}],"curies":[{"name":"wp","href":"https:\/\/api.w.org\/{rel}","templated":true}]}}