{"id":141331,"date":"2024-02-01T15:06:47","date_gmt":"2024-02-01T15:06:47","guid":{"rendered":"https:\/\/lighthouselocarno.ch\/prodotto\/plaque-en-ceramique-en-forme-de-coeur\/"},"modified":"2024-02-01T15:20:28","modified_gmt":"2024-02-01T15:20:28","slug":"plaque-en-ceramique-en-forme-de-coeur","status":"publish","type":"product","link":"https:\/\/lighthouselocarno.ch\/fr\/produit\/plaque-en-ceramique-en-forme-de-coeur\/","title":{"rendered":"Assiette en c\u00e9ramique en forme de c\u0153ur"},"content":{"rendered":"<p>Ajouter  <b>une touche d&rsquo;\u00e9l\u00e9gance dans votre maison<\/b>, alors que vous vous pr\u00e9parez \u00e0 une journ\u00e9e de f\u00eate.  ou la <strong>Saint-Valentin<\/strong> avec des <b>d\u00e9corations exclusives<\/b> s\u00e9lectionn\u00e9es par Light House Home et Life Philosophy. <b><br \/>\n  <i>Light House Home and Life Philosophy.<\/i><br \/>\n<\/b> Ces <b>assiettes raffin\u00e9es en forme de c\u0153ur <\/b>transformeront votre espace en un havre d&rsquo;amour, apportant une touche de classe et de style intemporel.<\/p>\n<p>En plus d&rsquo;\u00eatre un ornement parfait, ces <b>cr\u00e9ations artisanales de haute qualit\u00e9<\/b> constituent \u00e9galement des id\u00e9es de cadeaux <b>uniques et inoubliables<\/b>.<\/p>\n<p>D\u00e9couvrez la collection et les diff\u00e9rentes<a href=\"https:\/\/lighthouselocarno.ch\/fr\/produit\/coeur-sous-la-plaque\/\"> <b>et les diff\u00e9rentes combinaisons de d\u00e9corations et d&rsquo;accessoires pour dresser la table dans un style romantique. <\/b><\/a>D\u00e9couvrez comment la beaut\u00e9 de l&rsquo;artisanat et le <b>design sophistiqu\u00e9 et luxueux<\/b> peuvent transformer votre ambiance et votre atmosph\u00e8re.<\/p>\n<p><em><br \/>\n  <strong>Les conseils de Michela :<\/strong><br \/>\n<\/em> Ajoutez une touche de lumi\u00e8re \u00e0 votre int\u00e9rieur, <strong>d\u00e9corez la table avec des<\/strong> <strong> <a href=\"https:\/\/lighthouselocarno.ch\/home-decor\/candele\/candele-sotto\/\">bougies<\/a><\/strong><strong> et des <a href=\"https:\/\/lighthouselocarno.ch\/fr\/produit\/bougeoirs-en-verre-design\/\">chandeliers en verre<\/a> pour un d\u00eener aux chandelles inoubliable, <\/strong>la lumi\u00e8re qu&rsquo;ils refl\u00e8tent cr\u00e9era une atmosph\u00e8re \u00e9l\u00e9gante et raffin\u00e9e.<\/p>\n","protected":false},"excerpt":{"rendered":"<p>Ajoutez une touche de romantisme \u00e0 votre <strong>service de table<\/strong> avec l&rsquo;<strong>assiette <\/strong>exclusive en <strong>porcelaine ivoire en forme de c\u0153ur, <\/strong>parfaite pour pr\u00e9senter \u00e9l\u00e9gamment vos cr\u00e9ations culinaires.  <strong>Fabriqu\u00e9e \u00e0 partir de mat\u00e9riaux de haute qualit\u00e9,<\/strong> cette plaque ne se contente pas d&rsquo;attirer l&rsquo;attention par sa forme distinctive, elle offre \u00e9galement une r\u00e9sistance et une durabilit\u00e9 sup\u00e9rieures. Am\u00e9liorez l&rsquo;exp\u00e9rience gastronomique et faites de chaque repas un moment sp\u00e9cial.<\/p>\n<p>Dimensions : 16,5 x 16,5 x 2,2 cm<\/p>\n<p>&nbsp;<\/p>\n","protected":false},"featured_media":141065,"template":"","meta":{"_seopress_robots_primary_cat":"none","_seopress_titles_title":"Assiette en c\u00e9ramique ivoire en forme de c\u0153ur pour un d\u00eener romantique  ","_seopress_titles_desc":"Ajoutez une touche de romantisme \u00e0 votre service de table avec l'assiette exclusive en porcelaine ivoire en forme de c\u0153ur, parfaite pour pr\u00e9senter \u00e9l\u00e9gamment vos cr\u00e9ations culinaires. Mat\u00e9riaux de haute qualit\u00e9","_seopress_robots_index":""},"product_brand":[],"product_cat":[5935,4040,3757,8117,7229],"product_tag":[8128,8119,8171,8151,4629,8154,7780,8168,8169,8131,8143,8170,8167,8172],"class_list":{"0":"post-141331","1":"product","2":"type-product","3":"status-publish","4":"has-post-thumbnail","6":"product_cat-actualites","7":"product_cat-decorations-fr","8":"product_cat-table-fr","9":"product_cat-paques","10":"product_cat-plats-et-tasses","11":"product_tag-accessoires-pour-la-maison-fr-2","12":"product_tag-accessoires-pour-la-maison-fr","13":"product_tag-assiette-en-forme-de-coeur-fr","14":"product_tag-decoration-fr-3","15":"product_tag-decoration-interieure","16":"product_tag-decorations-fr-2","17":"product_tag-decorations-fr","18":"product_tag-objets-de-decoration-fr","19":"product_tag-ornaments-et-accessoires-pour-la-maison-fr","20":"product_tag-ornements-fr","21":"product_tag-ornements-fr-3","22":"product_tag-ornements-et-accessoires-pour-la-maison-fr","23":"product_tag-plaque-en-forme-de-coeur","24":"product_tag-vendeur-dherzformiger","26":"first","27":"instock","28":"shipping-taxable","29":"purchasable","30":"product-type-simple"},"jetpack_sharing_enabled":true,"_links":{"self":[{"href":"https:\/\/lighthouselocarno.ch\/fr\/wp-json\/wp\/v2\/product\/141331","targetHints":{"allow":["GET"]}}],"collection":[{"href":"https:\/\/lighthouselocarno.ch\/fr\/wp-json\/wp\/v2\/product"}],"about":[{"href":"https:\/\/lighthouselocarno.ch\/fr\/wp-json\/wp\/v2\/types\/product"}],"wp:featuredmedia":[{"embeddable":true,"href":"https:\/\/lighthouselocarno.ch\/fr\/wp-json\/wp\/v2\/media\/141065"}],"wp:attachment":[{"href":"https:\/\/lighthouselocarno.ch\/fr\/wp-json\/wp\/v2\/media?parent=141331"}],"wp:term":[{"taxonomy":"product_brand","embeddable":true,"href":"https:\/\/lighthouselocarno.ch\/fr\/wp-json\/wp\/v2\/product_brand?post=141331"},{"taxonomy":"product_cat","embeddable":true,"href":"https:\/\/lighthouselocarno.ch\/fr\/wp-json\/wp\/v2\/product_cat?post=141331"},{"taxonomy":"product_tag","embeddable":true,"href":"https:\/\/lighthouselocarno.ch\/fr\/wp-json\/wp\/v2\/product_tag?post=141331"}],"curies":[{"name":"wp","href":"https:\/\/api.w.org\/{rel}","templated":true}]}}