{"id":141338,"date":"2024-02-01T15:39:07","date_gmt":"2024-02-01T15:39:07","guid":{"rendered":"https:\/\/lighthouselocarno.ch\/prodotto\/plaque-en-metal-argente-en-forme-de-coeur\/"},"modified":"2024-02-01T15:39:07","modified_gmt":"2024-02-01T15:39:07","slug":"plaque-en-metal-argente-en-forme-de-coeur","status":"publish","type":"product","link":"https:\/\/lighthouselocarno.ch\/fr\/produit\/plaque-en-metal-argente-en-forme-de-coeur\/","title":{"rendered":"Plaque en m\u00e9tal argent\u00e9 en forme de c\u0153ur"},"content":{"rendered":"<p>Ajouter  <b>une touche d&rsquo;\u00e9l\u00e9gance dans votre maison<\/b>, alors que vous vous pr\u00e9parez \u00e0 une journ\u00e9e de f\u00eate.  ou la <b>Saint-Valentin<\/b> avec des <b>d\u00e9corations exclusives<\/b> s\u00e9lectionn\u00e9es par Light House Home et Life Philosophy. <b><br \/>\n  <i>Light House Home and Life Philosophy.<\/i><br \/>\n<\/b> Ces <b>assiettes raffin\u00e9es en forme de c\u0153ur <\/b>transformeront votre espace en un havre d&rsquo;amour, apportant une touche de classe et de style intemporel.<\/p>\n<p>En plus d&rsquo;\u00eatre un ornement parfait, ces <b>cr\u00e9ations artisanales de haute qualit\u00e9<\/b> constituent \u00e9galement des id\u00e9es de cadeaux <b>uniques et inoubliables<\/b>.<\/p>\n<p>D\u00e9couvrez la collection et les diff\u00e9rentes<a href=\"https:\/\/lighthouselocarno.ch\/fr\/produit\/coeur-sous-la-plaque\/\"> <b>et les diff\u00e9rentes combinaisons de d\u00e9corations et d&rsquo;accessoires pour dresser la table dans un style romantique.<\/b><\/a> D\u00e9couvrez comment la beaut\u00e9 de l&rsquo;artisanat et le <b>design sophistiqu\u00e9 et luxueux<\/b> peuvent transformer votre ambiance et votre atmosph\u00e8re.<\/p>\n<p><b><br \/>\n  <i>Les conseils de Michela :<\/i><br \/>\n<\/b> Ajoutez une touche de lumi\u00e8re \u00e0 votre int\u00e9rieur, <b>d\u00e9corez la table avec des<\/b><a href=\"https:\/\/lighthouselocarno.ch\/home-decor\/candele\/candele-sotto\/\"> <b>bougies<\/b><\/a><b> e<\/b><a href=\"https:\/\/lighthouselocarno.ch\/fr\/produit\/bougeoirs-en-verre-design\/\"> <b>chandeliers en verre<\/b><\/a><b> pour un d\u00eener aux chandelles inoubliable. <\/b>La lumi\u00e8re qu&rsquo;ils refl\u00e8tent cr\u00e9e une atmosph\u00e8re \u00e9l\u00e9gante et raffin\u00e9e.<\/p>\n","protected":false},"excerpt":{"rendered":"<p>Ajoutez une touche de romantisme \u00e0 votre <b>service de table<\/b> avec l&rsquo;<b>assiette <\/b>exclusive <b>en m\u00e9tal argent\u00e9 en forme de c\u0153ur, <\/b>parfaite pour pr\u00e9senter \u00e9l\u00e9gamment vos cr\u00e9ations culinaires.  <b>Fabriqu\u00e9e \u00e0 partir de mat\u00e9riaux de haute qualit\u00e9,<\/b> cette plaque ne se contente pas d&rsquo;attirer l&rsquo;attention par sa forme distinctive, elle offre \u00e9galement une r\u00e9sistance et une durabilit\u00e9 sup\u00e9rieures. Am\u00e9liorez l&rsquo;exp\u00e9rience gastronomique et faites de chaque repas un moment sp\u00e9cial.<\/p>\n<p>Dimensions : 24 x 3 x 25 cm<\/p>\n","protected":false},"featured_media":141057,"template":"","meta":{"_seopress_robots_primary_cat":"none","_seopress_titles_title":"Plaque en m\u00e9tal argent\u00e9 en forme de c\u0153ur","_seopress_titles_desc":"Assiette en m\u00e9tal argent\u00e9 en forme de c\u0153ur, parfaite pour pr\u00e9senter \u00e9l\u00e9gamment vos cr\u00e9ations culinaires. Fabriqu\u00e9 avec des mat\u00e9riaux de haute qualit\u00e9.  \n","_seopress_robots_index":""},"product_brand":[],"product_cat":[5935,3747,4040,8117,7229],"product_tag":[8119,8128,8185,8181,8171,4629,8168,8169,8131,8167,8172],"class_list":{"0":"post-141338","1":"product","2":"type-product","3":"status-publish","4":"has-post-thumbnail","6":"product_cat-actualites","7":"product_cat-decoration-interieure","8":"product_cat-decorations-fr","9":"product_cat-paques","10":"product_cat-plats-et-tasses","11":"product_tag-accessoires-pour-la-maison-fr","12":"product_tag-accessoires-pour-la-maison-fr-2","13":"product_tag-amenagement-de-lespace-et-de-lhabitat","14":"product_tag-assiette-en-forme-de-coeur-fr-2","15":"product_tag-assiette-en-forme-de-coeur-fr","16":"product_tag-decoration-interieure","17":"product_tag-objets-de-decoration-fr","18":"product_tag-ornaments-et-accessoires-pour-la-maison-fr","19":"product_tag-ornements-fr","20":"product_tag-plaque-en-forme-de-coeur","21":"product_tag-vendeur-dherzformiger","23":"first","24":"instock","25":"shipping-taxable","26":"purchasable","27":"product-type-simple"},"jetpack_sharing_enabled":true,"_links":{"self":[{"href":"https:\/\/lighthouselocarno.ch\/fr\/wp-json\/wp\/v2\/product\/141338","targetHints":{"allow":["GET"]}}],"collection":[{"href":"https:\/\/lighthouselocarno.ch\/fr\/wp-json\/wp\/v2\/product"}],"about":[{"href":"https:\/\/lighthouselocarno.ch\/fr\/wp-json\/wp\/v2\/types\/product"}],"wp:featuredmedia":[{"embeddable":true,"href":"https:\/\/lighthouselocarno.ch\/fr\/wp-json\/wp\/v2\/media\/141057"}],"wp:attachment":[{"href":"https:\/\/lighthouselocarno.ch\/fr\/wp-json\/wp\/v2\/media?parent=141338"}],"wp:term":[{"taxonomy":"product_brand","embeddable":true,"href":"https:\/\/lighthouselocarno.ch\/fr\/wp-json\/wp\/v2\/product_brand?post=141338"},{"taxonomy":"product_cat","embeddable":true,"href":"https:\/\/lighthouselocarno.ch\/fr\/wp-json\/wp\/v2\/product_cat?post=141338"},{"taxonomy":"product_tag","embeddable":true,"href":"https:\/\/lighthouselocarno.ch\/fr\/wp-json\/wp\/v2\/product_tag?post=141338"}],"curies":[{"name":"wp","href":"https:\/\/api.w.org\/{rel}","templated":true}]}}