{"id":141356,"date":"2024-02-01T10:19:00","date_gmt":"2024-02-01T10:19:00","guid":{"rendered":"https:\/\/lighthouselocarno.ch\/prodotto\/paire-de-lapins-de-paques-decoratifs-en-porcelaine-blanche-et-doree\/"},"modified":"2024-02-01T10:19:00","modified_gmt":"2024-02-01T10:19:00","slug":"paire-de-lapins-de-paques-decoratifs-en-porcelaine-blanche-et-doree","status":"publish","type":"product","link":"https:\/\/lighthouselocarno.ch\/fr\/produit\/paire-de-lapins-de-paques-decoratifs-en-porcelaine-blanche-et-doree\/","title":{"rendered":"Paire de lapins de P\u00e2ques d\u00e9coratifs en porcelaine blanche et dor\u00e9e"},"content":{"rendered":"<p><b><i>Caract\u00e9ristiques principales :<\/i><\/b><\/p>\n<ul>\n<li aria-level=\"1\">Fabriqu\u00e9s en porcelaine blanche fine, les lapins affichent une \u00e9l\u00e9gance intemporelle.<\/li>\n<li aria-level=\"1\">Taille parfaite pour s&rsquo;adapter \u00e0 tous les espaces.<\/li>\n<li aria-level=\"1\">Des d\u00e9tails finement travaill\u00e9s qui capturent l&rsquo;essence de la saison de P\u00e2ques, ajoutant une touche de gr\u00e2ce et de joie \u00e0 votre maison.<\/li>\n<\/ul>\n<p><b><br \/>\n  <i>Polyvalence d&rsquo;utilisation :<\/i><br \/>\n<\/b> Pos\u00e9s sur la table de la salle \u00e0 manger, sur la chemin\u00e9e ou sur un meuble, ces lapins d\u00e9coratifs s&rsquo;int\u00e8grent parfaitement \u00e0 tous les environnements. Combinez-les ensemble ou placez-les dans diff\u00e9rentes pi\u00e8ces pour cr\u00e9er une atmosph\u00e8re festive dans toute la maison.<\/p>\n<p><b><br \/>\n  <i>Cadeau id\u00e9al :<\/i><br \/>\n<\/b> Si vous \u00eates \u00e0 la recherche d&rsquo;un <b>cadeau unique et significatif pour vos amis ou votre famille<\/b>, ces lapins de P\u00e2ques seront le choix id\u00e9al. Leur pr\u00e9sence gracieuse et leur <b>qualit\u00e9 artisanale en font un cadeau inoubliable pour c\u00e9l\u00e9brer P\u00e2ques<\/b>.<\/p>\n<p><b><br \/>\n  <i>Cadeaux de mariage pour le bapt\u00eame ou la premi\u00e8re communion : <\/i><br \/>\n<\/b>Les tendres lapins de P\u00e2ques en porcelaine blanche sont le compl\u00e9ment id\u00e9al pour c\u00e9l\u00e9brer des moments sp\u00e9ciaux tels qu&rsquo;un bapt\u00eame ou une premi\u00e8re communion. Ces charmants lapins ne se contenteront pas d&rsquo;attirer l&rsquo;attention par leur gr\u00e2ce, ils constitueront \u00e9galement un <b>cadeau de mariage inoubliable<\/b>.<\/p>\n","protected":false},"excerpt":{"rendered":"<p><strong>Paire de lapins en porcelaine blanche et dor\u00e9e avec les oreilles soulign\u00e9es d&rsquo;or.  <\/strong>Apportez une touche de douceur et de gaiet\u00e9 \u00e0 votre int\u00e9rieur avec ces adorables lapins de P\u00e2ques d\u00e9coratifs en porcelaine blanche. Ces tendres compagnons de P\u00e2ques sont parfaits pour enrichir vos d\u00e9corations pendant les f\u00eates de fin d&rsquo;ann\u00e9e ou au printemps.  <strong>Excellente id\u00e9e de cadeau pour P\u00e2ques, le bapt\u00eame ou la communion.<\/strong><\/p>\n<p>Dimensions : 9,2 x 5,4 x 10 cm<\/p>\n","protected":false},"featured_media":140977,"template":"","meta":{"_seopress_robots_primary_cat":"none","_seopress_titles_title":"Paire de lapins de P\u00e2ques d\u00e9coratifs en porcelaine blanche et dor\u00e9e  ","_seopress_titles_desc":"Paire de lapins en porcelaine blanche et dor\u00e9e avec les oreilles soulign\u00e9es d'or. Excellente id\u00e9e de cadeau pour P\u00e2ques, le bapt\u00eame ou la communion.  ","_seopress_robots_index":""},"product_brand":[],"product_cat":[5935,3747,4040,8117],"product_tag":[8290,8281,8280,8283,8289,8285,8284,8287,8282,8288,8279,8286],"class_list":{"0":"post-141356","1":"product","2":"type-product","3":"status-publish","4":"has-post-thumbnail","6":"product_cat-actualites","7":"product_cat-decoration-interieure","8":"product_cat-decorations-fr","9":"product_cat-paques","10":"product_tag-cadeau-dinvite-fr","11":"product_tag-cadeau-de-mariage","12":"product_tag-decoration-de-paques-fr","13":"product_tag-decoration-de-paques-fr-2","14":"product_tag-decoration-de-paques-fr-3","15":"product_tag-dekoratives-kaninchen-fr","16":"product_tag-faveur-de-la-fete","17":"product_tag-gastgeschenk-fr","18":"product_tag-lapin-decoratif-fr-2","19":"product_tag-lapin-decoratif-fr-3","20":"product_tag-lapin-decoratif-fr","21":"product_tag-osterdekoration-fr","23":"first","24":"instock","25":"shipping-taxable","26":"purchasable","27":"product-type-simple"},"jetpack_sharing_enabled":true,"_links":{"self":[{"href":"https:\/\/lighthouselocarno.ch\/fr\/wp-json\/wp\/v2\/product\/141356","targetHints":{"allow":["GET"]}}],"collection":[{"href":"https:\/\/lighthouselocarno.ch\/fr\/wp-json\/wp\/v2\/product"}],"about":[{"href":"https:\/\/lighthouselocarno.ch\/fr\/wp-json\/wp\/v2\/types\/product"}],"wp:featuredmedia":[{"embeddable":true,"href":"https:\/\/lighthouselocarno.ch\/fr\/wp-json\/wp\/v2\/media\/140977"}],"wp:attachment":[{"href":"https:\/\/lighthouselocarno.ch\/fr\/wp-json\/wp\/v2\/media?parent=141356"}],"wp:term":[{"taxonomy":"product_brand","embeddable":true,"href":"https:\/\/lighthouselocarno.ch\/fr\/wp-json\/wp\/v2\/product_brand?post=141356"},{"taxonomy":"product_cat","embeddable":true,"href":"https:\/\/lighthouselocarno.ch\/fr\/wp-json\/wp\/v2\/product_cat?post=141356"},{"taxonomy":"product_tag","embeddable":true,"href":"https:\/\/lighthouselocarno.ch\/fr\/wp-json\/wp\/v2\/product_tag?post=141356"}],"curies":[{"name":"wp","href":"https:\/\/api.w.org\/{rel}","templated":true}]}}