{"id":141366,"date":"2024-02-02T16:50:16","date_gmt":"2024-02-02T16:50:16","guid":{"rendered":"https:\/\/lighthouselocarno.ch\/prodotto\/lapin-de-paques-assis-en-porcelaine-decorative-10-cm\/"},"modified":"2025-12-09T14:38:56","modified_gmt":"2025-12-09T14:38:56","slug":"lapin-de-paques-assis-en-porcelaine-decorative-10-cm","status":"publish","type":"product","link":"https:\/\/lighthouselocarno.ch\/fr\/produit\/lapin-de-paques-assis-en-porcelaine-decorative-10-cm\/","title":{"rendered":"Lapin de P\u00e2ques assis en porcelaine d\u00e9corative 10 cm"},"content":{"rendered":"<p><b><i>Caract\u00e9ristiques principales :<\/i><\/b><\/p>\n<ul>\n<li>Fabriqu\u00e9 en porcelaine blanche fine, le lapin pr\u00e9sente une \u00e9l\u00e9gance intemporelle.<\/li>\n<li>Taille parfaite pour s&rsquo;adapter \u00e0 tous les espaces<\/li>\n<li>Des d\u00e9tails finement travaill\u00e9s qui capturent l&rsquo;essence de la saison de P\u00e2ques, ajoutant une touche de gr\u00e2ce et de joie \u00e0 votre maison.<\/li>\n<\/ul>\n<p><b><br \/>\n  <i>Polyvalence d&rsquo;utilisation :<\/i><br \/>\n<\/b> Pos\u00e9 sur la table de la salle \u00e0 manger, sur la chemin\u00e9e ou sur un meuble, ce lapin d\u00e9coratif s&rsquo;int\u00e8gre parfaitement \u00e0 tous les environnements. Combinez-la avec d&rsquo;autres objets de sa<a href=\"https:\/\/lighthouselocarno.ch\/prodotto\/coniglietto-pasquale-decorativo-in-porcellana\/\"> <b>collection<\/b><\/a> pour cr\u00e9er une atmosph\u00e8re festive dans toute la maison.<\/p>\n<p><b><br \/>\n  <i>Cadeau id\u00e9al :<\/i><br \/>\n<\/b> Si vous cherchez un <b>cadeau unique et significatif pour vos amis ou votre famille<\/b>, ce lapin de P\u00e2ques sera le choix id\u00e9al. Sa pr\u00e9sence gracieuse et sa <b>qualit\u00e9 artisanale en font un cadeau inoubliable pour c\u00e9l\u00e9brer P\u00e2ques<\/b>.<\/p>\n<p><b><br \/>\n  <i>Faveurs de bapt\u00eame ou de premi\u00e8re communion : <\/i><br \/>\n<\/b>I<a href=\"https:\/\/lighthouselocarno.ch\/prodotto\/coniglietto-pasquale-decorativo-in-porcellana-bianco-e-oro-15-cm\/\"> <b>jolis lapins de P\u00e2ques en porcelaine fine blanche<\/b><\/a> sont le compl\u00e9ment id\u00e9al pour c\u00e9l\u00e9brer des moments sp\u00e9ciaux tels qu&rsquo;un bapt\u00eame ou une premi\u00e8re communion. Ces charmants lapins ne se contenteront pas d&rsquo;attirer l&rsquo;attention par leur gr\u00e2ce, ils constitueront \u00e9galement un <b>cadeau de mariage inoubliable<\/b>.<\/p>\n","protected":false},"excerpt":{"rendered":"<p><strong>Magnifique lapin de P\u00e2ques en porcelaine blanche avec bordure dor\u00e9e.<\/strong><b> <\/b>Apportez une touche de douceur et de gaiet\u00e9 \u00e0 votre int\u00e9rieur avec cet adorable lapin de P\u00e2ques d\u00e9coratif en <strong>porcelaine fine blanche<\/strong>. Ce <b>lapin de P\u00e2ques<\/b> en peluche est l&rsquo;ornement parfait pour rehausser vos d\u00e9corations pendant les f\u00eates de fin d&rsquo;ann\u00e9e ou au printemps. <strong>C&rsquo;est une excellente id\u00e9e de cadeau pour P\u00e2ques, le bapt\u00eame ou la communion.<\/strong><\/p>\n<p>Dimensions 5,5 x 5 x 9,8 cm<\/p>\n","protected":false},"featured_media":140997,"template":"","meta":{"_seopress_robots_primary_cat":"none","_seopress_titles_title":"Lapin de P\u00e2ques assis en porcelaine d\u00e9corative 10 cm","_seopress_titles_desc":"Magnifique lapin de P\u00e2ques en porcelaine blanche avec bordure dor\u00e9e. Apportez une touche de douceur et de gaiet\u00e9 \u00e0 votre int\u00e9rieur avec cet adorable lapin de P\u00e2ques d\u00e9coratif en porcelaine fine blanche.","_seopress_robots_index":""},"product_brand":[],"product_cat":[5935,4040,8117],"product_tag":[8290,8281,8283,8289,8280,8285,8284,8287,8282,8288,8279,8286],"class_list":{"0":"post-141366","1":"product","2":"type-product","3":"status-publish","4":"has-post-thumbnail","6":"product_cat-actualites","7":"product_cat-decorations-fr","8":"product_cat-paques","9":"product_tag-cadeau-dinvite-fr","10":"product_tag-cadeau-de-mariage","11":"product_tag-decoration-de-paques-fr-2","12":"product_tag-decoration-de-paques-fr-3","13":"product_tag-decoration-de-paques-fr","14":"product_tag-dekoratives-kaninchen-fr","15":"product_tag-faveur-de-la-fete","16":"product_tag-gastgeschenk-fr","17":"product_tag-lapin-decoratif-fr-2","18":"product_tag-lapin-decoratif-fr-3","19":"product_tag-lapin-decoratif-fr","20":"product_tag-osterdekoration-fr","22":"first","23":"onbackorder","24":"shipping-taxable","25":"purchasable","26":"product-type-simple"},"jetpack_sharing_enabled":true,"_links":{"self":[{"href":"https:\/\/lighthouselocarno.ch\/fr\/wp-json\/wp\/v2\/product\/141366","targetHints":{"allow":["GET"]}}],"collection":[{"href":"https:\/\/lighthouselocarno.ch\/fr\/wp-json\/wp\/v2\/product"}],"about":[{"href":"https:\/\/lighthouselocarno.ch\/fr\/wp-json\/wp\/v2\/types\/product"}],"wp:featuredmedia":[{"embeddable":true,"href":"https:\/\/lighthouselocarno.ch\/fr\/wp-json\/wp\/v2\/media\/140997"}],"wp:attachment":[{"href":"https:\/\/lighthouselocarno.ch\/fr\/wp-json\/wp\/v2\/media?parent=141366"}],"wp:term":[{"taxonomy":"product_brand","embeddable":true,"href":"https:\/\/lighthouselocarno.ch\/fr\/wp-json\/wp\/v2\/product_brand?post=141366"},{"taxonomy":"product_cat","embeddable":true,"href":"https:\/\/lighthouselocarno.ch\/fr\/wp-json\/wp\/v2\/product_cat?post=141366"},{"taxonomy":"product_tag","embeddable":true,"href":"https:\/\/lighthouselocarno.ch\/fr\/wp-json\/wp\/v2\/product_tag?post=141366"}],"curies":[{"name":"wp","href":"https:\/\/api.w.org\/{rel}","templated":true}]}}