{"id":141372,"date":"2024-02-02T17:27:29","date_gmt":"2024-02-02T17:27:29","guid":{"rendered":"https:\/\/lighthouselocarno.ch\/prodotto\/porcelaine-blanche-decorative-et-coeurs-dores-love-is-life\/"},"modified":"2024-02-02T17:27:29","modified_gmt":"2024-02-02T17:27:29","slug":"porcelaine-blanche-decorative-et-coeurs-dores-love-is-life","status":"publish","type":"product","link":"https:\/\/lighthouselocarno.ch\/fr\/produit\/porcelaine-blanche-decorative-et-coeurs-dores-love-is-life\/","title":{"rendered":"Porcelaine blanche d\u00e9corative et c\u0153urs dor\u00e9s Love is Life !"},"content":{"rendered":"<p><strong>Caract\u00e9ristiques principales :<\/strong><\/p>\n<ul>\n<li>Coeur d\u00e9coratif fabriqu\u00e9 de mani\u00e8re artisanale en <strong>porcelaine blanche de haute qualit\u00e9<\/strong>.<\/li>\n<li>Les d\u00e9tails dor\u00e9s ajoutent une touche de <strong>luxe et de romantisme \u00e0 votre int\u00e9rieur<\/strong>.<\/li>\n<li>L&rsquo;inscription \u00abL&rsquo;amour, c&rsquo;est&#8230; la vie\u00bb transmet un <strong>message d&rsquo;amour et de joie<\/strong>.<\/li>\n<\/ul>\n<p><strong>Polyvalence d&rsquo;utilisation :<\/strong> Placez ce c\u0153ur d\u00e9coratif dans des endroits cl\u00e9s de votre maison, comme sur l&rsquo;\u00e9tag\u00e8re, la table de chevet ou en tant que centre de table. Sa polyvalence lui permet de s&rsquo;adapter \u00e0 tous les contextes et \u00e0 toutes les <strong>occasions sp\u00e9ciales, y compris les mariages et les festivit\u00e9s<\/strong>.<\/p>\n<p><strong>Id\u00e9e cadeau parfaite :<\/strong> Ce c\u0153ur d\u00e9coratif est plus qu&rsquo;un simple objet de d\u00e9coration, c&rsquo;est un symbole d&rsquo;amour durable. <strong>Offrez-le pour la Saint-Valentin ou utilisez-le comme cadeau de mariage pour partager votre amour de mani\u00e8re significative et durable.<\/strong><\/p>\n","protected":false},"excerpt":{"rendered":"<p><strong>Coeur d\u00e9coratif romantique en porcelaine blanche avec des coeurs dor\u00e9s et les mots Love is&#8230; Life ! D\u00e9corez votre maison avec style gr\u00e2ce \u00e0 ce c\u0153ur d\u00e9coratif romantique en porcelaine.<\/strong>  blanc, orn\u00e9 de c\u0153urs dor\u00e9s et de la douce inscription \u00abL&rsquo;amour, c&rsquo;est&#8230; la vie\u00bb. Cet <strong>objet de d\u00e9coration raffin\u00e9<\/strong> apporte non seulement une touche d&rsquo;\u00e9l\u00e9gance, mais s&rsquo;av\u00e8re \u00e9galement \u00eatre une<strong>id\u00e9e de cadeau parfaite pour c\u00e9l\u00e9brer l&rsquo;amour,<\/strong> que ce soit lors d&rsquo;occasions sp\u00e9ciales ou dans la vie de tous les jours. C&rsquo;est <strong>\u00e9galement un cadeau id\u00e9al pour la Saint-Valentin<\/strong> et pour les <strong>mariages<\/strong>.<\/p>\n<p>Dimensions : 10,8&#215;5,7&#215;9,4 cm<\/p>\n","protected":false},"featured_media":141013,"template":"","meta":{"_seopress_robots_primary_cat":"none","_seopress_titles_title":"Porcelaine blanche d\u00e9corative et c\u0153urs dor\u00e9s Love is Life !","_seopress_titles_desc":"Coeur d\u00e9coratif romantique en porcelaine blanche avec des coeurs dor\u00e9s et les mots Love is... Life ! Id\u00e9e de cadeau pour la Saint-Valentin. Faveurs de mariage romantiques.","_seopress_robots_index":""},"product_brand":[],"product_cat":[6122,5935,7198,3747,4040,8117],"product_tag":[8148,5326,5327,4629,5212,8246,5331,6270],"class_list":{"0":"post-141372","1":"product","2":"type-product","3":"status-publish","4":"has-post-thumbnail","6":"product_cat-accessoires","7":"product_cat-actualites","8":"product_cat-deco","9":"product_cat-decoration-interieure","10":"product_cat-decorations-fr","11":"product_cat-paques","12":"product_tag-accessoires-pour-la-maison-fr-5","13":"product_tag-decoration-fr","14":"product_tag-decoration-fr-2","15":"product_tag-decoration-interieure","16":"product_tag-idee-de-cadeau","17":"product_tag-ornaments-pour-la-maison-fr","18":"product_tag-ornement-fr","19":"product_tag-saint-valentin","21":"first","22":"onbackorder","23":"shipping-taxable","24":"purchasable","25":"product-type-simple"},"jetpack_sharing_enabled":true,"_links":{"self":[{"href":"https:\/\/lighthouselocarno.ch\/fr\/wp-json\/wp\/v2\/product\/141372","targetHints":{"allow":["GET"]}}],"collection":[{"href":"https:\/\/lighthouselocarno.ch\/fr\/wp-json\/wp\/v2\/product"}],"about":[{"href":"https:\/\/lighthouselocarno.ch\/fr\/wp-json\/wp\/v2\/types\/product"}],"wp:featuredmedia":[{"embeddable":true,"href":"https:\/\/lighthouselocarno.ch\/fr\/wp-json\/wp\/v2\/media\/141013"}],"wp:attachment":[{"href":"https:\/\/lighthouselocarno.ch\/fr\/wp-json\/wp\/v2\/media?parent=141372"}],"wp:term":[{"taxonomy":"product_brand","embeddable":true,"href":"https:\/\/lighthouselocarno.ch\/fr\/wp-json\/wp\/v2\/product_brand?post=141372"},{"taxonomy":"product_cat","embeddable":true,"href":"https:\/\/lighthouselocarno.ch\/fr\/wp-json\/wp\/v2\/product_cat?post=141372"},{"taxonomy":"product_tag","embeddable":true,"href":"https:\/\/lighthouselocarno.ch\/fr\/wp-json\/wp\/v2\/product_tag?post=141372"}],"curies":[{"name":"wp","href":"https:\/\/api.w.org\/{rel}","templated":true}]}}