{"id":141376,"date":"2024-02-20T17:42:48","date_gmt":"2024-02-20T17:42:48","guid":{"rendered":"https:\/\/lighthouselocarno.ch\/prodotto\/coeurs-decoratifs-en-porcelaine-blanche-avec-details-dores\/"},"modified":"2024-04-12T09:22:13","modified_gmt":"2024-04-12T09:22:13","slug":"coeurs-decoratifs-en-porcelaine-blanche-avec-details-dores","status":"publish","type":"product","link":"https:\/\/lighthouselocarno.ch\/fr\/produit\/coeurs-decoratifs-en-porcelaine-blanche-avec-details-dores\/","title":{"rendered":"Coeurs d\u00e9coratifs en porcelaine blanche avec d\u00e9tails dor\u00e9s"},"content":{"rendered":"<p><b>Caract\u00e9ristiques principales :<\/b><\/p>\n<ul>\n<li>Coeurs d\u00e9coratifs fabriqu\u00e9s <strong>artisanalement en porcelaine blanche de haute qualit\u00e9<\/strong>.<\/li>\n<li>Les d\u00e9tails dor\u00e9s ajoutent <strong>une touche de luxe et de romantisme<\/strong>.<\/li>\n<\/ul>\n<p><b>Polyvalence d&rsquo;utilisation :<\/b> Placez ces c\u0153urs d\u00e9coratifs dans des endroits cl\u00e9s de votre maison, comme sur une \u00e9tag\u00e8re, une table de chevet ou en tant que centre de table. Leur polyvalence leur permet de s&rsquo;adapter \u00e0 tous les contextes et \u00e0 toutes les <strong>occasions sp\u00e9ciales<\/strong>, y compris les mariages et les festivit\u00e9s.<\/p>\n<p><b>Id\u00e9e cadeau parfaite :<\/b> Ces c\u0153urs d\u00e9coratifs sont plus qu&rsquo;un simple objet de d\u00e9coration ; ils sont le <strong>symbole d&rsquo;un amour durable <\/strong>.<b>Offrez-les \u00e0 l&rsquo;occasion de la Saint-Valentin ou utilisez-les comme cadeaux de mariage pour partager votre amour de mani\u00e8re significative et durable.<\/b><\/p>\n<p>&nbsp;<\/p>\n","protected":false},"excerpt":{"rendered":"<p><strong>Paire de coeurs assortis en porcelaine blanche et dor\u00e9e<\/strong>. D\u00e9corez <b>votre int\u00e9rieur avec style gr\u00e2ce aux<\/b> c\u0153urs <b>d\u00e9coratifs romantiques en porcelaine<\/b> blanche, orn\u00e9s de c\u0153urs dor\u00e9s ou de pois. Ces <b>objets de d\u00e9coration raffin\u00e9s<\/b> apportent non seulement une touche d&rsquo;\u00e9l\u00e9gance, mais se pr\u00eatent \u00e9galement \u00e0 une<b>id\u00e9e de cadeau parfaite pour c\u00e9l\u00e9brer l&rsquo;amour,<\/b> que ce soit lors d&rsquo;occasions sp\u00e9ciales ou dans la vie de tous les jours. Ils constituent <b>\u00e9galement un cadeau id\u00e9al pour la Saint-Valentin<\/b> et pour les <b>mariages<\/b>.<\/p>\n<p>Dimensions : 9.1&#215;8.1&#215;4.8 cm<\/p>\n","protected":false},"featured_media":141069,"template":"","meta":{"_seopress_robots_primary_cat":"none","_seopress_titles_title":"Coeurs d\u00e9coratifs en porcelaine blanche avec d\u00e9tails dor\u00e9s","_seopress_titles_desc":"D\u00e9corez votre maison avec style gr\u00e2ce aux c\u0153urs d\u00e9coratifs romantiques en porcelaine blanche, orn\u00e9s de c\u0153urs dor\u00e9s ou de pois. Cadeau id\u00e9al pour la Saint-Valentin. Faveurs de mariage.","_seopress_robots_index":""},"product_brand":[],"product_cat":[6122,7198,3747,4040,8117],"product_tag":[8148,5326,4629,5212,8246,5331,6270],"class_list":{"0":"post-141376","1":"product","2":"type-product","3":"status-publish","4":"has-post-thumbnail","6":"product_cat-accessoires","7":"product_cat-deco","8":"product_cat-decoration-interieure","9":"product_cat-decorations-fr","10":"product_cat-paques","11":"product_tag-accessoires-pour-la-maison-fr-5","12":"product_tag-decoration-fr","13":"product_tag-decoration-interieure","14":"product_tag-idee-de-cadeau","15":"product_tag-ornaments-pour-la-maison-fr","16":"product_tag-ornement-fr","17":"product_tag-saint-valentin","19":"first","20":"onbackorder","21":"shipping-taxable","22":"purchasable","23":"product-type-simple"},"jetpack_sharing_enabled":true,"_links":{"self":[{"href":"https:\/\/lighthouselocarno.ch\/fr\/wp-json\/wp\/v2\/product\/141376","targetHints":{"allow":["GET"]}}],"collection":[{"href":"https:\/\/lighthouselocarno.ch\/fr\/wp-json\/wp\/v2\/product"}],"about":[{"href":"https:\/\/lighthouselocarno.ch\/fr\/wp-json\/wp\/v2\/types\/product"}],"wp:featuredmedia":[{"embeddable":true,"href":"https:\/\/lighthouselocarno.ch\/fr\/wp-json\/wp\/v2\/media\/141069"}],"wp:attachment":[{"href":"https:\/\/lighthouselocarno.ch\/fr\/wp-json\/wp\/v2\/media?parent=141376"}],"wp:term":[{"taxonomy":"product_brand","embeddable":true,"href":"https:\/\/lighthouselocarno.ch\/fr\/wp-json\/wp\/v2\/product_brand?post=141376"},{"taxonomy":"product_cat","embeddable":true,"href":"https:\/\/lighthouselocarno.ch\/fr\/wp-json\/wp\/v2\/product_cat?post=141376"},{"taxonomy":"product_tag","embeddable":true,"href":"https:\/\/lighthouselocarno.ch\/fr\/wp-json\/wp\/v2\/product_tag?post=141376"}],"curies":[{"name":"wp","href":"https:\/\/api.w.org\/{rel}","templated":true}]}}