{"id":142243,"date":"2024-01-20T07:46:48","date_gmt":"2024-01-20T07:46:48","guid":{"rendered":"https:\/\/lighthouselocarno.ch\/prodotto\/bague-deternite-en-acier-inox-or-rose-avec-cristaux\/"},"modified":"2024-01-20T07:46:48","modified_gmt":"2024-01-20T07:46:48","slug":"bague-deternite-en-acier-inox-or-rose-avec-cristaux","status":"publish","type":"product","link":"https:\/\/lighthouselocarno.ch\/fr\/produit\/bague-deternite-en-acier-inox-or-rose-avec-cristaux\/","title":{"rendered":"Bague d&rsquo;\u00e9ternit\u00e9 en acier INOX or rose avec cristaux"},"content":{"rendered":"<h3>Explorez tous les aspects extraordinaires  <strong>collection de bijoux d&rsquo;<\/strong> une \u00e9l\u00e9gance raffin\u00e9e, rehauss\u00e9e par des pierres de diff\u00e9rentes couleurs pour rehausser la perfection de votre apparence.  <strong>tenue.<\/strong>  D\u00e9couvrez toutes les combinaisons de  <strong>haute joaillerie<\/strong> qui ajoutera  <strong>Une touche de glamour pour votre style.<\/strong>  Faites votre choix parmi la s\u00e9lection exclusive de couleurs et de motifs impeccables pour compl\u00e9ter vos  <strong>avec style.<\/strong><\/h3>\n<p><strong><i>Informations compl\u00e9mentaires<\/i><\/strong><\/p>\n<ul>\n<li aria-level=\"1\">Fabrication artisanale<\/li>\n<\/ul>\n<ul>\n<li aria-level=\"1\">Bijoux fantaisie de haute qualit\u00e9 fabriqu\u00e9s \u00e0 la main<\/li>\n<\/ul>\n<ul>\n<li aria-level=\"1\">Pi\u00e8ces m\u00e9talliques rev\u00eatues\/plaqu\u00e9es<\/li>\n<\/ul>\n<ul>\n<li aria-level=\"1\">Analleric\/Nickel Free<\/li>\n<\/ul>\n<ul>\n<li aria-level=\"1\">Cristaux certifi\u00e9s europ\u00e9ens.<\/li>\n<\/ul>\n<ul>\n<li aria-level=\"1\">Acier inoxydable INOX<\/li>\n<\/ul>\n<p><strong><i>Instructions d&rsquo;entretien du produit<\/i><\/strong><\/p>\n<p>Pour conserver le produit en parfait \u00e9tat, il est recommand\u00e9 d&rsquo;\u00e9viter tout contact direct avec le maquillage, le parfum et l&rsquo;eau. Conservez vos bijoux dans leur emballage d&rsquo;origine ou dans une pochette en velours pour \u00e9viter les rayures. Un polissage occasionnel \u00e0 l&rsquo;aide d&rsquo;un chiffon doux permet d&rsquo;entretenir la brillance.<\/p>\n","protected":false},"excerpt":{"rendered":"<p>L&rsquo;\u00e9ternit\u00e9. Belle <strong>bague en acier inrayable, couleur or rose<\/strong>, mod\u00e8le type Riviera, avec cristaux blancs.<\/p>\n<p>La<strong>bague \u00e9ternelle en acier<\/strong> inoxydable est<strong>orn\u00e9e de cristaux blancs \u00e9tincelants<\/strong>, une d\u00e9claration de style qui allie force et \u00e9l\u00e9gance. R\u00e9alis\u00e9e avec un savoir-faire artisanal et une attention particuli\u00e8re aux d\u00e9tails, cette bague fait partie de la collection Riviera.<\/p>\n<p>Fabriqu\u00e9e en acier de haute qualit\u00e9 r\u00e9sistant aux rayures et orn\u00e9e de cristaux \u00e9tincelants, la bague Eternity est un choix raffin\u00e9 et durable qui s&rsquo;adapte parfaitement \u00e0 toutes les occasions. D&rsquo;une largeur de 2 mm, ce bijou offre une subtile touche de glamour qui attirera tous les regards.<\/p>\n<p>Id\u00e9al comme <strong>porte-bagues<\/strong> pour une touche de classe au quotidien ou comme compl\u00e9ment parfait au motif de la <strong>collection Firenze<\/strong>.<\/p>\n<p>Laissez-vous envelopper par la beaut\u00e9 intemporelle de la bague \u00e9ternelle et ajoutez une <strong>touche de luxe \u00e0 votre style unique<\/strong>.<\/p>\n","protected":false},"featured_media":140508,"template":"","meta":{"_seopress_robots_primary_cat":"","_seopress_titles_title":"","_seopress_titles_desc":"","_seopress_robots_index":""},"product_brand":[],"product_cat":[4066],"product_tag":[],"class_list":{"0":"post-142243","1":"product","2":"type-product","3":"status-publish","4":"has-post-thumbnail","6":"product_cat-non-classe","8":"first","9":"instock","10":"shipping-taxable","11":"purchasable","12":"product-type-simple"},"jetpack_sharing_enabled":true,"_links":{"self":[{"href":"https:\/\/lighthouselocarno.ch\/fr\/wp-json\/wp\/v2\/product\/142243","targetHints":{"allow":["GET"]}}],"collection":[{"href":"https:\/\/lighthouselocarno.ch\/fr\/wp-json\/wp\/v2\/product"}],"about":[{"href":"https:\/\/lighthouselocarno.ch\/fr\/wp-json\/wp\/v2\/types\/product"}],"wp:featuredmedia":[{"embeddable":true,"href":"https:\/\/lighthouselocarno.ch\/fr\/wp-json\/wp\/v2\/media\/140508"}],"wp:attachment":[{"href":"https:\/\/lighthouselocarno.ch\/fr\/wp-json\/wp\/v2\/media?parent=142243"}],"wp:term":[{"taxonomy":"product_brand","embeddable":true,"href":"https:\/\/lighthouselocarno.ch\/fr\/wp-json\/wp\/v2\/product_brand?post=142243"},{"taxonomy":"product_cat","embeddable":true,"href":"https:\/\/lighthouselocarno.ch\/fr\/wp-json\/wp\/v2\/product_cat?post=142243"},{"taxonomy":"product_tag","embeddable":true,"href":"https:\/\/lighthouselocarno.ch\/fr\/wp-json\/wp\/v2\/product_tag?post=142243"}],"curies":[{"name":"wp","href":"https:\/\/api.w.org\/{rel}","templated":true}]}}