{"id":155255,"date":"2025-05-12T16:09:24","date_gmt":"2025-05-12T16:09:24","guid":{"rendered":"https:\/\/lighthouselocarno.ch\/prodotto\/chemisier-long-blanc-a-volants-dentelle-et-details-chics\/"},"modified":"2025-05-23T06:56:06","modified_gmt":"2025-05-23T06:56:06","slug":"chemisier-long-blanc-a-volants-dentelle-et-details-chics","status":"publish","type":"product","link":"https:\/\/lighthouselocarno.ch\/fr\/produit\/chemisier-long-blanc-a-volants-dentelle-et-details-chics\/","title":{"rendered":"Chemisier long blanc \u00e0 volants, dentelle et d\u00e9tails chics"},"content":{"rendered":"<h4 class=\"\" data-start=\"804\" data-end=\"872\">Blouse longue blanche \u00e0 volants, dentelle et perles - Elisa Cavaletti<\/h4>\n<p class=\"\" data-start=\"874\" data-end=\"1058\">Exprimez votre f\u00e9minit\u00e9 avec le <strong data-start=\"908\" data-end=\"946\">chemisier long blanc Elisa Cavaletti<\/strong>, un article au design sophistiqu\u00e9 et raffin\u00e9, con\u00e7u pour rehausser chaque look d&rsquo;une touche chic et originale.<\/p>\n<p class=\"\" data-start=\"1060\" data-end=\"1369\">R\u00e9alis\u00e9e en <strong data-start=\"1074\" data-end=\"1096\">cr\u00eape \u00e9cras\u00e9<\/strong>, cette blouse pr\u00e9sente des <strong data-start=\"1120\" data-end=\"1160\">volants raffin\u00e9s et des empi\u00e8cements de dentelle<\/strong> qui apportent mouvement et \u00e9l\u00e9gance. Le <strong data-start=\"1197\" data-end=\"1238\">bas asym\u00e9trique \u00e0 double boutonnage<\/strong> apporte une note de modernit\u00e9, tandis que <strong data-start=\"1276\" data-end=\"1329\">les applications de perles et les reflets noirs et blancs<\/strong> rendent le v\u00eatement lumineux et raffin\u00e9. <\/p>\n<p class=\"\" data-start=\"1371\" data-end=\"1566\">Les <strong data-start=\"1374\" data-end=\"1406\">longues manches chauve-souris<\/strong> conf\u00e8rent une \u00e9l\u00e9gance fluide et une coupe confortable, parfaite pour \u00eatre port\u00e9e aussi bien en journ\u00e9e avec un pantalon classique qu&rsquo;en soir\u00e9e avec un look plus glamour.<\/p>\n<p class=\"\" data-start=\"1568\" data-end=\"1708\">Le chemisier a une <strong data-start=\"1584\" data-end=\"1608\">coupe r\u00e9guli\u00e8re<\/strong> et est <strong data-start=\"1625\" data-end=\"1650\">enti\u00e8rement<\/strong> fabriqu\u00e9 <strong data-start=\"1625\" data-end=\"1650\">en Italie<\/strong>, gage de qualit\u00e9 sartoriale et de style inimitable.<\/p>\n<p class=\"\" data-start=\"1710\" data-end=\"1734\"><strong data-start=\"1710\" data-end=\"1732\">D\u00e9tails du produit :<\/strong><\/p>\n<ul data-start=\"1735\" data-end=\"2086\">\n<li class=\"\" data-start=\"1735\" data-end=\"1774\">\n<p class=\"\" data-start=\"1737\" data-end=\"1774\">Chemisier long blanc en cr\u00eape<\/p>\n<\/li>\n<li class=\"\" data-start=\"1775\" data-end=\"1814\">\n<p class=\"\" data-start=\"1777\" data-end=\"1814\">\u00c9l\u00e9gants volants et empi\u00e8cements en dentelle<\/p>\n<\/li>\n<li class=\"\" data-start=\"1815\" data-end=\"1860\">\n<p class=\"\" data-start=\"1817\" data-end=\"1860\">Bas asym\u00e9trique avec effet double t\u00eate<\/p>\n<\/li>\n<li class=\"\" data-start=\"1861\" data-end=\"1915\">\n<p class=\"\" data-start=\"1863\" data-end=\"1915\">Applications avec des perles et des reflets noirs et blancs<\/p>\n<\/li>\n<li class=\"\" data-start=\"1916\" data-end=\"1952\">\n<p class=\"\" data-start=\"1918\" data-end=\"1952\">Manches longues style chauve-souris<\/p>\n<\/li>\n<li class=\"\" data-start=\"1953\" data-end=\"1977\">\n<p class=\"\" data-start=\"1955\" data-end=\"1977\">Coupe r\u00e9guli\u00e8re<\/p>\n<\/li>\n<li class=\"\" data-start=\"1978\" data-end=\"1995\">\n<p class=\"\" data-start=\"1980\" data-end=\"1995\">Fabriqu\u00e9 en Italie<\/p>\n<\/li>\n<li class=\"\" data-start=\"1996\" data-end=\"2035\">\n<p class=\"\" data-start=\"1998\" data-end=\"2035\">Code produit : EJP251008201-03149<\/p>\n<\/li>\n<li class=\"\" data-start=\"2036\" data-end=\"2086\">\n<p class=\"\" data-start=\"2038\" data-end=\"2086\">Le mod\u00e8le mesure 178 cm et porte la taille S.<\/p>\n<\/li>\n<\/ul>\n<p class=\"\" data-start=\"2088\" data-end=\"2190\">\ud83d\udca1 <em data-start=\"2091\" data-end=\"2190\">Con\u00e7ue par Elisa Cavaletti, elle est id\u00e9ale pour les femmes qui souhaitent se distinguer par leur style et leur sophistication.<\/em><\/p>\n","protected":false},"excerpt":{"rendered":"<p class=\"\" data-start=\"618\" data-end=\"761\">Chemisier long en cr\u00eape blanc avec volants et dentelle. Ourlet asym\u00e9trique, manches chauve-souris et d\u00e9tails perl\u00e9s. Elegance by Elisa Cavaletti.  <\/p>\n","protected":false},"featured_media":155220,"template":"","meta":{"_seopress_robots_primary_cat":"none","_seopress_titles_title":"Blouse longue blanche \u00e0 dentelle et volants - Elisa Cavaletti","_seopress_titles_desc":"D\u00e9couvrez la blouse longue blanche Elisa Cavaletti avec des volants, de la dentelle et des d\u00e9tails en perles. El\u00e9gante et raffin\u00e9e, elle est parfaite pour toutes les occasions.  Fabriqu\u00e9 en Italie.","_seopress_robots_index":""},"product_brand":[8563],"product_cat":[5856,3780,3773,3766],"product_tag":[8594,8588,8587,8589,8586,8591,8595,8593,8592,8590],"class_list":{"0":"post-155255","1":"product","2":"type-product","3":"status-publish","4":"has-post-thumbnail","6":"product_brand-elisa-cavaletti","7":"product_cat-chemises","8":"product_cat-mode-femme","9":"product_cat-robes","10":"product_cat-vetements","11":"product_tag-blouse-a-manches-chauve-souris","12":"product_tag-blouse-a-volants","13":"product_tag-blouse-avec-dentelle","14":"product_tag-blouse-elegante-elisa-cavaletti","15":"product_tag-blouse-longue-blanche","16":"product_tag-look-de-jour-et-de-soiree","17":"product_tag-mode-elisa-cavaletti-fr","18":"product_tag-mode-feminine-elegante","19":"product_tag-mode-made-in-italy-fr","20":"product_tag-vetements-chics-pour-femmes","21":"pa_taglia-l-fr","22":"pa_taglia-m-fr","23":"pa_taglia-s-fr","24":"pa_taglia-xl-fr","25":"pa_taglia-xs-fr","27":"first","28":"instock","29":"shipping-taxable","30":"purchasable","31":"product-type-variable"},"jetpack_sharing_enabled":true,"_links":{"self":[{"href":"https:\/\/lighthouselocarno.ch\/fr\/wp-json\/wp\/v2\/product\/155255","targetHints":{"allow":["GET"]}}],"collection":[{"href":"https:\/\/lighthouselocarno.ch\/fr\/wp-json\/wp\/v2\/product"}],"about":[{"href":"https:\/\/lighthouselocarno.ch\/fr\/wp-json\/wp\/v2\/types\/product"}],"wp:featuredmedia":[{"embeddable":true,"href":"https:\/\/lighthouselocarno.ch\/fr\/wp-json\/wp\/v2\/media\/155220"}],"wp:attachment":[{"href":"https:\/\/lighthouselocarno.ch\/fr\/wp-json\/wp\/v2\/media?parent=155255"}],"wp:term":[{"taxonomy":"product_brand","embeddable":true,"href":"https:\/\/lighthouselocarno.ch\/fr\/wp-json\/wp\/v2\/product_brand?post=155255"},{"taxonomy":"product_cat","embeddable":true,"href":"https:\/\/lighthouselocarno.ch\/fr\/wp-json\/wp\/v2\/product_cat?post=155255"},{"taxonomy":"product_tag","embeddable":true,"href":"https:\/\/lighthouselocarno.ch\/fr\/wp-json\/wp\/v2\/product_tag?post=155255"}],"curies":[{"name":"wp","href":"https:\/\/api.w.org\/{rel}","templated":true}]}}