{"id":155313,"date":"2025-05-19T12:48:34","date_gmt":"2025-05-19T12:48:34","guid":{"rendered":"https:\/\/lighthouselocarno.ch\/prodotto\/chemise-blanche-a-volants-et-dentelle-devoree-elisa-cavaletti\/"},"modified":"2025-05-23T07:35:59","modified_gmt":"2025-05-23T07:35:59","slug":"chemise-blanche-a-volants-et-dentelle-devoree-elisa-cavaletti","status":"publish","type":"product","link":"https:\/\/lighthouselocarno.ch\/fr\/produit\/chemise-blanche-a-volants-et-dentelle-devoree-elisa-cavaletti\/","title":{"rendered":"Chemise blanche \u00e0 volants et dentelle d\u00e9vor\u00e9e - Elisa Cavaletti"},"content":{"rendered":"<h4 class=\"\" data-start=\"564\" data-end=\"628\">Chemise blanche \u00e0 volants et dentelle d\u00e9vor\u00e9e - Elisa Cavaletti<\/h4>\n<p class=\"\" data-start=\"630\" data-end=\"801\">Rehaussez votre style avec la <strong data-start=\"657\" data-end=\"713\">chemise en soie m\u00e9lang\u00e9e blanche d&rsquo;Elisa Cavaletti<\/strong>, un v\u00eatement romantique et raffin\u00e9 con\u00e7u pour les femmes qui aiment se d\u00e9marquer avec \u00e9l\u00e9gance.<\/p>\n<p class=\"\" data-start=\"803\" data-end=\"1165\">Cette <strong data-start=\"810\" data-end=\"837\">chemise \u00e0 manches courtes<\/strong> est confectionn\u00e9e dans un fin m\u00e9lange de soie, agr\u00e9ment\u00e9e de <strong data-start=\"894\" data-end=\"920\">volants et de dentelle d\u00e9vor\u00e9e<\/strong> qui lui conf\u00e8rent une touche sophistiqu\u00e9e et f\u00e9minine. L&rsquo;<strong data-start=\"969\" data-end=\"1017\">encolure en V avec fermeture boutonn\u00e9e r\u00e9glable<\/strong> assure un ajustement personnalis\u00e9, tandis que la <strong data-start=\"1071\" data-end=\"1121\">plaque d\u00e9corative en forme de c\u0153ur \u00e9maill\u00e9 blanc<\/strong> ajoute un d\u00e9tail unique et distinctif. <\/p>\n<p class=\"\" data-start=\"1167\" data-end=\"1290\">Parfaite pour cr\u00e9er des <strong data-start=\"1187\" data-end=\"1216\">looks essentiels mais nobles<\/strong>, cette chemise convient aussi bien aux tenues de tous les jours qu&rsquo;aux occasions sp\u00e9ciales.<\/p>\n<p class=\"\" data-start=\"1292\" data-end=\"1699\"><strong data-start=\"1292\" data-end=\"1318\">D\u00e9tails du produit :<\/strong><br data-start=\"1318\" data-end=\"1321\">- Blouse en soie m\u00e9lang\u00e9e blanche<br data-start=\"1351\" data-end=\"1354\">- Volants avec \u00e9l\u00e9gante dentelle devor\u00e8<br data-start=\"1389\" data-end=\"1392\">- Manches courtes avec \u00e9tiquette c\u0153ur \u00e9maill\u00e9e<br data-start=\"1438\" data-end=\"1441\">- Encolure en V avec boutons r\u00e9glables<br data-start=\"1476\" data-end=\"1479\">- Style romantique, chic et intemporel<br data-start=\"1516\" data-end=\"1519\">- Coupe r\u00e9guli\u00e8re<br data-start=\"1541\" data-end=\"1544\">- Fabriqu\u00e9e en Italie<br data-start=\"1559\" data-end=\"1562\">- Code produit : EJP251008200-03149<br data-start=\"1599\" data-end=\"1602\">- Le mod\u00e8le mesure 174 cm et porte la taille S (mesures : buste 81 cm, taille 62 cm, hanches 89 cm)<\/p>\n<p class=\"\" data-start=\"1701\" data-end=\"1805\">\ud83d\udca1 <em data-start=\"1704\" data-end=\"1805\">Parfait pour la femme qui veut porter l&rsquo;\u00e9l\u00e9gance et l&rsquo;authenticit\u00e9 \u00e0 tout moment de la journ\u00e9e.<\/em><\/p>\n","protected":false},"excerpt":{"rendered":"<p class=\"\" data-start=\"358\" data-end=\"508\">Chemise en soie m\u00e9lang\u00e9e blanche avec volants et dentelle d\u00e9vor\u00e9e. Manches courtes, col en V ajustable et d\u00e9tails romantiques. Un look \u00e9l\u00e9gant pour la journ\u00e9e et le soir.  <\/p>\n","protected":false},"featured_media":155263,"template":"","meta":{"_seopress_robots_primary_cat":"none","_seopress_titles_title":"Chemise blanche \u00e0 volants et dentelle d\u00e9vor\u00e9e - Elisa Cavaletti","_seopress_titles_desc":"D\u00e9couvrez la chemise en soie blanche \u00e0 volants et dentelle d\u00e9vor\u00e9e d'Elisa Cavaletti. Une \u00e9l\u00e9gance romantique pour toutes les occasions.  Fabriqu\u00e9 en Italie.","_seopress_robots_index":"","_seopress_analysis_target_kw":""},"product_brand":[8563],"product_cat":[5856,3780,4066,3766],"product_tag":[8641,8639,8652,8643,8647,8650,8646,8649,8651,8648],"class_list":{"0":"post-155313","1":"product","2":"type-product","3":"status-publish","4":"has-post-thumbnail","6":"product_brand-elisa-cavaletti","7":"product_cat-chemises","8":"product_cat-mode-femme","9":"product_cat-non-classe","10":"product_cat-vetements","11":"product_tag-chemise-a-volants","12":"product_tag-chemise-blanche-pour-femmes","13":"product_tag-chemise-dete-elegante","14":"product_tag-chemise-en-dentelle-devoree","15":"product_tag-chemise-habillee-pour-dames","16":"product_tag-chemises-chics","17":"product_tag-elisa-cavaletti-mode-fr","18":"product_tag-look-feminin-romantique","19":"product_tag-mode-feminine-italienne","20":"product_tag-vetements-fabriques-en-italie","21":"pa_taglia-l-fr","22":"pa_taglia-m-fr","23":"pa_taglia-s-fr","24":"pa_taglia-xl-fr","25":"pa_taglia-xs-fr","26":"pa_taglia-xxl-fr","27":"pa_taglia-xxxl-fr","29":"first","30":"instock","31":"shipping-taxable","32":"purchasable","33":"product-type-variable"},"jetpack_sharing_enabled":true,"_links":{"self":[{"href":"https:\/\/lighthouselocarno.ch\/fr\/wp-json\/wp\/v2\/product\/155313","targetHints":{"allow":["GET"]}}],"collection":[{"href":"https:\/\/lighthouselocarno.ch\/fr\/wp-json\/wp\/v2\/product"}],"about":[{"href":"https:\/\/lighthouselocarno.ch\/fr\/wp-json\/wp\/v2\/types\/product"}],"wp:featuredmedia":[{"embeddable":true,"href":"https:\/\/lighthouselocarno.ch\/fr\/wp-json\/wp\/v2\/media\/155263"}],"wp:attachment":[{"href":"https:\/\/lighthouselocarno.ch\/fr\/wp-json\/wp\/v2\/media?parent=155313"}],"wp:term":[{"taxonomy":"product_brand","embeddable":true,"href":"https:\/\/lighthouselocarno.ch\/fr\/wp-json\/wp\/v2\/product_brand?post=155313"},{"taxonomy":"product_cat","embeddable":true,"href":"https:\/\/lighthouselocarno.ch\/fr\/wp-json\/wp\/v2\/product_cat?post=155313"},{"taxonomy":"product_tag","embeddable":true,"href":"https:\/\/lighthouselocarno.ch\/fr\/wp-json\/wp\/v2\/product_tag?post=155313"}],"curies":[{"name":"wp","href":"https:\/\/api.w.org\/{rel}","templated":true}]}}