{"id":155456,"date":"2025-05-19T13:08:39","date_gmt":"2025-05-19T13:08:39","guid":{"rendered":"https:\/\/lighthouselocarno.ch\/prodotto\/leggings-blancs-avec-details-argentes-elisa-cavaletti\/"},"modified":"2025-05-22T13:22:19","modified_gmt":"2025-05-22T13:22:19","slug":"leggings-blancs-avec-details-argentes-elisa-cavaletti","status":"publish","type":"product","link":"https:\/\/lighthouselocarno.ch\/fr\/produit\/leggings-blancs-avec-details-argentes-elisa-cavaletti\/","title":{"rendered":"Leggings blancs avec d\u00e9tails argent\u00e9s - Elisa Cavaletti"},"content":{"rendered":"<h4 class=\"\" data-start=\"626\" data-end=\"696\">Leggings blancs avec d\u00e9tails argent\u00e9s - Elisa Cavaletti<\/h4>\n<p class=\"\" data-start=\"698\" data-end=\"1005\"><strong data-start=\"700\" data-end=\"744\">Les leggings blancs d&rsquo;Elisa Cavaletti<\/strong> allient confort, style et message d&rsquo;\u00e9mancipation. Parfaits pour des looks polyvalents et sophistiqu\u00e9s, ces leggings sont dot\u00e9s de <strong data-start=\"870\" data-end=\"891\">poches fonctionnelles<\/strong>, d&rsquo;\u00e9l\u00e9gants d\u00e9tails en <strong data-start=\"914\" data-end=\"932\">feuille d&rsquo;argent<\/strong> et de la phrase inspirante \u00bb <strong data-start=\"958\" data-end=\"984\">(self) love-oriented \u00bb (orient\u00e9 vers l&rsquo;amour de soi)<\/strong> imprim\u00e9e sur le c\u00f4t\u00e9. <\/p>\n<p class=\"\" data-start=\"1007\" data-end=\"1289\">Fabriqu\u00e9s dans des mati\u00e8res de grande qualit\u00e9, ils sont doux, extensibles et id\u00e9aux pour vous accompagner avec style lors de journ\u00e9es dynamiques ou de soir\u00e9es d\u00e9contract\u00e9es et chics. La <strong data-start=\"1176\" data-end=\"1200\">coupe r\u00e9guli\u00e8re<\/strong> met en valeur la silhouette, tandis que le design raffin\u00e9 exprime toute l&rsquo;essence de la marque. <\/p>\n<p class=\"\" data-start=\"1291\" data-end=\"1792\"><strong data-start=\"1291\" data-end=\"1313\">D\u00e9tails du produit :<\/strong><br data-start=\"1313\" data-end=\"1316\">- Leggings blancs avec poches<br data-start=\"1345\" data-end=\"1348\">- D\u00e9tails \u00e9l\u00e9gants en feuille d&rsquo;argent<br data-start=\"1385\" data-end=\"1388\">- Lettres \u00bb (self) love-oriented \u00bb en feuille d&rsquo;argent<br data-start=\"1438\" data-end=\"1441\">- Look chic et contemporain, parfait pour toute occasion<br data-start=\"1497\" data-end=\"1500\">- Coupe r\u00e9guli\u00e8re<br data-start=\"1522\" data-end=\"1525\">- Composition du tissu 1 : 66 % viscose, 31 % nylon, 3 % \u00e9lasthanne<br data-start=\"1585\" data-end=\"1588\">- Composition du tissu 2 : 92 % polyester, 8 % \u00e9lasthanne<br data-start=\"1640\" data-end=\"1643\">- Fabriqu\u00e9 en Italie<br data-start=\"1658\" data-end=\"1661\">- Code produit : EJP256003710-03160<br data-start=\"1698\" data-end=\"1701\">- Le mod\u00e8le mesure 176 cm (buste 86 cm, taille 66 cm, hanches 92 cm) et porte la taille S.<\/p>\n<p class=\"\" data-start=\"1794\" data-end=\"1901\">\ud83d\udca1 <em data-start=\"1797\" data-end=\"1901\">Portez l&rsquo;\u00e9l\u00e9gance et l&rsquo;\u00e9nergie positive d&rsquo;Elisa Cavaletti : style, identit\u00e9 et confort \u00e0 la fois.<\/em><\/p>\n","protected":false},"excerpt":{"rendered":"<p class=\"\" data-start=\"407\" data-end=\"570\">Leggings blancs avec poches et d\u00e9tails en feuille d&rsquo;argent. Le lettrage \u00ab(self) love-oriented\u00bb donne un look chic et polyvalent, id\u00e9al pour le jour et le soir.  Elisa Cavaletti.<\/p>\n","protected":false},"featured_media":155418,"template":"","meta":{"_seopress_robots_primary_cat":"none","_seopress_titles_title":"Leggings blancs avec d\u00e9tails et \u00e9criture argent\u00e9s - Elisa Cavaletti","_seopress_titles_desc":"D\u00e9couvrez le legging blanc avec des d\u00e9tails en feuille d'argent et le lettrage \" (self) love-oriented \" (orient\u00e9 vers l'amour de soi). Confortable et chic pour tous les instants.  Elisa Cavaletti. Fabriqu\u00e9 en Italie.","_seopress_robots_index":""},"product_brand":[8563],"product_cat":[3780,4255,3766],"product_tag":[8727,8646,8725,8723,8730,8724,8726,8731,8729,8728],"class_list":{"0":"post-155456","1":"product","2":"type-product","3":"status-publish","4":"has-post-thumbnail","6":"product_brand-elisa-cavaletti","7":"product_cat-mode-femme","8":"product_cat-pantalon","9":"product_cat-vetements","10":"product_tag-des-looks-chics-pour-la-journee-et-le-soir","11":"product_tag-elisa-cavaletti-mode-fr","12":"product_tag-jambieres-avec-feuille-dargent","13":"product_tag-jambieres-blanches-pour-femmes","14":"product_tag-leggings-avec-ecriture-motivante","15":"product_tag-leggings-avec-poches","16":"product_tag-leggings-elegants-pour-femmes","17":"product_tag-mode-feminine","18":"product_tag-pantalons-elastiques-pour-femmes","19":"product_tag-vetements-pour-femmes-fabriques-en-italie","20":"pa_taglia-m-fr","21":"pa_taglia-s-fr","23":"first","24":"instock","25":"shipping-taxable","26":"purchasable","27":"product-type-variable"},"jetpack_sharing_enabled":true,"_links":{"self":[{"href":"https:\/\/lighthouselocarno.ch\/fr\/wp-json\/wp\/v2\/product\/155456","targetHints":{"allow":["GET"]}}],"collection":[{"href":"https:\/\/lighthouselocarno.ch\/fr\/wp-json\/wp\/v2\/product"}],"about":[{"href":"https:\/\/lighthouselocarno.ch\/fr\/wp-json\/wp\/v2\/types\/product"}],"wp:featuredmedia":[{"embeddable":true,"href":"https:\/\/lighthouselocarno.ch\/fr\/wp-json\/wp\/v2\/media\/155418"}],"wp:attachment":[{"href":"https:\/\/lighthouselocarno.ch\/fr\/wp-json\/wp\/v2\/media?parent=155456"}],"wp:term":[{"taxonomy":"product_brand","embeddable":true,"href":"https:\/\/lighthouselocarno.ch\/fr\/wp-json\/wp\/v2\/product_brand?post=155456"},{"taxonomy":"product_cat","embeddable":true,"href":"https:\/\/lighthouselocarno.ch\/fr\/wp-json\/wp\/v2\/product_cat?post=155456"},{"taxonomy":"product_tag","embeddable":true,"href":"https:\/\/lighthouselocarno.ch\/fr\/wp-json\/wp\/v2\/product_tag?post=155456"}],"curies":[{"name":"wp","href":"https:\/\/api.w.org\/{rel}","templated":true}]}}