{"id":155599,"date":"2025-05-22T13:28:53","date_gmt":"2025-05-22T13:28:53","guid":{"rendered":"https:\/\/lighthouselocarno.ch\/prodotto\/caftan-reversible-imprime-de-roses-et-de-vagues-elisa-cavaletti\/"},"modified":"2025-05-22T15:10:32","modified_gmt":"2025-05-22T15:10:32","slug":"caftan-reversible-imprime-de-roses-et-de-vagues-elisa-cavaletti","status":"publish","type":"product","link":"https:\/\/lighthouselocarno.ch\/fr\/produit\/caftan-reversible-imprime-de-roses-et-de-vagues-elisa-cavaletti\/","title":{"rendered":"Caftan r\u00e9versible imprim\u00e9 de roses et de vagues - Elisa Cavaletti"},"content":{"rendered":"<h4 class=\"\" data-start=\"596\" data-end=\"665\"><strong>Caftan r\u00e9versible imprim\u00e9 \u00ab Rose \u00bb et \u00ab Waves \u00bb - Elisa Cavaletti<\/strong><\/h4>\n<p class=\"\" data-start=\"667\" data-end=\"812\"><strong>Rendez votre style unique avec le caftan r\u00e9versible d&rsquo;Elisa Cavaletti <\/strong><strong data-start=\"699\" data-end=\"738\">caftan r\u00e9versible d&rsquo;Elisa Cavaletti<\/strong><strong>un v\u00eatement raffin\u00e9 et l\u00e9ger, parfait pour la saison printemps-\u00e9t\u00e9.<\/strong><\/p>\n<p class=\"\" data-start=\"814\" data-end=\"1158\"><strong>En viscose douce et brillante <\/strong><strong data-start=\"828\" data-end=\"854\">viscose douce et brillante<\/strong><strong>ce caftan r\u00e9unit deux \u00e2mes en un seul v\u00eatement : d&rsquo;une part, l&rsquo;imprim\u00e9 floral \u00ab Rose \u00bb. <\/strong><strong data-start=\"919\" data-end=\"945\">l&rsquo;imprim\u00e9 floral \u00ab Rose<\/strong><strong>d&rsquo;autre part, l&rsquo;imprim\u00e9 fluide et \u00e9l\u00e9gant \u00bb<\/strong><strong data-start=\"989\" data-end=\"997\">Vagues<\/strong><strong>\u00ab. La polyvalence est maximale : vous pouvez choisir de le porter avec   <\/strong><strong data-start=\"1059\" data-end=\"1082\">manches chauve-souris<\/strong><strong> pour une touche boh\u00e8me ou <\/strong><strong data-start=\"1107\" data-end=\"1120\">sans manches<\/strong><strong> pour un style plus frais et minimaliste.<\/strong><\/p>\n<p class=\"\" data-start=\"1160\" data-end=\"1302\"><strong>Id\u00e9al pour les looks de jour et de soir\u00e9e, ce caftan exprime une f\u00e9minit\u00e9 moderne et authentique, avec toute la qualit\u00e9 de la soie. <\/strong><strong data-start=\"1282\" data-end=\"1299\">Fabriqu\u00e9 en Italie<\/strong><strong>.<\/strong><\/p>\n<p class=\"\" data-start=\"1304\" data-end=\"1744\"><strong data-start=\"1304\" data-end=\"1330\">D\u00e9tails du produit :<\/strong><strong><br \/>\n- Caftan r\u00e9versible en viscose brillante<br \/>\n- Couleurs : bleu clair, beige et blanc<br \/>\n- Face 1 : imprim\u00e9 floral \u00ab Rose \u00bb<br \/>\n- Face 2 : imprim\u00e9 graphique \u00ab Waves \u00bb<br \/>\n- Manches convertibles : chauve-souris ou sans manches<br \/>\n- Coupe r\u00e9guli\u00e8re<br \/>\n- Look printanier, chic et polyvalent<br \/>\n- Fabriqu\u00e9 en Italie<br \/>\n- Code produit : EJP255066702-99459<br \/>\n- Le mod\u00e8le mesure 174 cm (buste 81 cm, taille 62 cm, hanches 89 cm) et porte la taille S.<\/strong><\/p>\n<p class=\"\" data-start=\"1746\" data-end=\"1858\">\ud83d\udca1<strong> <em data-start=\"1749\" data-end=\"1858\">Deux styles en un : changez de look en un seul geste, gr\u00e2ce \u00e0 l&rsquo;\u00e9l\u00e9gance r\u00e9versible d&rsquo;Elisa Cavaletti.<\/em><\/strong><\/p>\n","protected":false},"excerpt":{"rendered":"<p class=\"\" data-start=\"387\" data-end=\"540\">Caftan r\u00e9versible en viscose brillante avec imprim\u00e9 \u00ab Rose \u00bb d&rsquo;un c\u00f4t\u00e9 et \u00ab Waves \u00bb de l&rsquo;autre. Manches chauve-souris ou sans manches. Frais, l\u00e9ger et fabriqu\u00e9 en Italie.  <\/p>\n","protected":false},"featured_media":155578,"template":"","meta":{"_seopress_robots_primary_cat":"none","_seopress_titles_title":"Caftan r\u00e9versible en viscose brillante avec imprim\u00e9 \u00ab Rose \u00bb d'un c\u00f4t\u00e9 et \u00ab Waves \u00bb de l'autre. Manches chauve-souris ou sans manches. Frais, l\u00e9ger et fabriqu\u00e9 en Italie.  ","_seopress_titles_desc":"D\u00e9couvrez le caftan r\u00e9versible Elisa Cavaletti : imprim\u00e9 rose d'un c\u00f4t\u00e9 et vagues de l'autre. Frais, \u00e9l\u00e9gant et polyvalent. Parfait pour les looks printemps-\u00e9t\u00e9.  ","_seopress_robots_index":""},"product_brand":[8563],"product_cat":[5856,3780,3766],"product_tag":[8763,8759,8761,8760,8646,8767,8764,8765,8766,8762],"class_list":{"0":"post-155599","1":"product","2":"type-product","3":"status-publish","4":"has-post-thumbnail","6":"product_brand-elisa-cavaletti","7":"product_cat-chemises","8":"product_cat-mode-femme","9":"product_cat-vetements","10":"product_tag-caftan-avec-imprime-floral","11":"product_tag-caftan-elegant-pour-femmes","12":"product_tag-caftan-printemps-ete","13":"product_tag-caftan-reversible","14":"product_tag-elisa-cavaletti-mode-fr","15":"product_tag-look-feminin-chic-et-decontracte","16":"product_tag-mode-fabriquee-en-italie","17":"product_tag-vetements-chics-pour-femmes-fr","18":"product_tag-vetements-feminins-polyvalents","19":"product_tag-vetements-legers-pour-femmes","20":"pa_taglia-taille-unique","22":"first","23":"instock","24":"shipping-taxable","25":"purchasable","26":"product-type-variable"},"jetpack_sharing_enabled":true,"_links":{"self":[{"href":"https:\/\/lighthouselocarno.ch\/fr\/wp-json\/wp\/v2\/product\/155599","targetHints":{"allow":["GET"]}}],"collection":[{"href":"https:\/\/lighthouselocarno.ch\/fr\/wp-json\/wp\/v2\/product"}],"about":[{"href":"https:\/\/lighthouselocarno.ch\/fr\/wp-json\/wp\/v2\/types\/product"}],"wp:featuredmedia":[{"embeddable":true,"href":"https:\/\/lighthouselocarno.ch\/fr\/wp-json\/wp\/v2\/media\/155578"}],"wp:attachment":[{"href":"https:\/\/lighthouselocarno.ch\/fr\/wp-json\/wp\/v2\/media?parent=155599"}],"wp:term":[{"taxonomy":"product_brand","embeddable":true,"href":"https:\/\/lighthouselocarno.ch\/fr\/wp-json\/wp\/v2\/product_brand?post=155599"},{"taxonomy":"product_cat","embeddable":true,"href":"https:\/\/lighthouselocarno.ch\/fr\/wp-json\/wp\/v2\/product_cat?post=155599"},{"taxonomy":"product_tag","embeddable":true,"href":"https:\/\/lighthouselocarno.ch\/fr\/wp-json\/wp\/v2\/product_tag?post=155599"}],"curies":[{"name":"wp","href":"https:\/\/api.w.org\/{rel}","templated":true}]}}