{"id":155666,"date":"2025-05-22T13:39:04","date_gmt":"2025-05-22T13:39:04","guid":{"rendered":"https:\/\/lighthouselocarno.ch\/prodotto\/ilse-bag-sac-moyen-en-cuir-blanc-embosse-elisa-cavaletti\/"},"modified":"2025-05-22T13:39:04","modified_gmt":"2025-05-22T13:39:04","slug":"ilse-bag-sac-moyen-en-cuir-blanc-embosse-elisa-cavaletti","status":"publish","type":"product","link":"https:\/\/lighthouselocarno.ch\/fr\/produit\/ilse-bag-sac-moyen-en-cuir-blanc-embosse-elisa-cavaletti\/","title":{"rendered":"Ilse Bag sac moyen en cuir blanc emboss\u00e9 - Elisa Cavaletti"},"content":{"rendered":"<h4 class=\"\" data-start=\"612\" data-end=\"683\">Ilse Bag sac moyen en cuir blanc emboss\u00e9 - Elisa Cavaletti<\/h4>\n<p class=\"\" data-start=\"685\" data-end=\"888\">Ic\u00f4ne de l \u00ab \u00e9l\u00e9gance et du style d \u00bb<strong data-start=\"722\" data-end=\"741\">Elisa Cavaletti<\/strong>, le <strong data-start=\"746\" data-end=\"777\">sac moyen Ilse blanc<\/strong>, en <strong data-start=\"793\" data-end=\"826\">cuir v\u00e9ritable 100% Made in Italy<\/strong>, est le compagnon id\u00e9al des looks raffin\u00e9s et contemporains.<\/p>\n<p class=\"\" data-start=\"890\" data-end=\"1188\">Ce fourre-tout classique est orn\u00e9 d&rsquo;un <strong data-start=\"933\" data-end=\"972\">blason d\u00e9coratif<\/strong>, symbole d&rsquo;originalit\u00e9 et de souci du d\u00e9tail. Le logo <strong data-start=\"1026\" data-end=\"1065\">\u00abEC\u00bb dor\u00e9 sur le devant avec des points lumineux<\/strong> ajoute une touche de glamour, tandis que la <strong data-start=\"1103\" data-end=\"1134\">sangle en cha\u00eene dor\u00e9e<\/strong> permet de le porter \u00e0 la main ou \u00e0 l&rsquo;\u00e9paule. <\/p>\n<p class=\"\" data-start=\"1190\" data-end=\"1381\">\u00c0 l&rsquo;int\u00e9rieur, le sac est doubl\u00e9 de <strong data-start=\"1227\" data-end=\"1246\">coton naturel<\/strong> et dot\u00e9 de <strong data-start=\"1259\" data-end=\"1280\">poches fonctionnelles<\/strong>, ce qui lui conf\u00e8re un caract\u00e8re pratique et confortable. La <strong data-start=\"1317\" data-end=\"1349\">fermeture \u00e0 glissi\u00e8re dor\u00e9e<\/strong> garantit s\u00e9curit\u00e9 et style. <\/p>\n<p class=\"\" data-start=\"1383\" data-end=\"1547\">Ce fourre-tout est parfait \u00e0 tout moment de la journ\u00e9e : d&rsquo;une r\u00e9union \u00e9l\u00e9gante \u00e0 une soir\u00e9e sp\u00e9ciale, son style intemporel rehausse votre personnalit\u00e9 avec classe.<\/p>\n<p class=\"\" data-start=\"1549\" data-end=\"2057\"><strong data-start=\"1549\" data-end=\"1575\">D\u00e9tails du produit :<\/strong><br data-start=\"1575\" data-end=\"1578\">- Sac Ilse moyen en cuir blanc v\u00e9ritable<br data-start=\"1621\" data-end=\"1624\">- Blason emboss\u00e9 sur le cuir<br data-start=\"1659\" data-end=\"1662\">- D\u00e9tail frontal \u00abEC\u00bb dor\u00e9 avec points lumineux<br data-start=\"1709\" data-end=\"1712\">- Bandouli\u00e8re en cha\u00eene dor\u00e9e avec logo<br data-start=\"1750\" data-end=\"1753\">- Fermeture \u00e0 glissi\u00e8re dor\u00e9e<br data-start=\"1783\" data-end=\"1786\">- Double poign\u00e9e sup\u00e9rieure en cuir<br data-start=\"1810\" data-end=\"1813\">- Int\u00e9rieur doubl\u00e9 100% coton<br data-start=\"1843\" data-end=\"1846\">- Poches d&rsquo;organisation internes<br data-start=\"1883\" data-end=\"1886\">- Port\u00e9 \u00e0 la main ou \u00e0 l&rsquo;\u00e9paule<br data-start=\"1916\" data-end=\"1919\">- El\u00e9gant, iconique, Made in Italy<br data-start=\"1953\" data-end=\"1956\">- Dimensions : largeur 30 cm, hauteur 22 cm, profondeur 8 cm<br data-start=\"2017\" data-end=\"2020\">- Code produit : ELP250686501-03209<\/p>\n<p class=\"\" data-start=\"2059\" data-end=\"2176\">\ud83d\udca1 <em data-start=\"2062\" data-end=\"2176\">Un accessoire indispensable pour les amateurs de design raffin\u00e9, symbole de l&rsquo;\u00e9l\u00e9gance romantique d&rsquo;Elisa Cavaletti.<\/em><\/p>\n","protected":false},"excerpt":{"rendered":"<p class=\"\" data-start=\"402\" data-end=\"556\">Sac moyen Ilse en cuir blanc avec blason gaufr\u00e9, logo \u00ab EC \u00bb dor\u00e9 et bandouli\u00e8re en cha\u00eene dor\u00e9e. Fourre-tout \u00e9l\u00e9gant et spacieux, parfait pour la journ\u00e9e et le soir. <\/p>\n","protected":false},"featured_media":155663,"template":"","meta":{"_seopress_robots_primary_cat":"none","_seopress_titles_title":"Ilse Bag sac moyen en cuir blanc emboss\u00e9 - Elisa Cavaletti","_seopress_titles_desc":"Fourre-tout moyen Ilse Bag en cuir blanc avec blason emboss\u00e9 et logo EC dor\u00e9. Bandouli\u00e8re en cha\u00eene dor\u00e9e et fermeture \u00e0 glissi\u00e8re. Ic\u00f4ne de style d'Elisa Cavaletti.  ","_seopress_robots_index":""},"product_brand":[8563],"product_cat":[3896,3780,5510,8835,3766],"product_tag":[8843,8842,8840,8841,8844,8837,8838,8836,8839,8845],"class_list":{"0":"post-155666","1":"product","2":"type-product","3":"status-publish","4":"has-post-thumbnail","6":"product_brand-elisa-cavaletti","7":"product_cat-chaussures-et-accessoires","8":"product_cat-mode-femme","9":"product_cat-sacs","10":"product_cat-sacs-fr","11":"product_cat-vetements","12":"product_tag-accessoires-de-mode-pour-femmes","13":"product_tag-grand-sac-pour-femmes","14":"product_tag-sac-a-relief","15":"product_tag-sac-avec-chaine-en-or","16":"product_tag-sac-de-jour-et-de-soiree-glamour","17":"product_tag-sac-en-cuir-blanc-pour-femmes","18":"product_tag-sac-fourre-tout-elegant","19":"product_tag-sac-ilse","20":"product_tag-sacs-elisa-cavaletti","21":"product_tag-sacs-fabriques-en-italie","23":"first","24":"instock","25":"shipping-taxable","26":"purchasable","27":"product-type-simple"},"jetpack_sharing_enabled":true,"_links":{"self":[{"href":"https:\/\/lighthouselocarno.ch\/fr\/wp-json\/wp\/v2\/product\/155666","targetHints":{"allow":["GET"]}}],"collection":[{"href":"https:\/\/lighthouselocarno.ch\/fr\/wp-json\/wp\/v2\/product"}],"about":[{"href":"https:\/\/lighthouselocarno.ch\/fr\/wp-json\/wp\/v2\/types\/product"}],"wp:featuredmedia":[{"embeddable":true,"href":"https:\/\/lighthouselocarno.ch\/fr\/wp-json\/wp\/v2\/media\/155663"}],"wp:attachment":[{"href":"https:\/\/lighthouselocarno.ch\/fr\/wp-json\/wp\/v2\/media?parent=155666"}],"wp:term":[{"taxonomy":"product_brand","embeddable":true,"href":"https:\/\/lighthouselocarno.ch\/fr\/wp-json\/wp\/v2\/product_brand?post=155666"},{"taxonomy":"product_cat","embeddable":true,"href":"https:\/\/lighthouselocarno.ch\/fr\/wp-json\/wp\/v2\/product_cat?post=155666"},{"taxonomy":"product_tag","embeddable":true,"href":"https:\/\/lighthouselocarno.ch\/fr\/wp-json\/wp\/v2\/product_tag?post=155666"}],"curies":[{"name":"wp","href":"https:\/\/api.w.org\/{rel}","templated":true}]}}