{"id":155674,"date":"2023-09-05T15:39:00","date_gmt":"2023-09-05T15:39:00","guid":{"rendered":"https:\/\/lighthouselocarno.ch\/prodotto\/petit-teppich-avec-une-pointe-en-forme-de-poeme\/"},"modified":"2023-09-05T15:39:00","modified_gmt":"2023-09-05T15:39:00","slug":"petit-teppich-avec-une-pointe-en-forme-de-poeme","status":"publish","type":"product","link":"https:\/\/lighthouselocarno.ch\/fr\/produit\/petit-teppich-avec-une-pointe-en-forme-de-poeme\/","title":{"rendered":"Petit teppich avec une pointe en forme de po\u00e8me"},"content":{"rendered":"<p>Petit livre de poche avec couverture en lin. Toutes les pages sont orn\u00e9es d&rsquo;une \u00e9pitaphe \u00ab Poema \u00bb. Dimensions 45X60.  <\/p>\n<p>En Italie, \u00e0 partir d&rsquo;une laine de bois de haute qualit\u00e9, un teppich de grande qualit\u00e9, qui, gr\u00e2ce \u00e0 des traitements sp\u00e9ciaux, qui permettent de conserver l&rsquo;aspect naturel, est tr\u00e8s r\u00e9sistant. En outre, l&rsquo;utilisation de produits chimiques naturels et hypoallerg\u00e9niques, qui conf\u00e8rent au Naturfaser son \u00e9clat et sa luminosit\u00e9, est essentielle. La taille et la facilit\u00e9 de mise en \u0153uvre sont d&rsquo;autres atouts de votre produit. Id\u00e9al pour changer vos v\u00eatements : seul ou en combinaison avec des accessoires de poche, pour cr\u00e9er des combinaisons toujours plus originales. Veuillez consulter l&rsquo;annexe \u00ab Produits \u00bb pour obtenir toutes les explications n\u00e9cessaires.    <\/p>\n","protected":false},"excerpt":{"rendered":"<p>Petit livre de poche avec couverture en lin. Toutes les pages sont orn\u00e9es d&rsquo;une \u00e9pitaphe \u00ab Poema \u00bb. Dimensions 45X60.  <\/p>\n<p>En Italie, \u00e0 partir d&rsquo;une laine de bois de haute qualit\u00e9, un teppich de grande qualit\u00e9 qui, gr\u00e2ce \u00e0 des traitements sp\u00e9ciaux, qui permettent de conserver l&rsquo;aspect naturel du produit, est tr\u00e8s r\u00e9sistant \u00e0 l&rsquo;usure. En outre, l&rsquo;utilisation de produits chimiques naturels et hypoallerg\u00e9niques, qui conf\u00e8rent \u00e0 l&rsquo;huile naturelle son \u00e9clat et sa luminosit\u00e9, est essentielle. La taille et la facilit\u00e9 de mise en \u0153uvre sont d&rsquo;autres atouts de votre produit. Id\u00e9al pour changer vos v\u00eatements : seul ou en combinaison avec des accessoires de poche, pour cr\u00e9er des combinaisons toujours plus originales. Veuillez consulter l&rsquo;annexe \u00ab Produits \u00bb pour obtenir toutes les explications n\u00e9cessaires.    <\/p>\n","protected":false},"featured_media":0,"template":"","meta":{"_seopress_robots_primary_cat":"","_seopress_titles_title":"","_seopress_titles_desc":"","_seopress_robots_index":""},"product_brand":[8562],"product_cat":[15],"product_tag":[],"class_list":{"0":"post-155674","1":"product","2":"type-product","3":"status-publish","5":"product_brand-arte-pura","6":"product_cat-uncategorized","8":"first","9":"instock","10":"shipping-taxable","11":"purchasable","12":"product-type-simple"},"jetpack_sharing_enabled":true,"_links":{"self":[{"href":"https:\/\/lighthouselocarno.ch\/fr\/wp-json\/wp\/v2\/product\/155674","targetHints":{"allow":["GET"]}}],"collection":[{"href":"https:\/\/lighthouselocarno.ch\/fr\/wp-json\/wp\/v2\/product"}],"about":[{"href":"https:\/\/lighthouselocarno.ch\/fr\/wp-json\/wp\/v2\/types\/product"}],"wp:attachment":[{"href":"https:\/\/lighthouselocarno.ch\/fr\/wp-json\/wp\/v2\/media?parent=155674"}],"wp:term":[{"taxonomy":"product_brand","embeddable":true,"href":"https:\/\/lighthouselocarno.ch\/fr\/wp-json\/wp\/v2\/product_brand?post=155674"},{"taxonomy":"product_cat","embeddable":true,"href":"https:\/\/lighthouselocarno.ch\/fr\/wp-json\/wp\/v2\/product_cat?post=155674"},{"taxonomy":"product_tag","embeddable":true,"href":"https:\/\/lighthouselocarno.ch\/fr\/wp-json\/wp\/v2\/product_tag?post=155674"}],"curies":[{"name":"wp","href":"https:\/\/api.w.org\/{rel}","templated":true}]}}