{"id":155763,"date":"2025-05-23T13:31:17","date_gmt":"2025-05-23T13:31:17","guid":{"rendered":"https:\/\/lighthouselocarno.ch\/prodotto\/avatar-top-en-lin-noir-avec-echarpe-eu-fo-ni-a\/"},"modified":"2025-05-24T12:44:40","modified_gmt":"2025-05-24T12:44:40","slug":"avatar-top-en-lin-noir-avec-echarpe-eu-fo-ni-a","status":"publish","type":"product","link":"https:\/\/lighthouselocarno.ch\/fr\/produit\/avatar-top-en-lin-noir-avec-echarpe-eu-fo-ni-a\/","title":{"rendered":"Avatar - Top en lin noir avec \u00e9charpe | eu-fo-n\u00ec-a"},"content":{"rendered":"<h4 data-start=\"524\" data-end=\"579\">Avatar - Top en lin noir avec \u00e9charpe | eu-fo-n\u00ec-a<\/h4>\n<p data-start=\"581\" data-end=\"827\">Essentiel et sophistiqu\u00e9, <strong data-start=\"607\" data-end=\"617\">Avatar<\/strong> est le top en pur lin qui allie confort, qualit\u00e9 et style. Dot\u00e9 d&rsquo;une <strong data-start=\"699\" data-end=\"722\">coupe r\u00e9guli\u00e8re<\/strong> et d&rsquo;un design \u00e9pur\u00e9, il se distingue par l&rsquo;<strong data-start=\"763\" data-end=\"783\">\u00e9charpe assortie<\/strong> qui lui conf\u00e8re une touche distinctive et polyvalente. <b>Coloris<\/b>:<b> blanc, noir <\/b>et <b>sable<\/b>. <\/p>\n<p data-start=\"829\" data-end=\"1100\">Fabriqu\u00e9 en <strong data-start=\"843\" data-end=\"856\">100 % lin<\/strong>, une mati\u00e8re naturelle, respirante et l\u00e9g\u00e8re, il est id\u00e9al pour la saison chaude et pour ceux qui veulent s&rsquo;habiller avec style. Sa <strong data-start=\"993\" data-end=\"1008\">couleur noire<\/strong> permet de l&rsquo;assortir facilement, ce qui est parfait pour cr\u00e9er des looks minimaux, \u00e9l\u00e9gants ou d\u00e9contract\u00e9s. <\/p>\n<p data-start=\"1102\" data-end=\"1266\">Ce haut, qui fait partie de la collection <strong data-start=\"1125\" data-end=\"1139\">eu-fo-n\u00ec-a<\/strong>, refl\u00e8te un engagement en faveur d&rsquo;une mode <strong data-start=\"1186\" data-end=\"1211\">\u00e9thique, fabriqu\u00e9e en Italie<\/strong>, bas\u00e9e sur la simplicit\u00e9, la qualit\u00e9 et l&rsquo;authenticit\u00e9.<\/p>\n<p data-start=\"1268\" data-end=\"1477\"><strong data-start=\"1268\" data-end=\"1290\">D\u00e9tails du produit :<\/strong><br data-start=\"1290\" data-end=\"1293\">- Top 100% lin<br data-start=\"1311\" data-end=\"1314\">- Couleur : noir<br data-start=\"1328\" data-end=\"1331\">- Echarpe assortie<br data-start=\"1349\" data-end=\"1352\">- Coupe r\u00e9guli\u00e8re<br data-start=\"1373\" data-end=\"1376\">- Tissu naturel, frais et respirant<br data-start=\"1416\" data-end=\"1419\">- Fabriqu\u00e9 en Italie<br data-start=\"1434\" data-end=\"1437\">- Taille de l&rsquo;\u00e9chantillon : S<\/p>\n<p data-start=\"1479\" data-end=\"1611\">\ud83d\udca1  <em data-start=\"1482\" data-end=\"1611\">Avatar est le v\u00eatement id\u00e9al pour ceux qui recherchent l&rsquo;essentiel, la durabilit\u00e9 et l&rsquo;identit\u00e9. Portez-le et sentez-vous libre d&rsquo;\u00eatre vous-m\u00eame. <\/em><\/p>\n","protected":false},"excerpt":{"rendered":"<p data-start=\"347\" data-end=\"468\">Top noir 100% lin avec \u00e9charpe assortie. Coupe r\u00e9guli\u00e8re, essentielle et raffin\u00e9e. Fabriqu\u00e9 en Italie, \u00e9thique et contemporain.  <\/p>\n","protected":false},"featured_media":155746,"template":"","meta":{"_seopress_robots_primary_cat":"none","_seopress_titles_title":"Avatar - Top en lin noir avec \u00e9charpe assortie | eu-fo-n\u00ec-a","_seopress_titles_desc":"Top noir en pur lin avec \u00e9charpe. Coupe r\u00e9guli\u00e8re, style essentiel et naturel. D\u00e9couvrez Avatar de la collection \u00e9thique eu-fo-n\u00ec-a. 100% Fabriqu\u00e9 en Italie.   ","_seopress_robots_index":""},"product_brand":[8862],"product_cat":[5856,5666,3780,3766],"product_tag":[8925,8892,8924,8889,8927,8923,8922,8928,8929,8926],"class_list":{"0":"post-155763","1":"product","2":"type-product","3":"status-publish","4":"has-post-thumbnail","6":"product_brand-eufonia","7":"product_cat-chemises","8":"product_cat-hauts-et-gilets","9":"product_cat-mode-femme","10":"product_cat-vetements","11":"product_tag-elegant-haut-dete","12":"product_tag-eu-fo-ni-a-tricot","13":"product_tag-lin-fabrique-en-italie","14":"product_tag-mode-feminine-ethique","15":"product_tag-mode-minimale-chic","16":"product_tag-top-avec-echarpe","17":"product_tag-top-en-lin-noir","18":"product_tag-top-naturel-pour-femmes","19":"product_tag-vetements-artisanaux-ethiques","20":"product_tag-vetements-feminins-durables","21":"pa_colori-blanc","22":"pa_colori-noir","23":"pa_colori-sable","24":"pa_taglia-m-fr","25":"pa_taglia-s-fr","26":"pa_taglia-xs-fr","28":"first","29":"instock","30":"shipping-taxable","31":"purchasable","32":"product-type-variable"},"jetpack_sharing_enabled":true,"_links":{"self":[{"href":"https:\/\/lighthouselocarno.ch\/fr\/wp-json\/wp\/v2\/product\/155763","targetHints":{"allow":["GET"]}}],"collection":[{"href":"https:\/\/lighthouselocarno.ch\/fr\/wp-json\/wp\/v2\/product"}],"about":[{"href":"https:\/\/lighthouselocarno.ch\/fr\/wp-json\/wp\/v2\/types\/product"}],"wp:featuredmedia":[{"embeddable":true,"href":"https:\/\/lighthouselocarno.ch\/fr\/wp-json\/wp\/v2\/media\/155746"}],"wp:attachment":[{"href":"https:\/\/lighthouselocarno.ch\/fr\/wp-json\/wp\/v2\/media?parent=155763"}],"wp:term":[{"taxonomy":"product_brand","embeddable":true,"href":"https:\/\/lighthouselocarno.ch\/fr\/wp-json\/wp\/v2\/product_brand?post=155763"},{"taxonomy":"product_cat","embeddable":true,"href":"https:\/\/lighthouselocarno.ch\/fr\/wp-json\/wp\/v2\/product_cat?post=155763"},{"taxonomy":"product_tag","embeddable":true,"href":"https:\/\/lighthouselocarno.ch\/fr\/wp-json\/wp\/v2\/product_tag?post=155763"}],"curies":[{"name":"wp","href":"https:\/\/api.w.org\/{rel}","templated":true}]}}