{"id":155774,"date":"2025-05-23T13:37:11","date_gmt":"2025-05-23T13:37:11","guid":{"rendered":"https:\/\/lighthouselocarno.ch\/prodotto\/jacinta-bermuda-en-lin-avec-pinces-et-boucles-eu-fo-ni-a\/"},"modified":"2025-05-24T11:26:36","modified_gmt":"2025-05-24T11:26:36","slug":"jacinta-bermuda-en-lin-avec-pinces-et-boucles-eu-fo-ni-a","status":"publish","type":"product","link":"https:\/\/lighthouselocarno.ch\/fr\/produit\/jacinta-bermuda-en-lin-avec-pinces-et-boucles-eu-fo-ni-a\/","title":{"rendered":"Jacinta - Bermuda en lin avec pinces et boucles | eu-fo-n\u00ec-a"},"content":{"rendered":"<h4 data-start=\"566\" data-end=\"619\">Jacinta - Bermuda en lin avec pinces | eu-fo-n\u00ec-a<\/h4>\n<p data-start=\"621\" data-end=\"910\">Fra\u00eecheur, confort et lignes essentielles : le <strong data-start=\"663\" data-end=\"682\">bermuda Jacinta<\/strong> est le v\u00eatement indispensable pour un \u00e9t\u00e9 l\u00e9ger et durable. R\u00e9alis\u00e9 en <strong data-start=\"757\" data-end=\"779\">100% lin naturel<\/strong>, il est dot\u00e9 de<strong data-start=\"796\" data-end=\"833\">poches, de pinces sur le devant et de passants \u00e0 la taille<\/strong>, id\u00e9aux pour apporter une touche ajust\u00e9e \u00e0 un v\u00eatement \u00e0 la coupe d\u00e9contract\u00e9e. <\/p>\n<p data-start=\"912\" data-end=\"1067\">Disponibles en <b>blanc<\/b>, <strong data-start=\"935\" data-end=\"945\">sable<\/strong> et <strong data-start=\"948\" data-end=\"956\">noir<\/strong>, ils conviennent \u00e0 une grande vari\u00e9t\u00e9 de looks : d\u00e9contract\u00e9s avec un haut ample, ou raffin\u00e9s avec une chemise en lin ou un blazer l\u00e9ger.<\/p>\n<p data-start=\"1069\" data-end=\"1305\">Sa <strong data-start=\"1072\" data-end=\"1095\">coupe d\u00e9contract\u00e9e<\/strong> le rend extr\u00eamement confortable et convient \u00e0 toutes les silhouettes. Faisant partie de la collection <strong data-start=\"1180\" data-end=\"1194\">eu-fo-n\u00ec-a<\/strong>, ce bermuda repr\u00e9sente un choix conscient : mode \u00e9thique, cha\u00eene d&rsquo;approvisionnement transparente et qualit\u00e9 made-in-Italy. <\/p>\n<p data-start=\"1307\" data-end=\"1600\"><strong data-start=\"1307\" data-end=\"1329\">D\u00e9tails du produit :<\/strong><br data-start=\"1329\" data-end=\"1332\">- Bermuda 100% lin naturel<br data-start=\"1363\" data-end=\"1366\">- Pinces et passants \u00e0 la taille<br data-start=\"1392\" data-end=\"1395\">- Coupe d\u00e9contract\u00e9e<br data-start=\"1418\" data-end=\"1421\">- Couleurs disponibles : sable et noir<br data-start=\"1456\" data-end=\"1459\">- Look d&rsquo;\u00e9t\u00e9 naturel et polyvalent<br data-start=\"1493\" data-end=\"1496\">- Tissu frais, respirant et durable<br data-start=\"1539\" data-end=\"1542\">- Fabriqu\u00e9 en Italie<br data-start=\"1557\" data-end=\"1560\">- Le mod\u00e8le sur la photo porte la taille S<\/p>\n<p data-start=\"1602\" data-end=\"1712\">\ud83d\udca1 <em data-start=\"1605\" data-end=\"1712\">Jacinta est synonyme d&rsquo;essentialit\u00e9 contemporaine : le confort de la nature, le style de la conscience.<\/em><\/p>\n","protected":false},"excerpt":{"rendered":"<p data-start=\"361\" data-end=\"510\">Bermuda 100% lin avec poches, pinces et passants. Coupe d\u00e9contract\u00e9e pour un style naturel et contemporain. Disponible en blanc, sable et noir.   Fabriqu\u00e9 en Italie.<\/p>\n","protected":false},"featured_media":155771,"template":"","meta":{"_seopress_robots_primary_cat":"none","_seopress_titles_title":"Jacinta - Bermuda d\u00e9contract\u00e9 en lin sable ou noir | eu-fo-n\u00ec-a","_seopress_titles_desc":"Bermuda en lin avec pinces et boucles. Coupe d\u00e9contract\u00e9e, style naturel et frais. Disponible en sable et en noir. D\u00e9couvrez la collection \u00e9thique eu-fo-n\u00ec-a.    Fabriqu\u00e9 en Italie.","_seopress_robots_index":""},"product_brand":[8862],"product_cat":[3780,4255,3766],"product_tag":[8961,8955,9011,8954,8958,8957,8892,8960,8764,8956,8959],"class_list":{"0":"post-155774","1":"product","2":"type-product","3":"status-publish","4":"has-post-thumbnail","6":"product_brand-eufonia","7":"product_cat-mode-femme","8":"product_cat-pantalon","9":"product_cat-vetements","10":"product_tag-bermuda-a-coupe-decontractee","11":"product_tag-bermuda-dete-en-lin","12":"product_tag-bermuda-en-lin-blanc-pour-femme","13":"product_tag-bermuda-en-lin-pour-femmes","14":"product_tag-bermuda-noir-pour-femmes","15":"product_tag-bermuda-sable","16":"product_tag-eu-fo-ni-a-tricot","17":"product_tag-mode-estivale-durable","18":"product_tag-mode-fabriquee-en-italie","19":"product_tag-short-ethique","20":"product_tag-vetements-naturels-pour-femmes","21":"pa_colori-blanc","22":"pa_colori-noir","23":"pa_colori-sable","24":"pa_taglia-l-fr","25":"pa_taglia-m-fr","26":"pa_taglia-s-fr","27":"pa_taglia-xs-fr","29":"first","30":"instock","31":"shipping-taxable","32":"purchasable","33":"product-type-variable"},"jetpack_sharing_enabled":true,"_links":{"self":[{"href":"https:\/\/lighthouselocarno.ch\/fr\/wp-json\/wp\/v2\/product\/155774","targetHints":{"allow":["GET"]}}],"collection":[{"href":"https:\/\/lighthouselocarno.ch\/fr\/wp-json\/wp\/v2\/product"}],"about":[{"href":"https:\/\/lighthouselocarno.ch\/fr\/wp-json\/wp\/v2\/types\/product"}],"wp:featuredmedia":[{"embeddable":true,"href":"https:\/\/lighthouselocarno.ch\/fr\/wp-json\/wp\/v2\/media\/155771"}],"wp:attachment":[{"href":"https:\/\/lighthouselocarno.ch\/fr\/wp-json\/wp\/v2\/media?parent=155774"}],"wp:term":[{"taxonomy":"product_brand","embeddable":true,"href":"https:\/\/lighthouselocarno.ch\/fr\/wp-json\/wp\/v2\/product_brand?post=155774"},{"taxonomy":"product_cat","embeddable":true,"href":"https:\/\/lighthouselocarno.ch\/fr\/wp-json\/wp\/v2\/product_cat?post=155774"},{"taxonomy":"product_tag","embeddable":true,"href":"https:\/\/lighthouselocarno.ch\/fr\/wp-json\/wp\/v2\/product_tag?post=155774"}],"curies":[{"name":"wp","href":"https:\/\/api.w.org\/{rel}","templated":true}]}}