{"id":155789,"date":"2022-05-07T12:45:06","date_gmt":"2022-05-07T12:45:06","guid":{"rendered":"https:\/\/lighthouselocarno.ch\/prodotto\/petite-bougie-de-poche-avec-dentelle-farnese\/"},"modified":"2022-05-07T12:45:06","modified_gmt":"2022-05-07T12:45:06","slug":"petite-bougie-de-poche-avec-dentelle-farnese","status":"publish","type":"product","link":"https:\/\/lighthouselocarno.ch\/fr\/produit\/petite-bougie-de-poche-avec-dentelle-farnese\/","title":{"rendered":"Petite bougie de poche avec dentelle Farnese"},"content":{"rendered":"","protected":false},"excerpt":{"rendered":"<p>Petite bougie torche parfum\u00e9e \u00e0 l&rsquo;essence de lin, d\u00e9cor\u00e9e de dentelle Farnese.<\/p>\n","protected":false},"featured_media":0,"template":"","meta":{"_seopress_robots_primary_cat":"","_seopress_titles_title":"","_seopress_titles_desc":"","_seopress_robots_index":""},"product_brand":[8562],"product_cat":[4066],"product_tag":[],"class_list":{"0":"post-155789","1":"product","2":"type-product","3":"status-publish","5":"product_brand-arte-pura","6":"product_cat-non-classe","8":"first","9":"outofstock","10":"shipping-taxable","11":"product-type-simple"},"jetpack_sharing_enabled":true,"_links":{"self":[{"href":"https:\/\/lighthouselocarno.ch\/fr\/wp-json\/wp\/v2\/product\/155789","targetHints":{"allow":["GET"]}}],"collection":[{"href":"https:\/\/lighthouselocarno.ch\/fr\/wp-json\/wp\/v2\/product"}],"about":[{"href":"https:\/\/lighthouselocarno.ch\/fr\/wp-json\/wp\/v2\/types\/product"}],"wp:attachment":[{"href":"https:\/\/lighthouselocarno.ch\/fr\/wp-json\/wp\/v2\/media?parent=155789"}],"wp:term":[{"taxonomy":"product_brand","embeddable":true,"href":"https:\/\/lighthouselocarno.ch\/fr\/wp-json\/wp\/v2\/product_brand?post=155789"},{"taxonomy":"product_cat","embeddable":true,"href":"https:\/\/lighthouselocarno.ch\/fr\/wp-json\/wp\/v2\/product_cat?post=155789"},{"taxonomy":"product_tag","embeddable":true,"href":"https:\/\/lighthouselocarno.ch\/fr\/wp-json\/wp\/v2\/product_tag?post=155789"}],"curies":[{"name":"wp","href":"https:\/\/api.w.org\/{rel}","templated":true}]}}