{"id":156022,"date":"2025-05-26T16:11:46","date_gmt":"2025-05-26T16:11:46","guid":{"rendered":"https:\/\/lighthouselocarno.ch\/prodotto\/robe-longue-en-lin-noir-avec-details-en-crochet-eu-fo-ni-a\/"},"modified":"2025-07-30T11:45:24","modified_gmt":"2025-07-30T11:45:24","slug":"robe-longue-en-lin-noir-avec-details-en-crochet-eu-fo-ni-a","status":"publish","type":"product","link":"https:\/\/lighthouselocarno.ch\/fr\/produit\/robe-longue-en-lin-noir-avec-details-en-crochet-eu-fo-ni-a\/","title":{"rendered":"Robe longue en lin avec corsage ajust\u00e9 | eu-fo-n\u00ec-a"},"content":{"rendered":"<h4 data-start=\"599\" data-end=\"664\">Robe longue en lin noir avec d\u00e9tails en crochet - eu-fo-n\u00ec-a<\/h4>\n<p data-start=\"666\" data-end=\"892\">F\u00e9minit\u00e9, fra\u00eecheur et esprit minimaliste se retrouvent dans cette <strong data-start=\"737\" data-end=\"770\">robe longue noire en pur lin<\/strong> de <strong data-start=\"779\" data-end=\"793\">eu-fo-n\u00ec-a<\/strong>. Un v\u00eatement con\u00e7u pour vous accompagner les soirs d&rsquo;\u00e9t\u00e9, entre \u00e9l\u00e9gance naturelle et confort raffin\u00e9. <\/p>\n<p data-start=\"894\" data-end=\"1187\">R\u00e9alis\u00e9e en <strong data-start=\"908\" data-end=\"921\">100 % lin<\/strong>, elle pr\u00e9sente un <strong data-start=\"935\" data-end=\"986\">corsage \u00e0 la coupe minimale<\/strong> qui met en valeur le d\u00e9collet\u00e9 avec go\u00fbt et d\u00e9licatesse. Les <strong data-start=\"1051\" data-end=\"1071\">fines bretelles<\/strong> apportent une touche \u00e9th\u00e9r\u00e9e, tandis que la <strong data-start=\"1110\" data-end=\"1136\">ligne douce et fluide<\/strong> met en valeur chaque silhouette avec harmonie et mouvement. <\/p>\n<p data-start=\"1189\" data-end=\"1395\">Parfaite pour les grandes occasions ou pour une simple soir\u00e9e sous les \u00e9toiles, cette robe repr\u00e9sente l&rsquo;\u00e2me de la collection <strong data-start=\"1325\" data-end=\"1339\">eu-fo-n\u00ec-a<\/strong>: <strong data-start=\"1341\" data-end=\"1394\">\u00e9thique, artisanale et authentiquement Made in Italy<\/strong>.<\/p>\n<p data-start=\"1397\" data-end=\"1656\"><strong data-start=\"1397\" data-end=\"1419\">D\u00e9tails du produit :<\/strong><br data-start=\"1419\" data-end=\"1422\">- Robe longue dans les couleurs lait et noir en 100% lin<br data-start=\"1453\" data-end=\"1456\">- Corsage minimal ajust\u00e9 <br data-start=\"1499\" data-end=\"1502\">- Bretelles fines<br data-start=\"1520\" data-end=\"1523\">- Ligne fluide et l\u00e9g\u00e8re<br data-start=\"1547\" data-end=\"1550\">- Look minimal estival <br data-start=\"1582\" data-end=\"1585\">- Coupe confortable<br data-start=\"1611\" data-end=\"1614\">- Fabriqu\u00e9e en Italie<br data-start=\"1629\" data-end=\"1632\">- Collection : eu-fo-n\u00ec-a<\/p>\n<p data-start=\"1658\" data-end=\"1779\">\ud83d\udca1 <em data-start=\"1661\" data-end=\"1779\">Laissez-vous envelopper par la l\u00e9g\u00e8ret\u00e9 et le style intemporel : une robe qui parle de vous, avec \u00e9l\u00e9gance et authenticit\u00e9.<\/em><\/p>\n","protected":false},"excerpt":{"rendered":"<p data-start=\"393\" data-end=\"543\">Robe longue blanc laiteux et noir en 100% lin avec un corsage doubl\u00e9. Ligne fluide, bretelles fines et charme minimal. El\u00e9gante, l\u00e9g\u00e8re et fabriqu\u00e9e en Italie.  <\/p>\n","protected":false},"featured_media":156069,"template":"","meta":{"_seopress_robots_primary_cat":"none","_seopress_titles_title":"Robe longue en lin noir avec crochet - Style Boho | eu-fo-n\u00ec-a","_seopress_titles_desc":"D\u00e9couvrez la longue robe noire en lin avec d\u00e9tails en crochet. El\u00e9gante, l\u00e9g\u00e8re et boho-chic, parfaite pour l'\u00e9t\u00e9. Collection \u00e9thique eu-fo-n\u00ec-a.   Fabriqu\u00e9 en Italie.","_seopress_robots_index":""},"product_brand":[8862],"product_cat":[3780,3773,3766],"product_tag":[8892,9054,9059,8889,9060,9057,9056,9061,9055,9058],"class_list":{"0":"post-156022","1":"product","2":"type-product","3":"status-publish","4":"has-post-thumbnail","6":"product_brand-eufonia","7":"product_cat-mode-femme","8":"product_cat-robes","9":"product_cat-vetements","10":"product_tag-eu-fo-ni-a-tricot","11":"product_tag-longue-robe-noire","12":"product_tag-mode-boho-chic","13":"product_tag-mode-feminine-ethique","14":"product_tag-robe-a-fines-bretelles","15":"product_tag-robe-dete-fabriquee-en-italie","16":"product_tag-robe-elegante-en-crochet","17":"product_tag-robe-en-crochet-noire","18":"product_tag-robe-en-lin-femme","19":"product_tag-vetements-durables","20":"pa_colori-blanc","21":"pa_colori-noir","22":"pa_taglia-m-fr","23":"pa_taglia-s-fr","24":"pa_taglia-xs-fr","26":"first","27":"outofstock","28":"shipping-taxable","29":"purchasable","30":"product-type-variable"},"jetpack_sharing_enabled":true,"_links":{"self":[{"href":"https:\/\/lighthouselocarno.ch\/fr\/wp-json\/wp\/v2\/product\/156022","targetHints":{"allow":["GET"]}}],"collection":[{"href":"https:\/\/lighthouselocarno.ch\/fr\/wp-json\/wp\/v2\/product"}],"about":[{"href":"https:\/\/lighthouselocarno.ch\/fr\/wp-json\/wp\/v2\/types\/product"}],"wp:featuredmedia":[{"embeddable":true,"href":"https:\/\/lighthouselocarno.ch\/fr\/wp-json\/wp\/v2\/media\/156069"}],"wp:attachment":[{"href":"https:\/\/lighthouselocarno.ch\/fr\/wp-json\/wp\/v2\/media?parent=156022"}],"wp:term":[{"taxonomy":"product_brand","embeddable":true,"href":"https:\/\/lighthouselocarno.ch\/fr\/wp-json\/wp\/v2\/product_brand?post=156022"},{"taxonomy":"product_cat","embeddable":true,"href":"https:\/\/lighthouselocarno.ch\/fr\/wp-json\/wp\/v2\/product_cat?post=156022"},{"taxonomy":"product_tag","embeddable":true,"href":"https:\/\/lighthouselocarno.ch\/fr\/wp-json\/wp\/v2\/product_tag?post=156022"}],"curies":[{"name":"wp","href":"https:\/\/api.w.org\/{rel}","templated":true}]}}