{"id":156080,"date":"2025-05-26T16:18:55","date_gmt":"2025-05-26T16:18:55","guid":{"rendered":"https:\/\/lighthouselocarno.ch\/prodotto\/robe-longue-en-lin-semi-transparent-a-manches-kimono-eu-fo-ni-a\/"},"modified":"2025-08-18T11:56:09","modified_gmt":"2025-08-18T11:56:09","slug":"robe-longue-en-lin-semi-transparent-a-manches-kimono-eu-fo-ni-a","status":"publish","type":"product","link":"https:\/\/lighthouselocarno.ch\/fr\/produit\/robe-longue-en-lin-semi-transparent-a-manches-kimono-eu-fo-ni-a\/","title":{"rendered":"Robe longue en lin semi-transparent \u00e0 manches kimono | eu-fo-n\u00ec-a"},"content":{"rendered":"<h4 data-start=\"590\" data-end=\"644\">Robe longue en lin semi-transparent - eu-fo-n\u00ec-a<\/h4>\n<p data-start=\"646\" data-end=\"976\">L\u00e9g\u00e8ret\u00e9, sobri\u00e9t\u00e9 et sophistication sont r\u00e9unies dans cette <strong data-start=\"703\" data-end=\"743\">robe longue en lin semi-transparent<\/strong> de <strong data-start=\"752\" data-end=\"766\">eu-fo-n\u00ec-a<\/strong>. Un v\u00eatement qui interpr\u00e8te la beaut\u00e9 de la simplicit\u00e9 \u00e0 travers une <strong data-start=\"834\" data-end=\"855\">coupe essentielle<\/strong>, rendue unique par la superposition de <strong data-start=\"893\" data-end=\"913\">panneaux lumineux<\/strong> qui cr\u00e9ent un effet de transparence \u00e9l\u00e9gant mais jamais excessif. <\/p>\n<p data-start=\"978\" data-end=\"1236\">L&rsquo;<strong data-start=\"981\" data-end=\"999\">encolure ronde<\/strong> et les <strong data-start=\"1005\" data-end=\"1035\">manches courtes de style kimono<\/strong> conf\u00e8rent au v\u00eatement une silhouette douce et d\u00e9contract\u00e9e, tandis que le <strong data-start=\"1103\" data-end=\"1124\">tissu 100 % lin<\/strong> garantit fra\u00eecheur, respirabilit\u00e9 et sensation de confort sur la peau, m\u00eame lors des journ\u00e9es les plus chaudes.<\/p>\n<p data-start=\"1238\" data-end=\"1374\">Parfaite pour celles qui aiment le style <strong data-start=\"1268\" data-end=\"1284\">minimal chic<\/strong> et qui recherchent une robe d&rsquo;\u00e9t\u00e9 pouvant \u00eatre port\u00e9e aussi bien en ville qu&rsquo;en vacances.<\/p>\n<p data-start=\"1376\" data-end=\"1655\"><strong data-start=\"1376\" data-end=\"1398\">D\u00e9tails du produit :<\/strong><br data-start=\"1398\" data-end=\"1401\">- Robe longue en lin l\u00e9ger<br data-start=\"1430\" data-end=\"1433\">- Effet semi-transparent avec panneaux superpos\u00e9s<br data-start=\"1484\" data-end=\"1487\">- Encolure ronde<br data-start=\"1503\" data-end=\"1506\">- Manches kimono courtes<br data-start=\"1528\" data-end=\"1531\">- Coupe droite et ligne fluide<br data-start=\"1561\" data-end=\"1564\">- Coupe d\u00e9contract\u00e9e<br data-start=\"1587\" data-end=\"1590\">- 100% lin naturel<br data-start=\"1610\" data-end=\"1613\">- Fabriqu\u00e9e en Italie<br data-start=\"1628\" data-end=\"1631\">- Collection : eu-fo-n\u00ec-a<\/p>\n<p data-start=\"1657\" data-end=\"1747\">\ud83d\udca1 <em data-start=\"1660\" data-end=\"1747\">Essentielle et sophistiqu\u00e9e, c&rsquo;est la robe id\u00e9ale pour celles qui veulent respirer le style et la libert\u00e9.<\/em><\/p>\n","protected":false},"excerpt":{"rendered":"<p data-start=\"390\" data-end=\"534\">Robe longue en 100% lin blanc laiteux, l\u00e9g\u00e8re avec des panneaux semi-transparents qui se chevauchent. Manches courtes kimono et encolure ronde. El\u00e9gance a\u00e9rienne pour l&rsquo;\u00e9t\u00e9.  <\/p>\n","protected":false},"featured_media":156057,"template":"","meta":{"_seopress_robots_primary_cat":"none","_seopress_titles_title":"Robe longue en lin semi-transparent \u00e0 manches kimono | eu-fo-n\u00ec-a","_seopress_titles_desc":"D\u00e9couvrez la robe longue en lin l\u00e9ger avec des panneaux semi-transparents. Ligne minimale, manches kimono et fra\u00eecheur 100% naturelle. Collection eu-fo-n\u00ec-a, Made in Italy.  ","_seopress_robots_index":""},"product_brand":[8862],"product_cat":[3780,3773,3766],"product_tag":[8892,9034,9108,9109,9111,9110,9055,9107,9106,8926],"class_list":{"0":"post-156080","1":"product","2":"type-product","3":"status-publish","4":"has-post-thumbnail","6":"product_brand-eufonia","7":"product_cat-mode-femme","8":"product_cat-robes","9":"product_cat-vetements","10":"product_tag-eu-fo-ni-a-tricot","11":"product_tag-mode-ethique","12":"product_tag-robe-a-manches-kimono","13":"product_tag-robe-chic-minimale","14":"product_tag-robe-dete-elegante","15":"product_tag-robe-en-lin-fabriquee-en-italie","16":"product_tag-robe-en-lin-femme","17":"product_tag-robe-longue-dete","18":"product_tag-robe-semi-transparente","19":"product_tag-vetements-feminins-durables","20":"pa_taglia-l-fr","21":"pa_taglia-m-fr","22":"pa_taglia-s-fr","24":"first","25":"outofstock","26":"shipping-taxable","27":"purchasable","28":"product-type-variable"},"jetpack_sharing_enabled":true,"_links":{"self":[{"href":"https:\/\/lighthouselocarno.ch\/fr\/wp-json\/wp\/v2\/product\/156080","targetHints":{"allow":["GET"]}}],"collection":[{"href":"https:\/\/lighthouselocarno.ch\/fr\/wp-json\/wp\/v2\/product"}],"about":[{"href":"https:\/\/lighthouselocarno.ch\/fr\/wp-json\/wp\/v2\/types\/product"}],"wp:featuredmedia":[{"embeddable":true,"href":"https:\/\/lighthouselocarno.ch\/fr\/wp-json\/wp\/v2\/media\/156057"}],"wp:attachment":[{"href":"https:\/\/lighthouselocarno.ch\/fr\/wp-json\/wp\/v2\/media?parent=156080"}],"wp:term":[{"taxonomy":"product_brand","embeddable":true,"href":"https:\/\/lighthouselocarno.ch\/fr\/wp-json\/wp\/v2\/product_brand?post=156080"},{"taxonomy":"product_cat","embeddable":true,"href":"https:\/\/lighthouselocarno.ch\/fr\/wp-json\/wp\/v2\/product_cat?post=156080"},{"taxonomy":"product_tag","embeddable":true,"href":"https:\/\/lighthouselocarno.ch\/fr\/wp-json\/wp\/v2\/product_tag?post=156080"}],"curies":[{"name":"wp","href":"https:\/\/api.w.org\/{rel}","templated":true}]}}