{"id":156471,"date":"2025-07-30T08:39:18","date_gmt":"2025-07-30T08:39:18","guid":{"rendered":"https:\/\/lighthouselocarno.ch\/prodotto\/blouse-en-coton-blanc-spqr-avec-sangallo-et-manches-cloche-elisa-cavaletti\/"},"modified":"2025-07-30T08:39:18","modified_gmt":"2025-07-30T08:39:18","slug":"blouse-en-coton-blanc-spqr-avec-sangallo-et-manches-cloche-elisa-cavaletti","status":"publish","type":"product","link":"https:\/\/lighthouselocarno.ch\/fr\/produit\/blouse-en-coton-blanc-spqr-avec-sangallo-et-manches-cloche-elisa-cavaletti\/","title":{"rendered":"Blouse en coton blanc &lsquo;SPQR&rsquo; avec sangallo et manches cloche | Elisa Cavaletti"},"content":{"rendered":"<h4 data-start=\"641\" data-end=\"706\">Blouse en coton blanc &lsquo;SPQR&rsquo; avec sangallo - Elisa Cavaletti<\/h4>\n<p data-start=\"708\" data-end=\"893\">Un design romantique et fougueux \u00e0 la fois : le <strong data-start=\"761\" data-end=\"818\">chemisier en coton blanc &lsquo;SPQR&rsquo; d&rsquo;Elisa Cavaletti<\/strong> est le v\u00eatement id\u00e9al pour celles qui aiment se distinguer en toute occasion.<\/p>\n<p data-start=\"895\" data-end=\"1299\">Confectionn\u00e9e en <strong data-start=\"909\" data-end=\"924\">pur coton<\/strong>, cette blouse est orn\u00e9e d&rsquo;un \u00e9l\u00e9gant <strong data-start=\"960\" data-end=\"983\">appliqu\u00e9 &lsquo;SPQR&rsquo;<\/strong> rehauss\u00e9 de <strong data-start=\"1000\" data-end=\"1041\">clous argent\u00e9s, de perles et de points lumineux<\/strong>, ce qui lui conf\u00e8re une \u00e2me glamour et sophistiqu\u00e9e. Les <strong data-start=\"1093\" data-end=\"1114\">manches cloche<\/strong> enrichies d&rsquo;une <strong data-start=\"1142\" data-end=\"1193\">broderie sangallo festonn\u00e9e<\/strong> raffin\u00e9e <strong data-start=\"1142\" data-end=\"1193\">avec des c\u0153urs en bleu nuit<\/strong> ajoutent une touche romantique et artisanale, parfaite pour exprimer votre personnalit\u00e9 de mani\u00e8re unique. <\/p>\n<p data-start=\"1301\" data-end=\"1508\">La <strong data-start=\"1304\" data-end=\"1328\">coupe r\u00e9guli\u00e8re<\/strong>, le <strong data-start=\"1333\" data-end=\"1355\">col ras du cou classique<\/strong> et la l\u00e9g\u00e8ret\u00e9 du coton en font un v\u00eatement id\u00e9al pour la saison chaude et pour les <strong data-start=\"1429\" data-end=\"1457\">looks de jour et de soir\u00e9e<\/strong>, \u00e0 combiner avec des jeans, des jupes ou des pantalons palazzo.<\/p>\n<p data-start=\"1510\" data-end=\"1909\"><strong data-start=\"1510\" data-end=\"1532\">D\u00e9tails du produit :<\/strong><br data-start=\"1532\" data-end=\"1535\">- Blouse en coton blanc<br data-start=\"1559\" data-end=\"1562\">- Application \u00abSPQR\u00bb avec des clous, des perles et des points<br data-start=\"1615\" data-end=\"1618\">- Manches cloches avec broderie sangallo \u00e0 c\u0153ur festonn\u00e9 bleu nuit<br data-start=\"1685\" data-end=\"1688\">- Col ras du cou<br data-start=\"1699\" data-end=\"1702\">- Coupe romantique et f\u00e9minine<br data-start=\"1732\" data-end=\"1735\">- Coupe r\u00e9guli\u00e8re<br data-start=\"1757\" data-end=\"1760\">- Fabriqu\u00e9e en Italie<br data-start=\"1775\" data-end=\"1778\">- Code produit EJP255063101-01612<br data-start=\"1815\" data-end=\"1818\">- Le mod\u00e8le mesure 174 cm (buste 81 cm, taille 62 cm, hanches 89 cm) et porte la taille S.<\/p>\n<p data-start=\"1911\" data-end=\"1998\">\ud83d\udca1 <em data-start=\"1914\" data-end=\"1998\">Un v\u00eatement qui dit la force et la d\u00e9licatesse, comme toute femme sign\u00e9e Elisa Cavaletti<\/em>.<\/p>\n","protected":false},"excerpt":{"rendered":"<p data-start=\"382\" data-end=\"585\">Chemisier en coton blanc avec application &lsquo;SPQR&rsquo; et d\u00e9tails en clous, perles et taches claires. Manches cloche avec broderie de c\u0153ur sangallo bleu nuit. Romantique et \u00e9l\u00e9gante, parfaite pour le jour et le soir.  <\/p>\n","protected":false},"featured_media":156439,"template":"","meta":{"_seopress_robots_primary_cat":"none","_seopress_titles_title":"","_seopress_titles_desc":"","_seopress_robots_index":""},"product_brand":[8563],"product_cat":[3780,5104,3766],"product_tag":[9236,9237,9234,9240,8591,9238,8593,9239,9235,9241],"class_list":{"0":"post-156471","1":"product","2":"type-product","3":"status-publish","4":"has-post-thumbnail","6":"product_brand-elisa-cavaletti","7":"product_cat-mode-femme","8":"product_cat-tricots","9":"product_cat-vetements","10":"product_tag-blouse-avec-clous-et-perles","11":"product_tag-blouse-avec-sangallo","12":"product_tag-blouse-en-coton-blanc-pour-femmes","13":"product_tag-chemisier-brode-pour-femmes","14":"product_tag-look-de-jour-et-de-soiree","15":"product_tag-manches-cloche","16":"product_tag-mode-feminine-elegante","17":"product_tag-mode-romantique-made-in-italy","18":"product_tag-spqr-chemisier-elisa-cavaletti","19":"product_tag-vetements-chics","20":"pa_taglia-l-fr","21":"pa_taglia-m-fr","22":"pa_taglia-s-fr","23":"pa_taglia-xl-fr","24":"pa_taglia-xs-fr","25":"pa_taglia-xxl-fr","27":"first","28":"instock","29":"shipping-taxable","30":"product-type-variable"},"jetpack_sharing_enabled":true,"_links":{"self":[{"href":"https:\/\/lighthouselocarno.ch\/fr\/wp-json\/wp\/v2\/product\/156471","targetHints":{"allow":["GET"]}}],"collection":[{"href":"https:\/\/lighthouselocarno.ch\/fr\/wp-json\/wp\/v2\/product"}],"about":[{"href":"https:\/\/lighthouselocarno.ch\/fr\/wp-json\/wp\/v2\/types\/product"}],"wp:featuredmedia":[{"embeddable":true,"href":"https:\/\/lighthouselocarno.ch\/fr\/wp-json\/wp\/v2\/media\/156439"}],"wp:attachment":[{"href":"https:\/\/lighthouselocarno.ch\/fr\/wp-json\/wp\/v2\/media?parent=156471"}],"wp:term":[{"taxonomy":"product_brand","embeddable":true,"href":"https:\/\/lighthouselocarno.ch\/fr\/wp-json\/wp\/v2\/product_brand?post=156471"},{"taxonomy":"product_cat","embeddable":true,"href":"https:\/\/lighthouselocarno.ch\/fr\/wp-json\/wp\/v2\/product_cat?post=156471"},{"taxonomy":"product_tag","embeddable":true,"href":"https:\/\/lighthouselocarno.ch\/fr\/wp-json\/wp\/v2\/product_tag?post=156471"}],"curies":[{"name":"wp","href":"https:\/\/api.w.org\/{rel}","templated":true}]}}