{"id":156614,"date":"2025-12-16T13:44:28","date_gmt":"2025-12-16T13:44:28","guid":{"rendered":"https:\/\/lighthouselocarno.ch\/prodotto\/bougie-parfumee-mimosa-mada-essenza-250-g-50-h\/"},"modified":"2025-12-16T13:44:28","modified_gmt":"2025-12-16T13:44:28","slug":"bougie-parfumee-mimosa-mada-essenza-250-g-50-h","status":"publish","type":"product","link":"https:\/\/lighthouselocarno.ch\/fr\/produit\/bougie-parfumee-mimosa-mada-essenza-250-g-50-h\/","title":{"rendered":"Bougie Parfum\u00e9e Mimosa \u2013 MADA Essenza (250 g, 50 h)"},"content":{"rendered":"<p data-start=\"713\" data-end=\"857\">D\u00e9couvrez la <strong data-start=\"723\" data-end=\"767\">bougie parfum\u00e9e Mimosa de MADA Essenza<\/strong>, une alliance parfaite entre <strong data-start=\"794\" data-end=\"820\">artisanat suisse<\/strong>, parfums naturels et design \u00e9l\u00e9gant.<\/p>\n<p data-start=\"859\" data-end=\"1143\">Coul\u00e9e \u00e0 la main en Suisse, cette bougie est fabriqu\u00e9e avec de la <strong data-start=\"919\" data-end=\"941\">cire 100 % v\u00e9g\u00e9tale<\/strong>, des <strong data-start=\"943\" data-end=\"970\">fragrances haut de gamme<\/strong> et <strong data-start=\"973\" data-end=\"998\">une m\u00e8che en bois<\/strong> qui produit un son relaxant pendant la combustion. Id\u00e9ale pour cr\u00e9er une atmosph\u00e8re chaleureuse, relaxante et accueillante dans chaque pi\u00e8ce de la maison. <\/p>\n<h3 data-start=\"1145\" data-end=\"1164\">\ud83c\udf38 Parfum<\/h3>\n<ul data-start=\"1165\" data-end=\"1281\">\n<li data-start=\"1165\" data-end=\"1207\">\n<p data-start=\"1167\" data-end=\"1207\"><strong data-start=\"1167\" data-end=\"1184\">Notes de t\u00eate<\/strong> : Cardamome, Tub\u00e9reuse<\/p>\n<\/li>\n<li data-start=\"1208\" data-end=\"1237\">\n<p data-start=\"1210\" data-end=\"1237\"><strong data-start=\"1210\" data-end=\"1227\">Notes de c\u0153ur<\/strong> : Mimosa<\/p>\n<\/li>\n<li data-start=\"1238\" data-end=\"1281\">\n<p data-start=\"1240\" data-end=\"1281\"><strong data-start=\"1240\" data-end=\"1257\">Notes de fond<\/strong> : F\u00e8ve Tonka, Vanille<\/p>\n<\/li>\n<\/ul>\n<h3 data-start=\"1283\" data-end=\"1306\">\ud83d\udd6f\ufe0f Caract\u00e9ristiques<\/h3>\n<ul data-start=\"1307\" data-end=\"1513\">\n<li data-start=\"1307\" data-end=\"1333\">\n<p data-start=\"1309\" data-end=\"1333\">Plus de 50 heures de combustion<\/p>\n<\/li>\n<li data-start=\"1334\" data-end=\"1353\">\n<p data-start=\"1336\" data-end=\"1353\">Poids de cire : 250 g<\/p>\n<\/li>\n<li data-start=\"1354\" data-end=\"1377\">\n<p data-start=\"1356\" data-end=\"1377\">1 m\u00e8che en bois<\/p>\n<\/li>\n<li data-start=\"1378\" data-end=\"1408\">\n<p data-start=\"1380\" data-end=\"1408\">Contenant r\u00e9utilisable<\/p>\n<\/li>\n<li data-start=\"1409\" data-end=\"1442\">\n<p data-start=\"1411\" data-end=\"1442\">Vegan et sans cruaut\u00e9<\/p>\n<\/li>\n<li data-start=\"1443\" data-end=\"1513\">\n<p data-start=\"1445\" data-end=\"1513\">Sans phtalates, toxines reproductives, parab\u00e8nes ou agents canc\u00e9rig\u00e8nes<\/p>\n<\/li>\n<\/ul>\n<p data-start=\"1515\" data-end=\"1647\">Cette bougie est une <strong data-start=\"1535\" data-end=\"1559\">id\u00e9e cadeau parfaite<\/strong> pour vous ou vos proches, con\u00e7ue pour ceux qui recherchent des produits raffin\u00e9s, naturels et s\u00fbrs.<\/p>\n","protected":false},"excerpt":{"rendered":"<p>Bougie parfum\u00e9e artisanale aux notes douces et florales de mimosa, vanille et f\u00e8ve tonka. Coul\u00e9e \u00e0 la main en Suisse avec de la cire v\u00e9g\u00e9tale 100 % naturelle. M\u00e8che en bois, plus de 50 heures de combustion. Vegan et sans cruaut\u00e9.   <\/p>\n","protected":false},"featured_media":156615,"template":"","meta":{"_seopress_robots_primary_cat":"","_seopress_titles_title":"Bougie Mimosa MADA Essenza \u2013 Parfum Floral et Naturel","_seopress_titles_desc":"Bougie artisanale Mimosa avec cire v\u00e9g\u00e9tale 100 %, parfum floral et m\u00e8che en bois. Plus de 50 h de relaxation. Fabriqu\u00e9e en Suisse. Vegan et sans cruaut\u00e9.   ","_seopress_robots_index":""},"product_brand":[9367],"product_cat":[7125,4268],"product_tag":[9394,4274,9389,9395,9390,4629,9392,9391,9393,9388,9396,9397],"class_list":{"0":"post-156614","1":"product","2":"type-product","3":"status-publish","4":"has-post-thumbnail","6":"product_brand-mada-essenza","7":"product_cat-bougies-fr","8":"product_cat-bougies","9":"product_tag-aromatherapie","10":"product_tag-bougie-parfumee","11":"product_tag-bougies-naturelles","12":"product_tag-cadeau-femme","13":"product_tag-cire-vegetale","14":"product_tag-decoration-interieure","15":"product_tag-fabrique-en-suisse","16":"product_tag-mada-essenza","17":"product_tag-meche-en-bois","18":"product_tag-mimosa","19":"product_tag-sans-cruaute","20":"product_tag-vegan","22":"first","23":"instock","24":"shipping-taxable","25":"purchasable","26":"product-type-simple"},"jetpack_sharing_enabled":true,"_links":{"self":[{"href":"https:\/\/lighthouselocarno.ch\/fr\/wp-json\/wp\/v2\/product\/156614","targetHints":{"allow":["GET"]}}],"collection":[{"href":"https:\/\/lighthouselocarno.ch\/fr\/wp-json\/wp\/v2\/product"}],"about":[{"href":"https:\/\/lighthouselocarno.ch\/fr\/wp-json\/wp\/v2\/types\/product"}],"wp:featuredmedia":[{"embeddable":true,"href":"https:\/\/lighthouselocarno.ch\/fr\/wp-json\/wp\/v2\/media\/156615"}],"wp:attachment":[{"href":"https:\/\/lighthouselocarno.ch\/fr\/wp-json\/wp\/v2\/media?parent=156614"}],"wp:term":[{"taxonomy":"product_brand","embeddable":true,"href":"https:\/\/lighthouselocarno.ch\/fr\/wp-json\/wp\/v2\/product_brand?post=156614"},{"taxonomy":"product_cat","embeddable":true,"href":"https:\/\/lighthouselocarno.ch\/fr\/wp-json\/wp\/v2\/product_cat?post=156614"},{"taxonomy":"product_tag","embeddable":true,"href":"https:\/\/lighthouselocarno.ch\/fr\/wp-json\/wp\/v2\/product_tag?post=156614"}],"curies":[{"name":"wp","href":"https:\/\/api.w.org\/{rel}","templated":true}]}}