{"id":156628,"date":"2025-12-16T13:47:11","date_gmt":"2025-12-16T13:47:11","guid":{"rendered":"https:\/\/lighthouselocarno.ch\/prodotto\/bougie-parfumee-secret-mada-essence-250-g-50-h\/"},"modified":"2025-12-16T13:47:11","modified_gmt":"2025-12-16T13:47:11","slug":"bougie-parfumee-secret-mada-essence-250-g-50-h","status":"publish","type":"product","link":"https:\/\/lighthouselocarno.ch\/fr\/produit\/bougie-parfumee-secret-mada-essence-250-g-50-h\/","title":{"rendered":"Bougie Parfum\u00e9e Secret \u2013 MADA Essence (250 g, 50 h)"},"content":{"rendered":"<p data-start=\"583\" data-end=\"721\">D\u00e9couvrez <strong data-start=\"590\" data-end=\"605\">MADA Secret<\/strong>, la bougie parfum\u00e9e qui allie <strong data-start=\"639\" data-end=\"681\">douceur, \u00e9pices et fra\u00eecheur agrum\u00e9e<\/strong> dans un parfum enveloppant et sensuel.<\/p>\n<p data-start=\"723\" data-end=\"967\">Coul\u00e9e \u00e0 la main en Suisse avec une cire 100 % v\u00e9g\u00e9tale, MADA Secret est le r\u00e9sultat d&rsquo;un artisanat de haute qualit\u00e9. La <strong data-start=\"852\" data-end=\"882\">m\u00e8che en bois naturel<\/strong> cr\u00e9e une flamme chaleureuse et un cr\u00e9pitement agr\u00e9able qui amplifie l&rsquo;exp\u00e9rience sensorielle. <\/p>\n<h3 data-start=\"969\" data-end=\"988\">\ud83c\udf3f Parfum<\/h3>\n<ul data-start=\"989\" data-end=\"1121\">\n<li data-start=\"989\" data-end=\"1037\">\n<p data-start=\"991\" data-end=\"1037\"><strong data-start=\"991\" data-end=\"1008\">Notes de t\u00eate<\/strong> : Ambre, Clou de girofle<\/p>\n<\/li>\n<li data-start=\"1038\" data-end=\"1078\">\n<p data-start=\"1040\" data-end=\"1078\"><strong data-start=\"1040\" data-end=\"1057\">Notes de c\u0153ur<\/strong> : Vanille, Encens<\/p>\n<\/li>\n<li data-start=\"1079\" data-end=\"1121\">\n<p data-start=\"1081\" data-end=\"1121\"><strong data-start=\"1081\" data-end=\"1098\">Notes de fond<\/strong> : Bergamote, Orange<\/p>\n<\/li>\n<\/ul>\n<p data-start=\"1123\" data-end=\"1256\">Un m\u00e9lange raffin\u00e9 et profond, id\u00e9al pour cr\u00e9er des atmosph\u00e8res relaxantes et sophistiqu\u00e9es dans vos espaces quotidiens ou pour des moments sp\u00e9ciaux.<\/p>\n<hr data-start=\"1258\" data-end=\"1261\">\n<h3 data-start=\"1263\" data-end=\"1297\">\ud83d\udd6f\ufe0f Caract\u00e9ristiques principales<\/h3>\n<ul data-start=\"1298\" data-end=\"1618\">\n<li data-start=\"1298\" data-end=\"1346\">\n<p data-start=\"1300\" data-end=\"1346\">Fabriqu\u00e9e avec de la <strong data-start=\"1315\" data-end=\"1346\">cire v\u00e9g\u00e9tale 100 % naturelle<\/strong><\/p>\n<\/li>\n<li data-start=\"1347\" data-end=\"1379\">\n<p data-start=\"1349\" data-end=\"1379\"><strong data-start=\"1349\" data-end=\"1379\">Coul\u00e9e \u00e0 la main en Suisse<\/strong><\/p>\n<\/li>\n<li data-start=\"1380\" data-end=\"1441\">\n<p data-start=\"1382\" data-end=\"1441\"><strong data-start=\"1382\" data-end=\"1403\">M\u00e8che en bois<\/strong> pour une combustion propre et uniforme<\/p>\n<\/li>\n<li data-start=\"1442\" data-end=\"1476\">\n<p data-start=\"1444\" data-end=\"1476\">Plus de <strong data-start=\"1451\" data-end=\"1476\">50 heures de combustion<\/strong><\/p>\n<\/li>\n<li data-start=\"1477\" data-end=\"1538\">\n<p data-start=\"1479\" data-end=\"1538\">Fragrances haut de gamme, sans phtalates ni substances toxiques<\/p>\n<\/li>\n<li data-start=\"1539\" data-end=\"1578\">\n<p data-start=\"1541\" data-end=\"1578\"><strong data-start=\"1541\" data-end=\"1559\">Vegan friendly<\/strong> &amp; <strong data-start=\"1562\" data-end=\"1578\">cruelty free<\/strong><\/p>\n<\/li>\n<li data-start=\"1579\" data-end=\"1618\">\n<p data-start=\"1581\" data-end=\"1618\">Contenant \u00e9l\u00e9gant et r\u00e9utilisable<\/p>\n<\/li>\n<\/ul>\n","protected":false},"excerpt":{"rendered":"<p data-start=\"361\" data-end=\"528\">Bougie artisanale au parfum \u00e9pic\u00e9, doux et agrum\u00e9. Notes d&rsquo;ambre, d&rsquo;encens et d&rsquo;agrumes. En cire v\u00e9g\u00e9tale naturelle, m\u00e8che en bois, plus de 50 heures de combustion.  <\/p>\n","protected":false},"featured_media":156629,"template":"","meta":{"_seopress_robots_primary_cat":"","_seopress_titles_title":"Bougie Secret MADA Essence \u2013 Parfum \u00c9pic\u00e9 et Agrum\u00e9","_seopress_titles_desc":"Bougie Secret aux notes d'ambre, de vanille et d'agrumes. Cire v\u00e9g\u00e9tale 100 %, m\u00e8che en bois, plus de 50 h. Vegan, fabriqu\u00e9e \u00e0 la main en Suisse. D\u00e9tente parfum\u00e9e.   ","_seopress_robots_index":""},"product_brand":[9367],"product_cat":[4268,7125],"product_tag":[9425,9428,9427,4274,9389,9390,4629,9423,9392,5212,9391,9424,9422,9396,9426,9397],"class_list":{"0":"post-156628","1":"product","2":"type-product","3":"status-publish","4":"has-post-thumbnail","6":"product_brand-mada-essenza","7":"product_cat-bougies","8":"product_cat-bougies-fr","9":"product_tag-ambre","10":"product_tag-atmosphere-chaleureuse","11":"product_tag-bougie-de-luxe","12":"product_tag-bougie-parfumee","13":"product_tag-bougies-naturelles","14":"product_tag-cire-vegetale","15":"product_tag-decoration-interieure","16":"product_tag-encens","17":"product_tag-fabrique-en-suisse","18":"product_tag-idee-de-cadeau","19":"product_tag-mada-essenza","20":"product_tag-orange","21":"product_tag-parfum-epice","22":"product_tag-sans-cruaute","23":"product_tag-vanille","24":"product_tag-vegan","26":"first","27":"instock","28":"shipping-taxable","29":"purchasable","30":"product-type-simple"},"jetpack_sharing_enabled":true,"_links":{"self":[{"href":"https:\/\/lighthouselocarno.ch\/fr\/wp-json\/wp\/v2\/product\/156628","targetHints":{"allow":["GET"]}}],"collection":[{"href":"https:\/\/lighthouselocarno.ch\/fr\/wp-json\/wp\/v2\/product"}],"about":[{"href":"https:\/\/lighthouselocarno.ch\/fr\/wp-json\/wp\/v2\/types\/product"}],"wp:featuredmedia":[{"embeddable":true,"href":"https:\/\/lighthouselocarno.ch\/fr\/wp-json\/wp\/v2\/media\/156629"}],"wp:attachment":[{"href":"https:\/\/lighthouselocarno.ch\/fr\/wp-json\/wp\/v2\/media?parent=156628"}],"wp:term":[{"taxonomy":"product_brand","embeddable":true,"href":"https:\/\/lighthouselocarno.ch\/fr\/wp-json\/wp\/v2\/product_brand?post=156628"},{"taxonomy":"product_cat","embeddable":true,"href":"https:\/\/lighthouselocarno.ch\/fr\/wp-json\/wp\/v2\/product_cat?post=156628"},{"taxonomy":"product_tag","embeddable":true,"href":"https:\/\/lighthouselocarno.ch\/fr\/wp-json\/wp\/v2\/product_tag?post=156628"}],"curies":[{"name":"wp","href":"https:\/\/api.w.org\/{rel}","templated":true}]}}