{"id":156653,"date":"2025-12-16T13:53:47","date_gmt":"2025-12-16T13:53:47","guid":{"rendered":"https:\/\/lighthouselocarno.ch\/prodotto\/diffuseur-dambiance-pear-freesia-mada-essenza-250-ml-ou-500-ml\/"},"modified":"2025-12-16T13:53:47","modified_gmt":"2025-12-16T13:53:47","slug":"diffuseur-dambiance-pear-freesia-mada-essenza-250-ml-ou-500-ml","status":"publish","type":"product","link":"https:\/\/lighthouselocarno.ch\/fr\/produit\/diffuseur-dambiance-pear-freesia-mada-essenza-250-ml-ou-500-ml\/","title":{"rendered":"Diffuseur d&rsquo;Ambiance Pear &amp; Freesia \u2013 MADA Essenza | 250 ml ou 500 ml"},"content":{"rendered":"<p data-start=\"544\" data-end=\"694\">D\u00e9couvrez l&rsquo;\u00e9quilibre parfait entre <strong data-start=\"577\" data-end=\"619\">fra\u00eecheur, fleurs et douceur bois\u00e9e<\/strong> avec le diffuseur d&rsquo;ambiance <strong data-start=\"650\" data-end=\"668\">Pear &amp; Freesia<\/strong> de la ligne MADA Essenza.<\/p>\n<p data-start=\"696\" data-end=\"975\">R\u00e9alis\u00e9 avec des essences de haute qualit\u00e9 et exempt de substances nocives, ce diffuseur offre une exp\u00e9rience olfactive raffin\u00e9e et durable. Sa fragrance <strong data-start=\"853\" data-end=\"876\">graduelle et constante<\/strong> enveloppe l&rsquo;espace avec \u00e9l\u00e9gance, le rendant id\u00e9al pour la maison, le bureau ou les environnements professionnels. <\/p>\n<h3 data-start=\"977\" data-end=\"996\">\ud83c\udf3f Parfum<\/h3>\n<ul data-start=\"997\" data-end=\"1134\">\n<li data-start=\"997\" data-end=\"1044\">\n<p data-start=\"999\" data-end=\"1044\"><strong data-start=\"999\" data-end=\"1016\">Notes de t\u00eate<\/strong> : Poire, Citron, Bergamote<\/p>\n<\/li>\n<li data-start=\"1045\" data-end=\"1087\">\n<p data-start=\"1047\" data-end=\"1087\"><strong data-start=\"1047\" data-end=\"1064\">Notes de c\u0153ur<\/strong> : Freesia, Rose, Ambre<\/p>\n<\/li>\n<li data-start=\"1088\" data-end=\"1134\">\n<p data-start=\"1090\" data-end=\"1134\"><strong data-start=\"1090\" data-end=\"1107\">Notes de fond<\/strong> : Patchouli, Mousse, Bois<\/p>\n<\/li>\n<\/ul>\n<p data-start=\"1136\" data-end=\"1226\">Une essence <strong data-start=\"1147\" data-end=\"1178\">pure, florale et lumineuse<\/strong>, qui apporte caract\u00e8re et s\u00e9r\u00e9nit\u00e9 \u00e0 chaque environnement.<\/p>\n<hr data-start=\"1228\" data-end=\"1231\">\n<h3 data-start=\"1233\" data-end=\"1267\">\ud83d\udd6f\ufe0f Caract\u00e9ristiques principales<\/h3>\n<ul data-start=\"1268\" data-end=\"1663\">\n<li data-start=\"1268\" data-end=\"1308\">\n<p data-start=\"1270\" data-end=\"1308\"><strong data-start=\"1270\" data-end=\"1308\">Diffuseur d&rsquo;ambiance artisanal<\/strong><\/p>\n<\/li>\n<li data-start=\"1309\" data-end=\"1370\">\n<p data-start=\"1311\" data-end=\"1370\">Disponible en <strong data-start=\"1326\" data-end=\"1341\">deux formats<\/strong> : SMALL (250 ml) et BIG (500 ml)<\/p>\n<\/li>\n<li data-start=\"1371\" data-end=\"1415\">\n<p data-start=\"1373\" data-end=\"1415\">Fragrance haut de gamme <strong data-start=\"1397\" data-end=\"1415\">Pear &amp; Freesia<\/strong><\/p>\n<\/li>\n<li data-start=\"1416\" data-end=\"1482\">\n<p data-start=\"1418\" data-end=\"1482\"><strong data-start=\"1418\" data-end=\"1434\">Longue dur\u00e9e<\/strong> gr\u00e2ce \u00e0 l&rsquo;\u00e9vaporation naturelle avec b\u00e2tonnets<\/p>\n<\/li>\n<li data-start=\"1483\" data-end=\"1521\">\n<p data-start=\"1485\" data-end=\"1521\"><strong data-start=\"1485\" data-end=\"1521\">B\u00e2tonnets en fibre noire inclus<\/strong><\/p>\n<\/li>\n<li data-start=\"1522\" data-end=\"1577\">\n<p data-start=\"1524\" data-end=\"1577\">Design \u00e9l\u00e9gant, parfait aussi comme objet de d\u00e9coration<\/p>\n<\/li>\n<li data-start=\"1578\" data-end=\"1617\">\n<p data-start=\"1580\" data-end=\"1617\"><strong data-start=\"1580\" data-end=\"1598\">Vegan friendly<\/strong> &amp; <strong data-start=\"1601\" data-end=\"1617\">cruelty free<\/strong><\/p>\n<\/li>\n<li data-start=\"1618\" data-end=\"1663\">\n<p data-start=\"1620\" data-end=\"1663\">Sans phtalates, toxines ou agents canc\u00e9rog\u00e8nes<\/p>\n<\/li>\n<\/ul>\n<hr data-start=\"2455\" data-end=\"2458\">\n<h3 data-start=\"2460\" data-end=\"2485\">\ud83d\udcdd <strong data-start=\"2467\" data-end=\"2485\">Conseils d&rsquo;utilisation<\/strong><\/h3>\n<ul data-start=\"2486\" data-end=\"2669\">\n<li data-start=\"2486\" data-end=\"2554\">\n<p data-start=\"2488\" data-end=\"2554\">Retourner les b\u00e2tonnets chaque jour pour une diffusion constante<\/p>\n<\/li>\n<li data-start=\"2555\" data-end=\"2612\">\n<p data-start=\"2557\" data-end=\"2612\">Positionner loin des sources de chaleur ou de lumi\u00e8re directe<\/p>\n<\/li>\n<li data-start=\"2613\" data-end=\"2669\">\n<p data-start=\"2615\" data-end=\"2669\">Utiliser plus de b\u00e2tonnets pour une fragrance plus intense<\/p>\n<\/li>\n<\/ul>\n","protected":false},"excerpt":{"rendered":"<p data-start=\"348\" data-end=\"489\">Diffuseur parfum\u00e9 d&rsquo;ambiance aux notes fra\u00eeches de poire, freesia et mousse. Disponible en 250 ml et 500 ml. \u00c9l\u00e9gant, naturel et cruelty free.  <\/p>\n","protected":false},"featured_media":156654,"template":"","meta":{"_seopress_robots_primary_cat":"","_seopress_titles_title":"Diffuseur MADA Pear & Freesia \u2013 250 ml ou 500 ml Naturel","_seopress_titles_desc":"Diffuseur d'ambiance Pear & Freesia by MADA. Parfum floral et frais. Vegan, sans toxines. Disponible en formats 250 ml et 500 ml. Made in Switzerland.    ","_seopress_robots_index":""},"product_brand":[9367],"product_cat":[4268,9467],"product_tag":[9473,9479,9470,9469,9392,9468,9475,9391,9477,9472,9480,9471,9396,9397],"class_list":{"0":"post-156653","1":"product","2":"type-product","3":"status-publish","4":"has-post-thumbnail","6":"product_brand-mada-essenza","7":"product_cat-bougies","8":"product_cat-diffuseurs","9":"product_tag-batonnets","10":"product_tag-cadeau-elegant","11":"product_tag-diffuseur-ambiance","12":"product_tag-diffuseur-parfume","13":"product_tag-fabrique-en-suisse","14":"product_tag-home-fragrance","15":"product_tag-luxury-scent","16":"product_tag-mada-essenza","17":"product_tag-natural-home","18":"product_tag-parfum-floral","19":"product_tag-parfumeurs-naturels","20":"product_tag-pear-freesia","21":"product_tag-sans-cruaute","22":"product_tag-vegan","24":"first","25":"instock","26":"shipping-taxable","27":"purchasable","28":"product-type-variable"},"jetpack_sharing_enabled":true,"_links":{"self":[{"href":"https:\/\/lighthouselocarno.ch\/fr\/wp-json\/wp\/v2\/product\/156653","targetHints":{"allow":["GET"]}}],"collection":[{"href":"https:\/\/lighthouselocarno.ch\/fr\/wp-json\/wp\/v2\/product"}],"about":[{"href":"https:\/\/lighthouselocarno.ch\/fr\/wp-json\/wp\/v2\/types\/product"}],"wp:featuredmedia":[{"embeddable":true,"href":"https:\/\/lighthouselocarno.ch\/fr\/wp-json\/wp\/v2\/media\/156654"}],"wp:attachment":[{"href":"https:\/\/lighthouselocarno.ch\/fr\/wp-json\/wp\/v2\/media?parent=156653"}],"wp:term":[{"taxonomy":"product_brand","embeddable":true,"href":"https:\/\/lighthouselocarno.ch\/fr\/wp-json\/wp\/v2\/product_brand?post=156653"},{"taxonomy":"product_cat","embeddable":true,"href":"https:\/\/lighthouselocarno.ch\/fr\/wp-json\/wp\/v2\/product_cat?post=156653"},{"taxonomy":"product_tag","embeddable":true,"href":"https:\/\/lighthouselocarno.ch\/fr\/wp-json\/wp\/v2\/product_tag?post=156653"}],"curies":[{"name":"wp","href":"https:\/\/api.w.org\/{rel}","templated":true}]}}