{"id":156668,"date":"2025-12-16T13:56:36","date_gmt":"2025-12-16T13:56:36","guid":{"rendered":"https:\/\/lighthouselocarno.ch\/prodotto\/spray-dambiance-poire-freesia-mada-essenza-100ml\/"},"modified":"2025-12-16T15:09:20","modified_gmt":"2025-12-16T15:09:20","slug":"spray-dambiance-poire-freesia-mada-essenza-100ml","status":"publish","type":"product","link":"https:\/\/lighthouselocarno.ch\/fr\/produit\/spray-dambiance-poire-freesia-mada-essenza-100ml\/","title":{"rendered":"Spray d&rsquo;Ambiance Poire &amp; Freesia \u2013 MADA Essenza | 100ml"},"content":{"rendered":"<p data-start=\"545\" data-end=\"782\">Rafra\u00eechissez vos espaces avec le <strong data-start=\"578\" data-end=\"625\">spray parfum\u00e9 MADA Essenza Poire &amp; Freesia<\/strong>, un parfum floral et fruit\u00e9, enveloppant et lumineux. Id\u00e9al pour apporter une touche d&rsquo;\u00e9l\u00e9gance et de bien-\u00eatre \u00e0 la maison, au bureau ou dans tout espace personnel.<\/p>\n<p data-start=\"784\" data-end=\"982\">Fabriqu\u00e9 en Suisse avec des <strong data-start=\"811\" data-end=\"863\">ingr\u00e9dients naturels et des fragrances de haute qualit\u00e9<\/strong>, ce spray est con\u00e7u pour ceux qui recherchent une exp\u00e9rience olfactive raffin\u00e9e et s\u00fbre, sans compromis sur la durabilit\u00e9.<\/p>\n<h3 data-start=\"984\" data-end=\"1004\">\ud83c\udf3f Parfum :<\/h3>\n<ul data-start=\"1005\" data-end=\"1142\">\n<li data-start=\"1005\" data-end=\"1052\">\n<p data-start=\"1007\" data-end=\"1052\"><strong data-start=\"1007\" data-end=\"1024\">Notes de t\u00eate<\/strong> : Poire, Citron, Bergamote<\/p>\n<\/li>\n<li data-start=\"1053\" data-end=\"1095\">\n<p data-start=\"1055\" data-end=\"1095\"><strong data-start=\"1055\" data-end=\"1072\">Notes de c\u0153ur<\/strong> : Freesia, Rose, Ambre<\/p>\n<\/li>\n<li data-start=\"1096\" data-end=\"1142\">\n<p data-start=\"1098\" data-end=\"1142\"><strong data-start=\"1098\" data-end=\"1115\">Notes de fond<\/strong> : Patchouli, Mousse, Bois<\/p>\n<\/li>\n<\/ul>\n<p data-start=\"1144\" data-end=\"1266\">Une combinaison \u00e9l\u00e9gante et rafra\u00eechissante qui transforme l&rsquo;atmosph\u00e8re de chaque pi\u00e8ce en un moment de bien-\u00eatre quotidien.<\/p>\n<hr data-start=\"1268\" data-end=\"1271\">\n<h3 data-start=\"1273\" data-end=\"1308\">\ud83d\udd6f\ufe0f Caract\u00e9ristiques principales :<\/h3>\n<ul data-start=\"1309\" data-end=\"1641\">\n<li data-start=\"1309\" data-end=\"1369\">\n<p data-start=\"1311\" data-end=\"1369\">Spray d&rsquo;ambiance parfum\u00e9 \u00e0 la fragrance Poire &amp; Freesia<\/p>\n<\/li>\n<li data-start=\"1370\" data-end=\"1416\">\n<p data-start=\"1372\" data-end=\"1416\"><strong data-start=\"1372\" data-end=\"1392\">Format de 100ml<\/strong> avec vaporisateur spray<\/p>\n<\/li>\n<li data-start=\"1417\" data-end=\"1470\">\n<p data-start=\"1419\" data-end=\"1470\">Parfum floral-fruit\u00e9 frais et persistant<\/p>\n<\/li>\n<li data-start=\"1471\" data-end=\"1527\">\n<p data-start=\"1473\" data-end=\"1527\"><strong data-start=\"1473\" data-end=\"1527\">Id\u00e9al pour toutes les pi\u00e8ces de la maison ou du bureau<\/strong><\/p>\n<\/li>\n<li data-start=\"1528\" data-end=\"1579\">\n<p data-start=\"1530\" data-end=\"1579\">Formule naturelle, sans toxines ni substances nocives<\/p>\n<\/li>\n<li data-start=\"1580\" data-end=\"1619\">\n<p data-start=\"1582\" data-end=\"1619\"><strong data-start=\"1582\" data-end=\"1600\">Vegan friendly<\/strong> &amp; <strong data-start=\"1603\" data-end=\"1619\">cruelty free<\/strong><\/p>\n<\/li>\n<li data-start=\"1620\" data-end=\"1641\">\n<p data-start=\"1622\" data-end=\"1641\">Fabriqu\u00e9 en Suisse<\/p>\n<\/li>\n<\/ul>\n<hr data-start=\"1643\" data-end=\"1646\">\n<h3 data-start=\"1648\" data-end=\"1673\">\ud83d\udcdd <strong data-start=\"1655\" data-end=\"1673\">Mode d&#8217;emploi<\/strong><\/h3>\n<p data-start=\"1674\" data-end=\"1867\">Vaporiser dans l&rsquo;espace souhait\u00e9 en \u00e9vitant les tissus et les surfaces d\u00e9licates. Id\u00e9al pour rafra\u00eechir les pi\u00e8ces avant l&rsquo;arriv\u00e9e d&rsquo;invit\u00e9s ou pour commencer la journ\u00e9e avec une note de fra\u00eecheur. <\/p>\n","protected":false},"excerpt":{"rendered":"<p data-start=\"340\" data-end=\"490\">Parfum enveloppant et floral \u00e0 la poire et freesia. Spray d&rsquo;ambiance 100ml, vegan, naturel et non test\u00e9 sur les animaux. \u00c9l\u00e9gance et fra\u00eecheur pour chaque espace.  <\/p>\n","protected":false},"featured_media":156669,"template":"","meta":{"_seopress_robots_primary_cat":"","_seopress_titles_title":"Spray d'Ambiance MADA Poire & Freesia \u2013 Naturel 100ml","_seopress_titles_desc":"Spray MADA Essenza Poire & Freesia : parfum floral et frais pour int\u00e9rieur. Vegan, naturel et sans toxines. Format 100ml. Fabriqu\u00e9 en Suisse.   ","_seopress_robots_index":""},"product_brand":[9367],"product_cat":[4268,9502],"product_tag":[9479,9392,9468,9391,9472,9504,9471,9396,9503,9505,9397],"class_list":{"0":"post-156668","1":"product","2":"type-product","3":"status-publish","4":"has-post-thumbnail","6":"product_brand-mada-essenza","7":"product_cat-bougies","8":"product_cat-spray","9":"product_tag-cadeau-elegant","10":"product_tag-fabrique-en-suisse","11":"product_tag-home-fragrance","12":"product_tag-mada-essenza","13":"product_tag-parfum-floral","14":"product_tag-parfum-maison","15":"product_tag-pear-freesia","16":"product_tag-sans-cruaute","17":"product_tag-spray-dambiance","18":"product_tag-spray-naturel","19":"product_tag-vegan","21":"first","22":"instock","23":"shipping-taxable","24":"purchasable","25":"product-type-simple"},"jetpack_sharing_enabled":true,"_links":{"self":[{"href":"https:\/\/lighthouselocarno.ch\/fr\/wp-json\/wp\/v2\/product\/156668","targetHints":{"allow":["GET"]}}],"collection":[{"href":"https:\/\/lighthouselocarno.ch\/fr\/wp-json\/wp\/v2\/product"}],"about":[{"href":"https:\/\/lighthouselocarno.ch\/fr\/wp-json\/wp\/v2\/types\/product"}],"wp:featuredmedia":[{"embeddable":true,"href":"https:\/\/lighthouselocarno.ch\/fr\/wp-json\/wp\/v2\/media\/156669"}],"wp:attachment":[{"href":"https:\/\/lighthouselocarno.ch\/fr\/wp-json\/wp\/v2\/media?parent=156668"}],"wp:term":[{"taxonomy":"product_brand","embeddable":true,"href":"https:\/\/lighthouselocarno.ch\/fr\/wp-json\/wp\/v2\/product_brand?post=156668"},{"taxonomy":"product_cat","embeddable":true,"href":"https:\/\/lighthouselocarno.ch\/fr\/wp-json\/wp\/v2\/product_cat?post=156668"},{"taxonomy":"product_tag","embeddable":true,"href":"https:\/\/lighthouselocarno.ch\/fr\/wp-json\/wp\/v2\/product_tag?post=156668"}],"curies":[{"name":"wp","href":"https:\/\/api.w.org\/{rel}","templated":true}]}}